{"id":1374,"date":"2024-06-11T13:50:33","date_gmt":"2024-06-11T11:50:33","guid":{"rendered":"https:\/\/wp.swud.org\/?page_id=1374"},"modified":"2025-02-20T10:20:28","modified_gmt":"2025-02-20T09:20:28","slug":"profil-von-prof-dr-gabriele-abels","status":"publish","type":"page","link":"https:\/\/www.swud.org\/en\/swud\/wer-bewegt-die-swud\/beirat\/profil-von-prof-dr-gabriele-abels\/","title":{"rendered":"Profile of Prof Dr Gabriele Abels"},"content":{"rendered":"<div data-elementor-type=\"wp-page\" data-elementor-id=\"1374\" class=\"elementor elementor-1374\" data-elementor-post-type=\"page\">\n\t\t\t\t\t\t<section class=\"ob-is-breaking-bad elementor-section elementor-top-section elementor-element elementor-element-8ef5c11 elementor-section-boxed elementor-section-height-default elementor-section-height-default\" data-id=\"8ef5c11\" data-element_type=\"section\" data-e-type=\"section\" data-settings=\"{&quot;background_background&quot;:&quot;classic&quot;,&quot;_ob_bbad_use_it&quot;:&quot;yes&quot;,&quot;_ob_bbad_sssic_use&quot;:&quot;no&quot;}\">\n\t\t\t\t\t\t<div class=\"elementor-container elementor-column-gap-wider\">\n\t\t\t\t\t<div class=\"elementor-column elementor-col-50 elementor-top-column elementor-element elementor-element-b9509d3\" data-id=\"b9509d3\" data-element_type=\"column\" data-e-type=\"column\" data-settings=\"{&quot;_ob_bbad_is_stalker&quot;:&quot;no&quot;}\">\n\t\t\t<div class=\"elementor-widget-wrap elementor-element-populated\">\n\t\t\t\t\t\t<div class=\"elementor-element elementor-element-07a3666 elementor-invisible elementor-widget elementor-widget-heading\" data-id=\"07a3666\" data-element_type=\"widget\" data-e-type=\"widget\" data-settings=\"{&quot;_animation&quot;:&quot;fadeInDown&quot;,&quot;_ob_widget_stalker_use&quot;:&quot;no&quot;}\" data-widget_type=\"heading.default\">\n\t\t\t\t<div class=\"elementor-widget-container\">\n\t\t\t\t\t<div class=\"elementor-heading-title elementor-size-default\">Foundation Science and Democracy<\/div>\t\t\t\t<\/div>\n\t\t\t\t<\/div>\n\t\t\t\t<div class=\"elementor-element elementor-element-c20d82f elementor-invisible elementor-widget elementor-widget-heading\" data-id=\"c20d82f\" data-element_type=\"widget\" data-e-type=\"widget\" data-settings=\"{&quot;_animation&quot;:&quot;fadeInDown&quot;,&quot;_ob_widget_stalker_use&quot;:&quot;no&quot;}\" data-widget_type=\"heading.default\">\n\t\t\t\t<div class=\"elementor-widget-container\">\n\t\t\t\t\t<h2 class=\"elementor-heading-title elementor-size-default\">Prof Dr Gabriele Abels<\/h2>\t\t\t\t<\/div>\n\t\t\t\t<\/div>\n\t\t\t\t<div class=\"elementor-element elementor-element-a6642ec elementor-widget elementor-widget-text-editor\" data-id=\"a6642ec\" data-element_type=\"widget\" data-e-type=\"widget\" data-settings=\"{&quot;_ob_widget_stalker_use&quot;:&quot;no&quot;}\" data-widget_type=\"text-editor.default\">\n\t\t\t\t<div class=\"elementor-widget-container\">\n\t\t\t\t\t\t\t\t\t<p>Prof. Dr Gabriele Abels has been Professor of Comparative Politics and European Integration at the Institute of Political Science at the University of Freiburg since 2007.\u00a0<em>Eberhard Karls University of T\u00fcbingen<\/em>. Since 2011 she has held the\u00a0<em>Jean Monnet Chair<\/em>\u00a0ad personam. From 2012-2015, she was Chairwoman of the\u00a0<em>German Political Science Association<\/em>\u00a0(DVPW) and has been spokesperson for the\u00a0<em>European Centre for Research on Federalism<\/em>\u00a0(EZFF). She has also been an honorary judge at the Constitutional Court of the state of Baden-W\u00fcrttemberg since 2021.<br \/>She is a member of numerous advisory boards and was co-editor of the journal \"Femina Politica\" from 1997 to 2021; she is also a member of the jury for the German Bundestag Science Prize.<\/p><p>Her thematic focuses are\u00a0<em>Democratisation of the European Union<\/em>which\u00a0<em>Role of regions and parliaments in the multi-level system<\/em>,\u00a0<em>Theories of European integration<\/em>\u00a0and\u00a0<em>Gender studies<\/em>.<\/p>\t\t\t\t\t\t\t\t<\/div>\n\t\t\t\t<\/div>\n\t\t\t\t<div class=\"elementor-element elementor-element-ce6b5d5 elementor-widget-divider--view-line elementor-widget elementor-widget-divider\" data-id=\"ce6b5d5\" data-element_type=\"widget\" data-e-type=\"widget\" data-settings=\"{&quot;_ob_widget_stalker_use&quot;:&quot;no&quot;}\" data-widget_type=\"divider.default\">\n\t\t\t\t<div class=\"elementor-widget-container\">\n\t\t\t\t\t\t\t<div class=\"elementor-divider\">\n\t\t\t<span class=\"elementor-divider-separator\">\n\t\t\t\t\t\t<\/span>\n\t\t<\/div>\n\t\t\t\t\t\t<\/div>\n\t\t\t\t<\/div>\n\t\t\t\t<div class=\"elementor-element elementor-element-7cee6e2 elementor-align-start elementor-hidden-desktop elementor-hidden-tablet elementor-hidden-mobile elementor-icon-list--layout-traditional elementor-list-item-link-full_width elementor-widget elementor-widget-icon-list\" data-id=\"7cee6e2\" data-element_type=\"widget\" data-e-type=\"widget\" data-settings=\"{&quot;_ob_widget_stalker_use&quot;:&quot;no&quot;}\" data-widget_type=\"icon-list.default\">\n\t\t\t\t<div class=\"elementor-widget-container\">\n\t\t\t\t\t\t\t<ul class=\"elementor-icon-list-items\">\n\t\t\t\t\t\t\t<li class=\"elementor-icon-list-item\">\n\t\t\t\t\t\t\t\t\t\t\t<a href=\"https:\/\/www.swud.org\/en\/swud\/wer-bewegt-die-swd\/beirat\/profil-von-prof-dr-gabriele-abels\/veroeffentlichungen-von-prof-dr-gabriele-abels\/\">\n\n\t\t\t\t\t\t\t\t\t\t\t\t<span class=\"elementor-icon-list-icon\">\n\t\t\t\t\t\t\t<i aria-hidden=\"true\" class=\"far fa-arrow-alt-circle-right\"><\/i>\t\t\t\t\t\t<\/span>\n\t\t\t\t\t\t\t\t\t\t<span class=\"elementor-icon-list-text\">Publications<\/span>\n\t\t\t\t\t\t\t\t\t\t\t<\/a>\n\t\t\t\t\t\t\t\t\t<\/li>\n\t\t\t\t\t\t<\/ul>\n\t\t\t\t\t\t<\/div>\n\t\t\t\t<\/div>\n\t\t\t\t<div class=\"elementor-element elementor-element-35be850 elementor-align-start elementor-icon-list--layout-traditional elementor-list-item-link-full_width elementor-widget elementor-widget-icon-list\" data-id=\"35be850\" data-element_type=\"widget\" data-e-type=\"widget\" data-settings=\"{&quot;_ob_widget_stalker_use&quot;:&quot;no&quot;}\" data-widget_type=\"icon-list.default\">\n\t\t\t\t<div class=\"elementor-widget-container\">\n\t\t\t\t\t\t\t<ul class=\"elementor-icon-list-items\">\n\t\t\t\t\t\t\t<li class=\"elementor-icon-list-item\">\n\t\t\t\t\t\t\t\t\t\t\t<a href=\"https:\/\/uni-tuebingen.de\/fakultaeten\/wirtschafts-und-sozialwissenschaftliche-fakultaet\/faecher\/fachbereich-sozialwissenschaften\/politikwissenschaft\/institut\/lehrende\/comparative-politics-and-european-integration-professor-abels\/team\/prof-dr-gabriele-abels\/\" target=\"_blank\">\n\n\t\t\t\t\t\t\t\t\t\t\t\t<span class=\"elementor-icon-list-icon\">\n\t\t\t\t\t\t\t<i aria-hidden=\"true\" class=\"far fa-arrow-alt-circle-right\"><\/i>\t\t\t\t\t\t<\/span>\n\t\t\t\t\t\t\t\t\t\t<span class=\"elementor-icon-list-text\">Further information<\/span>\n\t\t\t\t\t\t\t\t\t\t\t<\/a>\n\t\t\t\t\t\t\t\t\t<\/li>\n\t\t\t\t\t\t<\/ul>\n\t\t\t\t\t\t<\/div>\n\t\t\t\t<\/div>\n\t\t\t\t\t<\/div>\n\t\t<\/div>\n\t\t\t\t<div class=\"elementor-column elementor-col-50 elementor-top-column elementor-element elementor-element-df7e792\" data-id=\"df7e792\" data-element_type=\"column\" data-e-type=\"column\" data-settings=\"{&quot;_ob_bbad_is_stalker&quot;:&quot;no&quot;}\">\n\t\t\t<div class=\"elementor-widget-wrap elementor-element-populated\">\n\t\t\t\t\t\t<div class=\"elementor-element elementor-element-b48042b elementor-widget elementor-widget-image\" data-id=\"b48042b\" data-element_type=\"widget\" data-e-type=\"widget\" data-settings=\"{&quot;_ob_widget_stalker_use&quot;:&quot;no&quot;}\" data-widget_type=\"image.default\">\n\t\t\t\t<div class=\"elementor-widget-container\">\n\t\t\t\t\t\t\t\t\t\t\t\t\t\t\t<img loading=\"lazy\" decoding=\"async\" width=\"450\" height=\"450\" src=\"https:\/\/www.swud.org\/wp-content\/uploads\/2025\/01\/Abels.jpg\" class=\"attachment-medium_large size-medium_large wp-image-5814\" alt=\"\" srcset=\"https:\/\/www.swud.org\/wp-content\/uploads\/2025\/01\/Abels.jpg 450w, https:\/\/www.swud.org\/wp-content\/uploads\/2025\/01\/Abels-150x150.jpg 150w, https:\/\/www.swud.org\/wp-content\/uploads\/2025\/01\/Abels-300x300.jpg 300w, https:\/\/www.swud.org\/wp-content\/uploads\/2025\/01\/Abels-12x12.jpg 12w\" sizes=\"auto, (max-width: 450px) 100vw, 450px\" \/>\t\t\t\t\t\t\t\t\t\t\t\t\t\t\t<\/div>\n\t\t\t\t<\/div>\n\t\t\t\t<div class=\"elementor-element elementor-element-cf9c82e elementor-widget elementor-widget-text-editor\" data-id=\"cf9c82e\" data-element_type=\"widget\" data-e-type=\"widget\" data-settings=\"{&quot;_ob_widget_stalker_use&quot;:&quot;no&quot;}\" data-widget_type=\"text-editor.default\">\n\t\t\t\t<div class=\"elementor-widget-container\">\n\t\t\t\t\t\t\t\t\t<p>Photo: private<\/p>\t\t\t\t\t\t\t\t<\/div>\n\t\t\t\t<\/div>\n\t\t\t\t\t<\/div>\n\t\t<\/div>\n\t\t\t\t\t<\/div>\n\t\t<\/section>\n\t\t\t\t<\/div>","protected":false},"excerpt":{"rendered":"<p>Stiftung Wissenschaft und Demokratie Prof. Dr Gabriele Abels Prof. Dr Gabriele Abels has been Professor of Comparative Politics and European Integration at the Institute of Political Science at the Eberhard Karls University of T\u00fcbingen since 2007. She has held the Jean Monnet Chair ad personam since 2011. She was Chair of the German Political Science Association (DVPW) from 2012-2015 and has been spokesperson for the European Centre [...] since 2019.<\/p>","protected":false},"author":1,"featured_media":0,"parent":701,"menu_order":0,"comment_status":"closed","ping_status":"closed","template":"","meta":{"_acf_changed":false,"footnotes":""},"class_list":["post-1374","page","type-page","status-publish","hentry"],"acf":[],"featured_image_src":null,"yoast_head":"<!-- This site is optimized with the Yoast SEO plugin v26.9 - https:\/\/yoast.com\/product\/yoast-seo-wordpress\/ -->\n<title>Profil von Prof. Dr. Gabriele Abels - Stiftung Wissenschaft und Demokratie<\/title>\n<meta name=\"robots\" content=\"index, follow, max-snippet:-1, max-image-preview:large, max-video-preview:-1\" \/>\n<link rel=\"canonical\" href=\"https:\/\/www.swud.org\/en\/swud\/wer-bewegt-die-swud\/beirat\/profil-von-prof-dr-gabriele-abels\/\" \/>\n<meta property=\"og:locale\" content=\"en_GB\" \/>\n<meta property=\"og:type\" content=\"article\" \/>\n<meta property=\"og:title\" content=\"Profil von Prof. Dr. Gabriele Abels - Stiftung Wissenschaft und Demokratie\" \/>\n<meta property=\"og:description\" content=\"Stiftung Wissenschaft und Demokratie Prof. Dr. Gabriele Abels Prof. Dr. Gabriele Abels ist seit 2007 Professorin f\u00fcr Vergleichende Politikwissenschaft und Europ\u00e4ische Integration am Institut f\u00fcr Politikwissenschaft der\u00a0Eberhard Karls Universit\u00e4t T\u00fcbingen. Seit 2011 hat sie den\u00a0Jean Monnet Chair\u00a0ad personam inne. Sie war von 2012-2015 Vorsitzende der\u00a0Deutschen Vereinigung f\u00fcr Politikwissenschaft\u00a0(DVPW) und ist seit 2019 Sprecherin des\u00a0Europ\u00e4ischen Zentrums [&hellip;]\" \/>\n<meta property=\"og:url\" content=\"https:\/\/www.swud.org\/en\/swud\/wer-bewegt-die-swud\/beirat\/profil-von-prof-dr-gabriele-abels\/\" \/>\n<meta property=\"og:site_name\" content=\"Stiftung Wissenschaft und Demokratie\" \/>\n<meta property=\"article:modified_time\" content=\"2025-02-20T09:20:28+00:00\" \/>\n<meta property=\"og:image\" content=\"https:\/\/www.swud.org\/wp-content\/uploads\/2025\/01\/Abels.jpg\" \/>\n<meta name=\"twitter:card\" content=\"summary_large_image\" \/>\n<meta name=\"twitter:label1\" content=\"Est. reading time\" \/>\n\t<meta name=\"twitter:data1\" content=\"1 minute\" \/>\n<script type=\"application\/ld+json\" class=\"yoast-schema-graph\">{\"@context\":\"https:\/\/schema.org\",\"@graph\":[{\"@type\":\"WebPage\",\"@id\":\"https:\/\/www.swud.org\/swud\/wer-bewegt-die-swud\/beirat\/profil-von-prof-dr-gabriele-abels\/\",\"url\":\"https:\/\/www.swud.org\/swud\/wer-bewegt-die-swud\/beirat\/profil-von-prof-dr-gabriele-abels\/\",\"name\":\"Profil von Prof. Dr. Gabriele Abels - Stiftung Wissenschaft und Demokratie\",\"isPartOf\":{\"@id\":\"https:\/\/www.swud.org\/#website\"},\"primaryImageOfPage\":{\"@id\":\"https:\/\/www.swud.org\/swud\/wer-bewegt-die-swud\/beirat\/profil-von-prof-dr-gabriele-abels\/#primaryimage\"},\"image\":{\"@id\":\"https:\/\/www.swud.org\/swud\/wer-bewegt-die-swud\/beirat\/profil-von-prof-dr-gabriele-abels\/#primaryimage\"},\"thumbnailUrl\":\"https:\/\/www.swud.org\/wp-content\/uploads\/2025\/01\/Abels.jpg\",\"datePublished\":\"2024-06-11T11:50:33+00:00\",\"dateModified\":\"2025-02-20T09:20:28+00:00\",\"breadcrumb\":{\"@id\":\"https:\/\/www.swud.org\/swud\/wer-bewegt-die-swud\/beirat\/profil-von-prof-dr-gabriele-abels\/#breadcrumb\"},\"inLanguage\":\"en-GB\",\"potentialAction\":[{\"@type\":\"ReadAction\",\"target\":[\"https:\/\/www.swud.org\/swud\/wer-bewegt-die-swud\/beirat\/profil-von-prof-dr-gabriele-abels\/\"]}]},{\"@type\":\"ImageObject\",\"inLanguage\":\"en-GB\",\"@id\":\"https:\/\/www.swud.org\/swud\/wer-bewegt-die-swud\/beirat\/profil-von-prof-dr-gabriele-abels\/#primaryimage\",\"url\":\"https:\/\/www.swud.org\/wp-content\/uploads\/2025\/01\/Abels.jpg\",\"contentUrl\":\"https:\/\/www.swud.org\/wp-content\/uploads\/2025\/01\/Abels.jpg\"},{\"@type\":\"BreadcrumbList\",\"@id\":\"https:\/\/www.swud.org\/swud\/wer-bewegt-die-swud\/beirat\/profil-von-prof-dr-gabriele-abels\/#breadcrumb\",\"itemListElement\":[{\"@type\":\"ListItem\",\"position\":1,\"name\":\"Startseite\",\"item\":\"https:\/\/www.swud.org\/\"},{\"@type\":\"ListItem\",\"position\":2,\"name\":\"SW&amp;D\",\"item\":\"https:\/\/www.swud.org\/swud\/\"},{\"@type\":\"ListItem\",\"position\":3,\"name\":\"Wer bewegt die SW&amp;D\",\"item\":\"https:\/\/www.swud.org\/swud\/wer-bewegt-die-swud\/\"},{\"@type\":\"ListItem\",\"position\":4,\"name\":\"Beirat\",\"item\":\"https:\/\/www.swud.org\/swud\/wer-bewegt-die-swud\/beirat\/\"},{\"@type\":\"ListItem\",\"position\":5,\"name\":\"Profil von Prof. Dr. Gabriele Abels\"}]},{\"@type\":\"WebSite\",\"@id\":\"https:\/\/www.swud.org\/#website\",\"url\":\"https:\/\/www.swud.org\/\",\"name\":\"Stiftung Wissenschaft und Demokratie\",\"description\":\"\",\"potentialAction\":[{\"@type\":\"SearchAction\",\"target\":{\"@type\":\"EntryPoint\",\"urlTemplate\":\"https:\/\/www.swud.org\/?s={search_term_string}\"},\"query-input\":{\"@type\":\"PropertyValueSpecification\",\"valueRequired\":true,\"valueName\":\"search_term_string\"}}],\"inLanguage\":\"en-GB\"}]}<\/script>\n<!-- \/ Yoast SEO plugin. -->","yoast_head_json":{"title":"Profile of Prof Dr Gabriele Abels - Foundation for Science and Democracy","robots":{"index":"index","follow":"follow","max-snippet":"max-snippet:-1","max-image-preview":"max-image-preview:large","max-video-preview":"max-video-preview:-1"},"canonical":"https:\/\/www.swud.org\/en\/swud\/wer-bewegt-die-swud\/beirat\/profil-von-prof-dr-gabriele-abels\/","og_locale":"en_GB","og_type":"article","og_title":"Profil von Prof. Dr. Gabriele Abels - Stiftung Wissenschaft und Demokratie","og_description":"Stiftung Wissenschaft und Demokratie Prof. Dr. Gabriele Abels Prof. Dr. Gabriele Abels ist seit 2007 Professorin f\u00fcr Vergleichende Politikwissenschaft und Europ\u00e4ische Integration am Institut f\u00fcr Politikwissenschaft der\u00a0Eberhard Karls Universit\u00e4t T\u00fcbingen. Seit 2011 hat sie den\u00a0Jean Monnet Chair\u00a0ad personam inne. Sie war von 2012-2015 Vorsitzende der\u00a0Deutschen Vereinigung f\u00fcr Politikwissenschaft\u00a0(DVPW) und ist seit 2019 Sprecherin des\u00a0Europ\u00e4ischen Zentrums [&hellip;]","og_url":"https:\/\/www.swud.org\/en\/swud\/wer-bewegt-die-swud\/beirat\/profil-von-prof-dr-gabriele-abels\/","og_site_name":"Stiftung Wissenschaft und Demokratie","article_modified_time":"2025-02-20T09:20:28+00:00","og_image":[{"url":"https:\/\/www.swud.org\/wp-content\/uploads\/2025\/01\/Abels.jpg","type":"","width":"","height":""}],"twitter_card":"summary_large_image","twitter_misc":{"Est. reading time":"1 minute"},"schema":{"@context":"https:\/\/schema.org","@graph":[{"@type":"WebPage","@id":"https:\/\/www.swud.org\/swud\/wer-bewegt-die-swud\/beirat\/profil-von-prof-dr-gabriele-abels\/","url":"https:\/\/www.swud.org\/swud\/wer-bewegt-die-swud\/beirat\/profil-von-prof-dr-gabriele-abels\/","name":"Profile of Prof Dr Gabriele Abels - Foundation for Science and Democracy","isPartOf":{"@id":"https:\/\/www.swud.org\/#website"},"primaryImageOfPage":{"@id":"https:\/\/www.swud.org\/swud\/wer-bewegt-die-swud\/beirat\/profil-von-prof-dr-gabriele-abels\/#primaryimage"},"image":{"@id":"https:\/\/www.swud.org\/swud\/wer-bewegt-die-swud\/beirat\/profil-von-prof-dr-gabriele-abels\/#primaryimage"},"thumbnailUrl":"https:\/\/www.swud.org\/wp-content\/uploads\/2025\/01\/Abels.jpg","datePublished":"2024-06-11T11:50:33+00:00","dateModified":"2025-02-20T09:20:28+00:00","breadcrumb":{"@id":"https:\/\/www.swud.org\/swud\/wer-bewegt-die-swud\/beirat\/profil-von-prof-dr-gabriele-abels\/#breadcrumb"},"inLanguage":"en-GB","potentialAction":[{"@type":"ReadAction","target":["https:\/\/www.swud.org\/swud\/wer-bewegt-die-swud\/beirat\/profil-von-prof-dr-gabriele-abels\/"]}]},{"@type":"ImageObject","inLanguage":"en-GB","@id":"https:\/\/www.swud.org\/swud\/wer-bewegt-die-swud\/beirat\/profil-von-prof-dr-gabriele-abels\/#primaryimage","url":"https:\/\/www.swud.org\/wp-content\/uploads\/2025\/01\/Abels.jpg","contentUrl":"https:\/\/www.swud.org\/wp-content\/uploads\/2025\/01\/Abels.jpg"},{"@type":"BreadcrumbList","@id":"https:\/\/www.swud.org\/swud\/wer-bewegt-die-swud\/beirat\/profil-von-prof-dr-gabriele-abels\/#breadcrumb","itemListElement":[{"@type":"ListItem","position":1,"name":"Startseite","item":"https:\/\/www.swud.org\/"},{"@type":"ListItem","position":2,"name":"SW&amp;D","item":"https:\/\/www.swud.org\/swud\/"},{"@type":"ListItem","position":3,"name":"Wer bewegt die SW&amp;D","item":"https:\/\/www.swud.org\/swud\/wer-bewegt-die-swud\/"},{"@type":"ListItem","position":4,"name":"Beirat","item":"https:\/\/www.swud.org\/swud\/wer-bewegt-die-swud\/beirat\/"},{"@type":"ListItem","position":5,"name":"Profil von Prof. Dr. Gabriele Abels"}]},{"@type":"WebSite","@id":"https:\/\/www.swud.org\/#website","url":"https:\/\/www.swud.org\/","name":"Foundation Science and Democracy","description":"","potentialAction":[{"@type":"SearchAction","target":{"@type":"EntryPoint","urlTemplate":"https:\/\/www.swud.org\/?s={search_term_string}"},"query-input":{"@type":"PropertyValueSpecification","valueRequired":true,"valueName":"search_term_string"}}],"inLanguage":"en-GB"}]}},"_links":{"self":[{"href":"https:\/\/www.swud.org\/en\/wp-json\/wp\/v2\/pages\/1374","targetHints":{"allow":["GET"]}}],"collection":[{"href":"https:\/\/www.swud.org\/en\/wp-json\/wp\/v2\/pages"}],"about":[{"href":"https:\/\/www.swud.org\/en\/wp-json\/wp\/v2\/types\/page"}],"author":[{"embeddable":true,"href":"https:\/\/www.swud.org\/en\/wp-json\/wp\/v2\/users\/1"}],"replies":[{"embeddable":true,"href":"https:\/\/www.swud.org\/en\/wp-json\/wp\/v2\/comments?post=1374"}],"version-history":[{"count":19,"href":"https:\/\/www.swud.org\/en\/wp-json\/wp\/v2\/pages\/1374\/revisions"}],"predecessor-version":[{"id":8984,"href":"https:\/\/www.swud.org\/en\/wp-json\/wp\/v2\/pages\/1374\/revisions\/8984"}],"up":[{"embeddable":true,"href":"https:\/\/www.swud.org\/en\/wp-json\/wp\/v2\/pages\/701"}],"wp:attachment":[{"href":"https:\/\/www.swud.org\/en\/wp-json\/wp\/v2\/media?parent=1374"}],"curies":[{"name":"wp","href":"https:\/\/api.w.org\/{rel}","templated":true}]}}