{"id":1549,"date":"2024-06-25T15:38:21","date_gmt":"2024-06-25T13:38:21","guid":{"rendered":"https:\/\/wp.swud.org\/?page_id=1549"},"modified":"2025-02-20T13:23:40","modified_gmt":"2025-02-20T12:23:40","slug":"zwischenruf-podcast-sonderfolge","status":"publish","type":"page","link":"https:\/\/www.swud.org\/en\/swud\/was-bewegt-die-swud\/zwischenruf-podcast-sonderfolge\/","title":{"rendered":"Zwischenruf podcast special episode"},"content":{"rendered":"<div data-elementor-type=\"wp-page\" data-elementor-id=\"1549\" class=\"elementor elementor-1549\" data-elementor-post-type=\"page\">\n\t\t\t\t\t\t<section class=\"ob-is-breaking-bad elementor-section elementor-top-section elementor-element elementor-element-958ce98 elementor-section-height-min-height elementor-section-boxed elementor-section-height-default elementor-section-items-middle\" data-id=\"958ce98\" data-element_type=\"section\" data-e-type=\"section\" data-settings=\"{&quot;background_background&quot;:&quot;classic&quot;,&quot;_ob_bbad_use_it&quot;:&quot;yes&quot;,&quot;_ob_bbad_sssic_use&quot;:&quot;no&quot;}\">\n\t\t\t\t\t\t\t<div class=\"elementor-background-overlay\"><\/div>\n\t\t\t\t\t\t\t<div class=\"elementor-container elementor-column-gap-wider\">\n\t\t\t\t\t<div class=\"elementor-column elementor-col-100 elementor-top-column elementor-element elementor-element-5e8521d\" data-id=\"5e8521d\" data-element_type=\"column\" data-e-type=\"column\" data-settings=\"{&quot;_ob_bbad_is_stalker&quot;:&quot;no&quot;}\">\n\t\t\t<div class=\"elementor-widget-wrap elementor-element-populated\">\n\t\t\t\t\t\t<div class=\"elementor-element elementor-element-56db5e2 elementor-widget elementor-widget-heading\" data-id=\"56db5e2\" data-element_type=\"widget\" data-e-type=\"widget\" data-settings=\"{&quot;_ob_widget_stalker_use&quot;:&quot;no&quot;}\" data-widget_type=\"heading.default\">\n\t\t\t\t<div class=\"elementor-widget-container\">\n\t\t\t\t\t<h2 class=\"elementor-heading-title elementor-size-default\">SPECIAL EPISODE IPARL PODCAST<\/h2>\t\t\t\t<\/div>\n\t\t\t\t<\/div>\n\t\t\t\t\t<\/div>\n\t\t<\/div>\n\t\t\t\t\t<\/div>\n\t\t<\/section>\n\t\t\t\t<section class=\"ob-is-breaking-bad elementor-section elementor-top-section elementor-element elementor-element-5e9a01d elementor-reverse-tablet elementor-reverse-mobile elementor-section-boxed elementor-section-height-default elementor-section-height-default\" data-id=\"5e9a01d\" data-element_type=\"section\" data-e-type=\"section\" data-settings=\"{&quot;background_background&quot;:&quot;classic&quot;,&quot;_ob_bbad_use_it&quot;:&quot;yes&quot;,&quot;_ob_bbad_sssic_use&quot;:&quot;no&quot;}\">\n\t\t\t\t\t\t<div class=\"elementor-container elementor-column-gap-wider\">\n\t\t\t\t\t<div class=\"elementor-column elementor-col-50 elementor-top-column elementor-element elementor-element-38b9114\" data-id=\"38b9114\" data-element_type=\"column\" data-e-type=\"column\" data-settings=\"{&quot;_ob_bbad_is_stalker&quot;:&quot;no&quot;}\">\n\t\t\t<div class=\"elementor-widget-wrap elementor-element-populated\">\n\t\t\t\t\t\t<div class=\"elementor-element elementor-element-a0b9e38 elementor-invisible elementor-widget elementor-widget-heading\" data-id=\"a0b9e38\" data-element_type=\"widget\" data-e-type=\"widget\" data-settings=\"{&quot;_animation&quot;:&quot;fadeInDown&quot;,&quot;_animation_delay&quot;:700,&quot;_ob_widget_stalker_use&quot;:&quot;no&quot;}\" data-widget_type=\"heading.default\">\n\t\t\t\t<div class=\"elementor-widget-container\">\n\t\t\t\t\t<h2 class=\"elementor-heading-title elementor-size-default\">Special episode IParl podcast <\/h2>\t\t\t\t<\/div>\n\t\t\t\t<\/div>\n\t\t\t\t<div class=\"elementor-element elementor-element-9fe6ea1 elementor-invisible elementor-widget elementor-widget-heading\" data-id=\"9fe6ea1\" data-element_type=\"widget\" data-e-type=\"widget\" data-settings=\"{&quot;_animation&quot;:&quot;fadeInDown&quot;,&quot;_animation_delay&quot;:700,&quot;_ob_widget_stalker_use&quot;:&quot;no&quot;}\" data-widget_type=\"heading.default\">\n\t\t\t\t<div class=\"elementor-widget-container\">\n\t\t\t\t\t<h2 class=\"elementor-heading-title elementor-size-default\">\"Zwischenruf\"<\/h2>\t\t\t\t<\/div>\n\t\t\t\t<\/div>\n\t\t\t\t<div class=\"elementor-element elementor-element-61eb0ff elementor-widget elementor-widget-text-editor\" data-id=\"61eb0ff\" data-element_type=\"widget\" data-e-type=\"widget\" data-settings=\"{&quot;_animation&quot;:&quot;none&quot;,&quot;_ob_widget_stalker_use&quot;:&quot;no&quot;}\" data-widget_type=\"text-editor.default\">\n\t\t\t\t<div class=\"elementor-widget-container\">\n\t\t\t\t\t\t\t\t\t<p class=\"04Textkrper\">Companions of the foundation and its founder were invited to the microphone to talk about Prof Dr Eberhard Sch\u00fctt-Wetschky, his decades of work in political science, his motives and his idiosyncrasies.<\/p><p><a href=\"https:\/\/zwischenruf.podigee.io\/17-eberhard-schuett-wetschky\" target=\"_blank\" rel=\"noopener\"><strong>\"Political science as a partner of democracy\" <br \/><\/strong><strong>Life and work of Prof Dr Eberhard Sch\u00fctt-Wetschky<\/strong><\/a><\/p>\t\t\t\t\t\t\t\t<\/div>\n\t\t\t\t<\/div>\n\t\t\t\t\t<\/div>\n\t\t<\/div>\n\t\t\t\t<div class=\"elementor-column elementor-col-50 elementor-top-column elementor-element elementor-element-2d1e6fd\" data-id=\"2d1e6fd\" data-element_type=\"column\" data-e-type=\"column\" data-settings=\"{&quot;_ob_bbad_is_stalker&quot;:&quot;no&quot;}\">\n\t\t\t<div class=\"elementor-widget-wrap elementor-element-populated\">\n\t\t\t\t\t\t<div class=\"elementor-element elementor-element-cce30f0 elementor-widget elementor-widget-image\" data-id=\"cce30f0\" data-element_type=\"widget\" data-e-type=\"widget\" data-settings=\"{&quot;_ob_widget_stalker_use&quot;:&quot;no&quot;}\" data-widget_type=\"image.default\">\n\t\t\t\t<div class=\"elementor-widget-container\">\n\t\t\t\t\t\t\t\t\t\t\t\t\t\t\t\t<a href=\"https:\/\/www.iparl.de\/de\/news\/podcast.html\" target=\"_blank\">\n\t\t\t\t\t\t\t<img decoding=\"async\" src=\"https:\/\/www.swud.org\/wp-content\/uploads\/elementor\/thumbs\/podcast-zwischenruf-logo-r2p23bu6mtv6evygv4hgimmpu19x6msecwl8v29fa8.png\" title=\"Podcast Zwischenruf Logo\" alt=\"Podcast Zwischenruf Logo\" loading=\"lazy\" \/>\t\t\t\t\t\t\t\t<\/a>\n\t\t\t\t\t\t\t\t\t\t\t\t\t\t\t<\/div>\n\t\t\t\t<\/div>\n\t\t\t\t<div class=\"elementor-element elementor-element-f947318 elementor-align-start elementor-icon-list--layout-inline elementor-list-item-link-full_width elementor-widget elementor-widget-icon-list\" data-id=\"f947318\" data-element_type=\"widget\" data-e-type=\"widget\" data-settings=\"{&quot;_ob_widget_stalker_use&quot;:&quot;no&quot;}\" data-widget_type=\"icon-list.default\">\n\t\t\t\t<div class=\"elementor-widget-container\">\n\t\t\t\t\t\t\t<ul class=\"elementor-icon-list-items elementor-inline-items\">\n\t\t\t\t\t\t\t<li class=\"elementor-icon-list-item elementor-inline-item\">\n\t\t\t\t\t\t\t\t\t\t\t<a href=\"https:\/\/zwischenruf.podigee.io\/17-eberhard-schuett-wetschky\" target=\"_blank\">\n\n\t\t\t\t\t\t\t\t\t\t\t\t<span class=\"elementor-icon-list-icon\">\n\t\t\t\t\t\t\t<i aria-hidden=\"true\" class=\"far fa-arrow-alt-circle-right\"><\/i>\t\t\t\t\t\t<\/span>\n\t\t\t\t\t\t\t\t\t\t<span class=\"elementor-icon-list-text\">Listen to special podcast episode<\/span>\n\t\t\t\t\t\t\t\t\t\t\t<\/a>\n\t\t\t\t\t\t\t\t\t<\/li>\n\t\t\t\t\t\t<\/ul>\n\t\t\t\t\t\t<\/div>\n\t\t\t\t<\/div>\n\t\t\t\t\t<\/div>\n\t\t<\/div>\n\t\t\t\t\t<\/div>\n\t\t<\/section>\n\t\t\t\t<section class=\"ob-is-breaking-bad elementor-section elementor-top-section elementor-element elementor-element-aea476f elementor-section-boxed elementor-section-height-default elementor-section-height-default\" data-id=\"aea476f\" data-element_type=\"section\" data-e-type=\"section\" data-settings=\"{&quot;_ob_bbad_use_it&quot;:&quot;yes&quot;,&quot;_ob_bbad_sssic_use&quot;:&quot;no&quot;}\">\n\t\t\t\t\t\t<div class=\"elementor-container elementor-column-gap-default\">\n\t\t\t\t\t<div class=\"elementor-column elementor-col-100 elementor-top-column elementor-element elementor-element-c8efc99\" data-id=\"c8efc99\" data-element_type=\"column\" data-e-type=\"column\" data-settings=\"{&quot;_ob_bbad_is_stalker&quot;:&quot;no&quot;}\">\n\t\t\t<div class=\"elementor-widget-wrap elementor-element-populated\">\n\t\t\t\t\t\t<div class=\"elementor-element elementor-element-41c04a3 elementor-widget elementor-widget-text-editor\" data-id=\"41c04a3\" data-element_type=\"widget\" data-e-type=\"widget\" data-settings=\"{&quot;_animation&quot;:&quot;none&quot;,&quot;_ob_widget_stalker_use&quot;:&quot;no&quot;}\" data-widget_type=\"text-editor.default\">\n\t\t\t\t<div class=\"elementor-widget-container\">\n\t\t\t\t\t\t\t\t\t<p class=\"04Textkrper\">In addition to insights into the person, this episode provides above all a brief overview of the topics that were particularly important to Eberhard Sch\u00fctt-Wetschky and thus offers a colourful bouquet of memories of a man who dedicated his life to the realistic exploration of politics and its problems.<\/p><p class=\"04Textkrper\">Many thanks to Prof Joachim Krause, Prof Suzanne Sch\u00fcttemeyer, Dr Sebastian Galka and Dr Astrid Kuhn for the exciting discussions and insights and we hope you enjoy listening to them.<\/p>\t\t\t\t\t\t\t\t<\/div>\n\t\t\t\t<\/div>\n\t\t\t\t\t<\/div>\n\t\t<\/div>\n\t\t\t\t\t<\/div>\n\t\t<\/section>\n\t\t\t\t<\/div>","protected":false},"excerpt":{"rendered":"<p>SONDERFOLGE IPARL PODCAST Sonderfolge IParl-Podcast \u201eZwischenruf\u201c Weggbegleiter*innen der Stiftung und des Stiftungsgr\u00fcnders wurden vor das Mikrofon gebeten, um \u00fcber Prof. Dr. Eberhard Sch\u00fctt-Wetschky, sein jahrzehntelanges Wirken in der Politikwissenschaft, seine Motive und Eigenheiten zu sprechen. &#8222;Politikwissenschaft als Partnerin der Demokratie&#8220; Leben und Wirken von Prof. Dr. Eberhard Sch\u00fctt-Wetschky Podcast Sonderfolge anh\u00f6ren Neben Einblicken in die [&hellip;]<\/p>\n","protected":false},"author":1,"featured_media":0,"parent":689,"menu_order":3,"comment_status":"closed","ping_status":"closed","template":"","meta":{"_acf_changed":false,"footnotes":""},"class_list":["post-1549","page","type-page","status-publish","hentry"],"acf":[],"featured_image_src":null,"yoast_head":"<!-- This site is optimized with the Yoast SEO plugin v27.6 - https:\/\/yoast.com\/product\/yoast-seo-wordpress\/ -->\n<title>Zwischenruf Podcast-Sonderfolge - Stiftung Wissenschaft und Demokratie<\/title>\n<meta name=\"robots\" content=\"index, follow, max-snippet:-1, max-image-preview:large, max-video-preview:-1\" \/>\n<link rel=\"canonical\" href=\"https:\/\/www.swud.org\/en\/swud\/was-bewegt-die-swud\/zwischenruf-podcast-sonderfolge\/\" \/>\n<meta property=\"og:locale\" content=\"en_GB\" \/>\n<meta property=\"og:type\" content=\"article\" \/>\n<meta property=\"og:title\" content=\"Zwischenruf Podcast-Sonderfolge - Stiftung Wissenschaft und Demokratie\" \/>\n<meta property=\"og:description\" content=\"SONDERFOLGE IPARL PODCAST Sonderfolge IParl-Podcast \u201eZwischenruf\u201c Weggbegleiter*innen der Stiftung und des Stiftungsgr\u00fcnders wurden vor das Mikrofon gebeten, um \u00fcber Prof. Dr. Eberhard Sch\u00fctt-Wetschky, sein jahrzehntelanges Wirken in der Politikwissenschaft, seine Motive und Eigenheiten zu sprechen. &#8222;Politikwissenschaft als Partnerin der Demokratie&#8220; Leben und Wirken von Prof. Dr. Eberhard Sch\u00fctt-Wetschky Podcast Sonderfolge anh\u00f6ren Neben Einblicken in die [&hellip;]\" \/>\n<meta property=\"og:url\" content=\"https:\/\/www.swud.org\/en\/swud\/was-bewegt-die-swud\/zwischenruf-podcast-sonderfolge\/\" \/>\n<meta property=\"og:site_name\" content=\"Stiftung Wissenschaft und Demokratie\" \/>\n<meta property=\"article:modified_time\" content=\"2025-02-20T12:23:40+00:00\" \/>\n<meta property=\"og:image\" content=\"https:\/\/www.swud.org\/wp-content\/uploads\/elementor\/thumbs\/podcast-zwischenruf-logo-r0ck8pqhgxkeu2f9ksdjmqon77fqru4e9hm1eat5ls.png\" \/>\n<meta name=\"twitter:card\" content=\"summary_large_image\" \/>\n<meta name=\"twitter:label1\" content=\"Est. reading time\" \/>\n\t<meta name=\"twitter:data1\" content=\"1 minute\" \/>\n<script type=\"application\/ld+json\" class=\"yoast-schema-graph\">{\"@context\":\"https:\\\/\\\/schema.org\",\"@graph\":[{\"@type\":\"WebPage\",\"@id\":\"https:\\\/\\\/www.swud.org\\\/swud\\\/was-bewegt-die-swud\\\/zwischenruf-podcast-sonderfolge\\\/\",\"url\":\"https:\\\/\\\/www.swud.org\\\/swud\\\/was-bewegt-die-swud\\\/zwischenruf-podcast-sonderfolge\\\/\",\"name\":\"Zwischenruf Podcast-Sonderfolge - Stiftung Wissenschaft und Demokratie\",\"isPartOf\":{\"@id\":\"https:\\\/\\\/www.swud.org\\\/#website\"},\"primaryImageOfPage\":{\"@id\":\"https:\\\/\\\/www.swud.org\\\/swud\\\/was-bewegt-die-swud\\\/zwischenruf-podcast-sonderfolge\\\/#primaryimage\"},\"image\":{\"@id\":\"https:\\\/\\\/www.swud.org\\\/swud\\\/was-bewegt-die-swud\\\/zwischenruf-podcast-sonderfolge\\\/#primaryimage\"},\"thumbnailUrl\":\"https:\\\/\\\/www.swud.org\\\/wp-content\\\/uploads\\\/elementor\\\/thumbs\\\/podcast-zwischenruf-logo-r0ck8pqhgxkeu2f9ksdjmqon77fqru4e9hm1eat5ls.png\",\"datePublished\":\"2024-06-25T13:38:21+00:00\",\"dateModified\":\"2025-02-20T12:23:40+00:00\",\"breadcrumb\":{\"@id\":\"https:\\\/\\\/www.swud.org\\\/swud\\\/was-bewegt-die-swud\\\/zwischenruf-podcast-sonderfolge\\\/#breadcrumb\"},\"inLanguage\":\"en-GB\",\"potentialAction\":[{\"@type\":\"ReadAction\",\"target\":[\"https:\\\/\\\/www.swud.org\\\/swud\\\/was-bewegt-die-swud\\\/zwischenruf-podcast-sonderfolge\\\/\"]}]},{\"@type\":\"ImageObject\",\"inLanguage\":\"en-GB\",\"@id\":\"https:\\\/\\\/www.swud.org\\\/swud\\\/was-bewegt-die-swud\\\/zwischenruf-podcast-sonderfolge\\\/#primaryimage\",\"url\":\"https:\\\/\\\/www.swud.org\\\/wp-content\\\/uploads\\\/elementor\\\/thumbs\\\/podcast-zwischenruf-logo-r0ck8pqhgxkeu2f9ksdjmqon77fqru4e9hm1eat5ls.png\",\"contentUrl\":\"https:\\\/\\\/www.swud.org\\\/wp-content\\\/uploads\\\/elementor\\\/thumbs\\\/podcast-zwischenruf-logo-r0ck8pqhgxkeu2f9ksdjmqon77fqru4e9hm1eat5ls.png\"},{\"@type\":\"BreadcrumbList\",\"@id\":\"https:\\\/\\\/www.swud.org\\\/swud\\\/was-bewegt-die-swud\\\/zwischenruf-podcast-sonderfolge\\\/#breadcrumb\",\"itemListElement\":[{\"@type\":\"ListItem\",\"position\":1,\"name\":\"Startseite\",\"item\":\"https:\\\/\\\/www.swud.org\\\/\"},{\"@type\":\"ListItem\",\"position\":2,\"name\":\"SW&amp;D\",\"item\":\"https:\\\/\\\/www.swud.org\\\/swud\\\/\"},{\"@type\":\"ListItem\",\"position\":3,\"name\":\"Was bewegt die SW&amp;D\",\"item\":\"https:\\\/\\\/www.swud.org\\\/swud\\\/was-bewegt-die-swud\\\/\"},{\"@type\":\"ListItem\",\"position\":4,\"name\":\"Zwischenruf Podcast-Sonderfolge\"}]},{\"@type\":\"WebSite\",\"@id\":\"https:\\\/\\\/www.swud.org\\\/#website\",\"url\":\"https:\\\/\\\/www.swud.org\\\/\",\"name\":\"Stiftung Wissenschaft und Demokratie\",\"description\":\"\",\"potentialAction\":[{\"@type\":\"SearchAction\",\"target\":{\"@type\":\"EntryPoint\",\"urlTemplate\":\"https:\\\/\\\/www.swud.org\\\/?s={search_term_string}\"},\"query-input\":{\"@type\":\"PropertyValueSpecification\",\"valueRequired\":true,\"valueName\":\"search_term_string\"}}],\"inLanguage\":\"en-GB\"}]}<\/script>\n<!-- \/ Yoast SEO plugin. -->","yoast_head_json":{"title":"Zwischenruf podcast special episode - Stiftung Wissenschaft und Demokratie","robots":{"index":"index","follow":"follow","max-snippet":"max-snippet:-1","max-image-preview":"max-image-preview:large","max-video-preview":"max-video-preview:-1"},"canonical":"https:\/\/www.swud.org\/en\/swud\/was-bewegt-die-swud\/zwischenruf-podcast-sonderfolge\/","og_locale":"en_GB","og_type":"article","og_title":"Zwischenruf Podcast-Sonderfolge - Stiftung Wissenschaft und Demokratie","og_description":"SONDERFOLGE IPARL PODCAST Sonderfolge IParl-Podcast \u201eZwischenruf\u201c Weggbegleiter*innen der Stiftung und des Stiftungsgr\u00fcnders wurden vor das Mikrofon gebeten, um \u00fcber Prof. Dr. Eberhard Sch\u00fctt-Wetschky, sein jahrzehntelanges Wirken in der Politikwissenschaft, seine Motive und Eigenheiten zu sprechen. &#8222;Politikwissenschaft als Partnerin der Demokratie&#8220; Leben und Wirken von Prof. Dr. Eberhard Sch\u00fctt-Wetschky Podcast Sonderfolge anh\u00f6ren Neben Einblicken in die [&hellip;]","og_url":"https:\/\/www.swud.org\/en\/swud\/was-bewegt-die-swud\/zwischenruf-podcast-sonderfolge\/","og_site_name":"Stiftung Wissenschaft und Demokratie","article_modified_time":"2025-02-20T12:23:40+00:00","og_image":[{"url":"https:\/\/www.swud.org\/wp-content\/uploads\/elementor\/thumbs\/podcast-zwischenruf-logo-r0ck8pqhgxkeu2f9ksdjmqon77fqru4e9hm1eat5ls.png","type":"","width":"","height":""}],"twitter_card":"summary_large_image","twitter_misc":{"Est. reading time":"1 minute"},"schema":{"@context":"https:\/\/schema.org","@graph":[{"@type":"WebPage","@id":"https:\/\/www.swud.org\/swud\/was-bewegt-die-swud\/zwischenruf-podcast-sonderfolge\/","url":"https:\/\/www.swud.org\/swud\/was-bewegt-die-swud\/zwischenruf-podcast-sonderfolge\/","name":"Zwischenruf podcast special episode - Stiftung Wissenschaft und Demokratie","isPartOf":{"@id":"https:\/\/www.swud.org\/#website"},"primaryImageOfPage":{"@id":"https:\/\/www.swud.org\/swud\/was-bewegt-die-swud\/zwischenruf-podcast-sonderfolge\/#primaryimage"},"image":{"@id":"https:\/\/www.swud.org\/swud\/was-bewegt-die-swud\/zwischenruf-podcast-sonderfolge\/#primaryimage"},"thumbnailUrl":"https:\/\/www.swud.org\/wp-content\/uploads\/elementor\/thumbs\/podcast-zwischenruf-logo-r0ck8pqhgxkeu2f9ksdjmqon77fqru4e9hm1eat5ls.png","datePublished":"2024-06-25T13:38:21+00:00","dateModified":"2025-02-20T12:23:40+00:00","breadcrumb":{"@id":"https:\/\/www.swud.org\/swud\/was-bewegt-die-swud\/zwischenruf-podcast-sonderfolge\/#breadcrumb"},"inLanguage":"en-GB","potentialAction":[{"@type":"ReadAction","target":["https:\/\/www.swud.org\/swud\/was-bewegt-die-swud\/zwischenruf-podcast-sonderfolge\/"]}]},{"@type":"ImageObject","inLanguage":"en-GB","@id":"https:\/\/www.swud.org\/swud\/was-bewegt-die-swud\/zwischenruf-podcast-sonderfolge\/#primaryimage","url":"https:\/\/www.swud.org\/wp-content\/uploads\/elementor\/thumbs\/podcast-zwischenruf-logo-r0ck8pqhgxkeu2f9ksdjmqon77fqru4e9hm1eat5ls.png","contentUrl":"https:\/\/www.swud.org\/wp-content\/uploads\/elementor\/thumbs\/podcast-zwischenruf-logo-r0ck8pqhgxkeu2f9ksdjmqon77fqru4e9hm1eat5ls.png"},{"@type":"BreadcrumbList","@id":"https:\/\/www.swud.org\/swud\/was-bewegt-die-swud\/zwischenruf-podcast-sonderfolge\/#breadcrumb","itemListElement":[{"@type":"ListItem","position":1,"name":"Startseite","item":"https:\/\/www.swud.org\/"},{"@type":"ListItem","position":2,"name":"SW&amp;D","item":"https:\/\/www.swud.org\/swud\/"},{"@type":"ListItem","position":3,"name":"Was bewegt die SW&amp;D","item":"https:\/\/www.swud.org\/swud\/was-bewegt-die-swud\/"},{"@type":"ListItem","position":4,"name":"Zwischenruf Podcast-Sonderfolge"}]},{"@type":"WebSite","@id":"https:\/\/www.swud.org\/#website","url":"https:\/\/www.swud.org\/","name":"Foundation Science and Democracy","description":"","potentialAction":[{"@type":"SearchAction","target":{"@type":"EntryPoint","urlTemplate":"https:\/\/www.swud.org\/?s={search_term_string}"},"query-input":{"@type":"PropertyValueSpecification","valueRequired":true,"valueName":"search_term_string"}}],"inLanguage":"en-GB"}]}},"_links":{"self":[{"href":"https:\/\/www.swud.org\/en\/wp-json\/wp\/v2\/pages\/1549","targetHints":{"allow":["GET"]}}],"collection":[{"href":"https:\/\/www.swud.org\/en\/wp-json\/wp\/v2\/pages"}],"about":[{"href":"https:\/\/www.swud.org\/en\/wp-json\/wp\/v2\/types\/page"}],"author":[{"embeddable":true,"href":"https:\/\/www.swud.org\/en\/wp-json\/wp\/v2\/users\/1"}],"replies":[{"embeddable":true,"href":"https:\/\/www.swud.org\/en\/wp-json\/wp\/v2\/comments?post=1549"}],"version-history":[{"count":9,"href":"https:\/\/www.swud.org\/en\/wp-json\/wp\/v2\/pages\/1549\/revisions"}],"predecessor-version":[{"id":8710,"href":"https:\/\/www.swud.org\/en\/wp-json\/wp\/v2\/pages\/1549\/revisions\/8710"}],"up":[{"embeddable":true,"href":"https:\/\/www.swud.org\/en\/wp-json\/wp\/v2\/pages\/689"}],"wp:attachment":[{"href":"https:\/\/www.swud.org\/en\/wp-json\/wp\/v2\/media?parent=1549"}],"curies":[{"name":"wp","href":"https:\/\/api.w.org\/{rel}","templated":true}]}}