{"id":1551,"date":"2024-06-25T15:38:35","date_gmt":"2024-06-25T13:38:35","guid":{"rendered":"https:\/\/wp.swud.org\/?page_id=1551"},"modified":"2025-02-04T16:28:54","modified_gmt":"2025-02-04T15:28:54","slug":"festzeitschrift","status":"publish","type":"page","link":"https:\/\/www.swud.org\/en\/swud\/was-bewegt-die-swud\/festzeitschrift\/","title":{"rendered":"Festival magazine"},"content":{"rendered":"<div data-elementor-type=\"wp-page\" data-elementor-id=\"1551\" class=\"elementor elementor-1551\" data-elementor-post-type=\"page\">\n\t\t\t\t\t\t<section class=\"ob-is-breaking-bad elementor-section elementor-top-section elementor-element elementor-element-ce746bc elementor-section-height-min-height elementor-section-boxed elementor-section-height-default elementor-section-items-middle\" data-id=\"ce746bc\" data-element_type=\"section\" data-e-type=\"section\" data-settings=\"{&quot;background_background&quot;:&quot;classic&quot;,&quot;_ob_bbad_use_it&quot;:&quot;yes&quot;,&quot;_ob_bbad_sssic_use&quot;:&quot;no&quot;}\">\n\t\t\t\t\t\t\t<div class=\"elementor-background-overlay\"><\/div>\n\t\t\t\t\t\t\t<div class=\"elementor-container elementor-column-gap-wider\">\n\t\t\t\t\t<div class=\"elementor-column elementor-col-100 elementor-top-column elementor-element elementor-element-0bdad16\" data-id=\"0bdad16\" data-element_type=\"column\" data-e-type=\"column\" data-settings=\"{&quot;_ob_bbad_is_stalker&quot;:&quot;no&quot;}\">\n\t\t\t<div class=\"elementor-widget-wrap elementor-element-populated\">\n\t\t\t\t\t\t<div class=\"elementor-element elementor-element-1a4cefb elementor-widget__width-auto elementor-widget-mobile__width-inherit elementor-invisible elementor-widget elementor-widget-heading\" data-id=\"1a4cefb\" data-element_type=\"widget\" data-e-type=\"widget\" data-settings=\"{&quot;_animation&quot;:&quot;fadeIn&quot;,&quot;_animation_delay&quot;:200,&quot;_ob_widget_stalker_use&quot;:&quot;no&quot;}\" data-widget_type=\"heading.default\">\n\t\t\t\t<div class=\"elementor-widget-container\">\n\t\t\t\t\t<h1 class=\"elementor-heading-title elementor-size-default\">FESTIVAL MAGAZINE<\/h1>\t\t\t\t<\/div>\n\t\t\t\t<\/div>\n\t\t\t\t\t<\/div>\n\t\t<\/div>\n\t\t\t\t\t<\/div>\n\t\t<\/section>\n\t\t\t\t<section class=\"ob-is-breaking-bad elementor-section elementor-top-section elementor-element elementor-element-6ad4e16 elementor-reverse-tablet elementor-reverse-mobile elementor-section-boxed elementor-section-height-default elementor-section-height-default\" data-id=\"6ad4e16\" data-element_type=\"section\" data-e-type=\"section\" data-settings=\"{&quot;background_background&quot;:&quot;classic&quot;,&quot;_ob_bbad_use_it&quot;:&quot;yes&quot;,&quot;_ob_bbad_sssic_use&quot;:&quot;no&quot;}\">\n\t\t\t\t\t\t<div class=\"elementor-container elementor-column-gap-wider\">\n\t\t\t\t\t<div class=\"elementor-column elementor-col-25 elementor-top-column elementor-element elementor-element-833b4fd\" data-id=\"833b4fd\" data-element_type=\"column\" data-e-type=\"column\" data-settings=\"{&quot;_ob_bbad_is_stalker&quot;:&quot;no&quot;}\">\n\t\t\t<div class=\"elementor-widget-wrap elementor-element-populated\">\n\t\t\t\t\t\t<div class=\"elementor-element elementor-element-67ad851 elementor-invisible elementor-widget elementor-widget-heading\" data-id=\"67ad851\" data-element_type=\"widget\" data-e-type=\"widget\" data-settings=\"{&quot;_animation&quot;:&quot;fadeInDown&quot;,&quot;_animation_delay&quot;:700,&quot;_ob_widget_stalker_use&quot;:&quot;no&quot;}\" data-widget_type=\"heading.default\">\n\t\t\t\t<div class=\"elementor-widget-container\">\n\t\t\t\t\t<h3 class=\"elementor-heading-title elementor-size-default\">30 years of SW&amp;D:<\/h3>\t\t\t\t<\/div>\n\t\t\t\t<\/div>\n\t\t\t\t<div class=\"elementor-element elementor-element-1598312 elementor-invisible elementor-widget elementor-widget-heading\" data-id=\"1598312\" data-element_type=\"widget\" data-e-type=\"widget\" data-settings=\"{&quot;_animation&quot;:&quot;fadeInDown&quot;,&quot;_animation_delay&quot;:700,&quot;_ob_widget_stalker_use&quot;:&quot;no&quot;}\" data-widget_type=\"heading.default\">\n\t\t\t\t<div class=\"elementor-widget-container\">\n\t\t\t\t\t<h3 class=\"elementor-heading-title elementor-size-default\">A look back to the future!<\/h3>\t\t\t\t<\/div>\n\t\t\t\t<\/div>\n\t\t\t\t<div class=\"elementor-element elementor-element-bd8ed2b elementor-widget elementor-widget-text-editor\" data-id=\"bd8ed2b\" data-element_type=\"widget\" data-e-type=\"widget\" data-settings=\"{&quot;_animation&quot;:&quot;none&quot;,&quot;_ob_widget_stalker_use&quot;:&quot;no&quot;}\" data-widget_type=\"text-editor.default\">\n\t\t\t\t<div class=\"elementor-widget-container\">\n\t\t\t\t\t\t\t\t\t<p>To the <strong>Closing of the anniversary year<\/strong> SW&amp;D presented its <strong>Festival magazine<\/strong> - a review of 30 years of dedicated work and an outlook on the future of the foundation.\u00a0<\/p><p class=\"04Textkrper\">Research, projects and visions: take a look behind the scenes at SW&amp;D. Dive in and find out where SW&amp;D comes from, what milestones have been achieved in the 30 years since it was founded by Prof Dr Eberhard Sch\u00fctt-Wetschky and what plans there are for the future.<\/p><p class=\"04Textkrper\"><strong>Enjoy reading and discovering!<\/strong><\/p>\t\t\t\t\t\t\t\t<\/div>\n\t\t\t\t<\/div>\n\t\t\t\t<div class=\"elementor-element elementor-element-5be27c0 elementor-align-start elementor-widget__width-initial elementor-icon-list--layout-traditional elementor-list-item-link-full_width elementor-widget elementor-widget-icon-list\" data-id=\"5be27c0\" data-element_type=\"widget\" data-e-type=\"widget\" data-settings=\"{&quot;_ob_widget_stalker_use&quot;:&quot;no&quot;}\" data-widget_type=\"icon-list.default\">\n\t\t\t\t<div class=\"elementor-widget-container\">\n\t\t\t\t\t\t\t<ul class=\"elementor-icon-list-items\">\n\t\t\t\t\t\t\t<li class=\"elementor-icon-list-item\">\n\t\t\t\t\t\t\t\t\t\t\t<a href=\"https:\/\/www.swud.org\/wp-content\/uploads\/2024\/06\/SWuD_Festzeitschrift_gesammt.pdf\" target=\"_blank\">\n\n\t\t\t\t\t\t\t\t\t\t\t\t<span class=\"elementor-icon-list-icon\">\n\t\t\t\t\t\t\t<i aria-hidden=\"true\" class=\"far fa-file-pdf\"><\/i>\t\t\t\t\t\t<\/span>\n\t\t\t\t\t\t\t\t\t\t<span class=\"elementor-icon-list-text\">Complete version of the festival magazine<\/span>\n\t\t\t\t\t\t\t\t\t\t\t<\/a>\n\t\t\t\t\t\t\t\t\t<\/li>\n\t\t\t\t\t\t<\/ul>\n\t\t\t\t\t\t<\/div>\n\t\t\t\t<\/div>\n\t\t\t\t\t<\/div>\n\t\t<\/div>\n\t\t\t\t<div class=\"elementor-column elementor-col-25 elementor-top-column elementor-element elementor-element-1b26b18\" data-id=\"1b26b18\" data-element_type=\"column\" data-e-type=\"column\" data-settings=\"{&quot;_ob_bbad_is_stalker&quot;:&quot;no&quot;}\">\n\t\t\t<div class=\"elementor-widget-wrap elementor-element-populated\">\n\t\t\t\t\t\t<div class=\"elementor-element elementor-element-57eb472 elementor-widget__width-initial elementor-widget elementor-widget-image\" data-id=\"57eb472\" data-element_type=\"widget\" data-e-type=\"widget\" data-settings=\"{&quot;_ob_widget_stalker_use&quot;:&quot;no&quot;}\" data-widget_type=\"image.default\">\n\t\t\t\t<div class=\"elementor-widget-container\">\n\t\t\t\t\t\t\t\t\t\t\t\t\t\t\t<img loading=\"lazy\" decoding=\"async\" width=\"1516\" height=\"1920\" src=\"https:\/\/www.swud.org\/wp-content\/uploads\/2025\/01\/Festzeitschrift-2.2.jpg\" class=\"attachment-2048x2048 size-2048x2048 wp-image-4236\" alt=\"\" srcset=\"https:\/\/www.swud.org\/wp-content\/uploads\/2025\/01\/Festzeitschrift-2.2.jpg 1516w, https:\/\/www.swud.org\/wp-content\/uploads\/2025\/01\/Festzeitschrift-2.2-711x900.jpg 711w, https:\/\/www.swud.org\/wp-content\/uploads\/2025\/01\/Festzeitschrift-2.2-1263x1600.jpg 1263w, https:\/\/www.swud.org\/wp-content\/uploads\/2025\/01\/Festzeitschrift-2.2-768x973.jpg 768w, https:\/\/www.swud.org\/wp-content\/uploads\/2025\/01\/Festzeitschrift-2.2-1213x1536.jpg 1213w, https:\/\/www.swud.org\/wp-content\/uploads\/2025\/01\/Festzeitschrift-2.2-9x12.jpg 9w, https:\/\/www.swud.org\/wp-content\/uploads\/2025\/01\/Festzeitschrift-2.2-237x300.jpg 237w, https:\/\/www.swud.org\/wp-content\/uploads\/2025\/01\/Festzeitschrift-2.2-809x1024.jpg 809w\" sizes=\"auto, (max-width: 1516px) 100vw, 1516px\" \/>\t\t\t\t\t\t\t\t\t\t\t\t\t\t\t<\/div>\n\t\t\t\t<\/div>\n\t\t\t\t\t<\/div>\n\t\t<\/div>\n\t\t\t\t<div class=\"elementor-column elementor-col-25 elementor-top-column elementor-element elementor-element-170b999\" data-id=\"170b999\" data-element_type=\"column\" data-e-type=\"column\" data-settings=\"{&quot;_ob_bbad_is_stalker&quot;:&quot;no&quot;}\">\n\t\t\t<div class=\"elementor-widget-wrap elementor-element-populated\">\n\t\t\t\t\t\t<div class=\"elementor-element elementor-element-d83ba22 elementor-widget elementor-widget-text-editor\" data-id=\"d83ba22\" data-element_type=\"widget\" data-e-type=\"widget\" data-settings=\"{&quot;_animation&quot;:&quot;none&quot;,&quot;_ob_widget_stalker_use&quot;:&quot;no&quot;}\" data-widget_type=\"text-editor.default\">\n\t\t\t\t<div class=\"elementor-widget-container\">\n\t\t\t\t\t\t\t\t\t<p><strong>You can access the individual chapters of the commemorative magazine here:<\/strong><\/p>\t\t\t\t\t\t\t\t<\/div>\n\t\t\t\t<\/div>\n\t\t\t\t<div class=\"elementor-element elementor-element-21b014c elementor-align-start elementor-widget__width-initial elementor-icon-list--layout-traditional elementor-list-item-link-full_width elementor-widget elementor-widget-icon-list\" data-id=\"21b014c\" data-element_type=\"widget\" data-e-type=\"widget\" data-settings=\"{&quot;_ob_widget_stalker_use&quot;:&quot;no&quot;}\" data-widget_type=\"icon-list.default\">\n\t\t\t\t<div class=\"elementor-widget-container\">\n\t\t\t\t\t\t\t<ul class=\"elementor-icon-list-items\">\n\t\t\t\t\t\t\t<li class=\"elementor-icon-list-item\">\n\t\t\t\t\t\t\t\t\t\t\t<a href=\"https:\/\/www.swud.org\/wp-content\/uploads\/2024\/05\/01_SWuD_Festzeitschrift_Vorwort.pdf\" target=\"_blank\">\n\n\t\t\t\t\t\t\t\t\t\t\t\t<span class=\"elementor-icon-list-icon\">\n\t\t\t\t\t\t\t<i aria-hidden=\"true\" class=\"far fa-file-pdf\"><\/i>\t\t\t\t\t\t<\/span>\n\t\t\t\t\t\t\t\t\t\t<span class=\"elementor-icon-list-text\">Foreword<\/span>\n\t\t\t\t\t\t\t\t\t\t\t<\/a>\n\t\t\t\t\t\t\t\t\t<\/li>\n\t\t\t\t\t\t\t\t<li class=\"elementor-icon-list-item\">\n\t\t\t\t\t\t\t\t\t\t\t<a href=\"https:\/\/www.swud.org\/wp-content\/uploads\/2024\/05\/02_SWuD_Festzeitschrift_Grusswort_Prien.pdf\" target=\"_blank\">\n\n\t\t\t\t\t\t\t\t\t\t\t\t<span class=\"elementor-icon-list-icon\">\n\t\t\t\t\t\t\t<i aria-hidden=\"true\" class=\"far fa-file-pdf\"><\/i>\t\t\t\t\t\t<\/span>\n\t\t\t\t\t\t\t\t\t\t<span class=\"elementor-icon-list-text\">Greeting by Minister Prien<\/span>\n\t\t\t\t\t\t\t\t\t\t\t<\/a>\n\t\t\t\t\t\t\t\t\t<\/li>\n\t\t\t\t\t\t\t\t<li class=\"elementor-icon-list-item\">\n\t\t\t\t\t\t\t\t\t\t\t<a href=\"https:\/\/www.swud.org\/wp-content\/uploads\/2024\/05\/03_SWuD_Festzeitschrift_Grusswort_Kiel.pdf\" target=\"_blank\">\n\n\t\t\t\t\t\t\t\t\t\t\t\t<span class=\"elementor-icon-list-icon\">\n\t\t\t\t\t\t\t<i aria-hidden=\"true\" class=\"far fa-file-pdf\"><\/i>\t\t\t\t\t\t<\/span>\n\t\t\t\t\t\t\t\t\t\t<span class=\"elementor-icon-list-text\">Greeting from the City of Kiel<\/span>\n\t\t\t\t\t\t\t\t\t\t\t<\/a>\n\t\t\t\t\t\t\t\t\t<\/li>\n\t\t\t\t\t\t\t\t<li class=\"elementor-icon-list-item\">\n\t\t\t\t\t\t\t\t\t\t\t<a href=\"https:\/\/www.swud.org\/wp-content\/uploads\/2024\/05\/04_SWuD_Festzeitschrift_Interview_AK.pdf\" target=\"_blank\">\n\n\t\t\t\t\t\t\t\t\t\t\t\t<span class=\"elementor-icon-list-icon\">\n\t\t\t\t\t\t\t<i aria-hidden=\"true\" class=\"far fa-file-pdf\"><\/i>\t\t\t\t\t\t<\/span>\n\t\t\t\t\t\t\t\t\t\t<span class=\"elementor-icon-list-text\">Interview with Dr Astrid Kuhn<\/span>\n\t\t\t\t\t\t\t\t\t\t\t<\/a>\n\t\t\t\t\t\t\t\t\t<\/li>\n\t\t\t\t\t\t\t\t<li class=\"elementor-icon-list-item\">\n\t\t\t\t\t\t\t\t\t\t\t<a href=\"https:\/\/www.swud.org\/wp-content\/uploads\/2024\/05\/05_SWuD_Festzeitschrift_Stifterportrait.pdf\" target=\"_blank\">\n\n\t\t\t\t\t\t\t\t\t\t\t\t<span class=\"elementor-icon-list-icon\">\n\t\t\t\t\t\t\t<i aria-hidden=\"true\" class=\"far fa-file-pdf\"><\/i>\t\t\t\t\t\t<\/span>\n\t\t\t\t\t\t\t\t\t\t<span class=\"elementor-icon-list-text\">Founder portrait<\/span>\n\t\t\t\t\t\t\t\t\t\t\t<\/a>\n\t\t\t\t\t\t\t\t\t<\/li>\n\t\t\t\t\t\t\t\t<li class=\"elementor-icon-list-item\">\n\t\t\t\t\t\t\t\t\t\t\t<a href=\"https:\/\/www.swud.org\/wp-content\/uploads\/2024\/05\/06_SWuD_Festzeitschrift_ABP-p6.pdf\" target=\"_blank\">\n\n\t\t\t\t\t\t\t\t\t\t\t\t<span class=\"elementor-icon-list-icon\">\n\t\t\t\t\t\t\t<i aria-hidden=\"true\" class=\"far fa-file-pdf\"><\/i>\t\t\t\t\t\t<\/span>\n\t\t\t\t\t\t\t\t\t\t<span class=\"elementor-icon-list-text\">The annotated bibliography and the portal for political science<\/span>\n\t\t\t\t\t\t\t\t\t\t\t<\/a>\n\t\t\t\t\t\t\t\t\t<\/li>\n\t\t\t\t\t\t\t\t<li class=\"elementor-icon-list-item\">\n\t\t\t\t\t\t\t\t\t\t\t<a href=\"https:\/\/www.swud.org\/wp-content\/uploads\/2024\/05\/07_SWuD_Festzeitschrift_IParl_Beginn-p7.pdf\" target=\"_blank\">\n\n\t\t\t\t\t\t\t\t\t\t\t\t<span class=\"elementor-icon-list-icon\">\n\t\t\t\t\t\t\t<i aria-hidden=\"true\" class=\"far fa-file-pdf\"><\/i>\t\t\t\t\t\t<\/span>\n\t\t\t\t\t\t\t\t\t\t<span class=\"elementor-icon-list-text\">Beginnings of the Institute for Parliamentarism Research<\/span>\n\t\t\t\t\t\t\t\t\t\t\t<\/a>\n\t\t\t\t\t\t\t\t\t<\/li>\n\t\t\t\t\t\t<\/ul>\n\t\t\t\t\t\t<\/div>\n\t\t\t\t<\/div>\n\t\t\t\t\t<\/div>\n\t\t<\/div>\n\t\t\t\t<div class=\"elementor-column elementor-col-25 elementor-top-column elementor-element elementor-element-1d315ed\" data-id=\"1d315ed\" data-element_type=\"column\" data-e-type=\"column\" data-settings=\"{&quot;_ob_bbad_is_stalker&quot;:&quot;no&quot;}\">\n\t\t\t<div class=\"elementor-widget-wrap elementor-element-populated\">\n\t\t\t\t\t\t<div class=\"elementor-element elementor-element-5e7479e elementor-align-start elementor-widget__width-initial elementor-icon-list--layout-traditional elementor-list-item-link-full_width elementor-widget elementor-widget-icon-list\" data-id=\"5e7479e\" data-element_type=\"widget\" data-e-type=\"widget\" data-settings=\"{&quot;_ob_widget_stalker_use&quot;:&quot;no&quot;}\" data-widget_type=\"icon-list.default\">\n\t\t\t\t<div class=\"elementor-widget-container\">\n\t\t\t\t\t\t\t<ul class=\"elementor-icon-list-items\">\n\t\t\t\t\t\t\t<li class=\"elementor-icon-list-item\">\n\t\t\t\t\t\t\t\t\t\t\t<a href=\"https:\/\/www.swud.org\/wp-content\/uploads\/2024\/05\/08_SWuD_Festzeitschrift_SWuDISPK-p8.pdf\" target=\"_blank\">\n\n\t\t\t\t\t\t\t\t\t\t\t\t<span class=\"elementor-icon-list-icon\">\n\t\t\t\t\t\t\t<i aria-hidden=\"true\" class=\"far fa-file-pdf\"><\/i>\t\t\t\t\t\t<\/span>\n\t\t\t\t\t\t\t\t\t\t<span class=\"elementor-icon-list-text\">SW&amp;D and the Institute for Security Policy at Kiel University<\/span>\n\t\t\t\t\t\t\t\t\t\t\t<\/a>\n\t\t\t\t\t\t\t\t\t<\/li>\n\t\t\t\t\t\t\t\t<li class=\"elementor-icon-list-item\">\n\t\t\t\t\t\t\t\t\t\t\t<a href=\"https:\/\/www.swud.org\/wp-content\/uploads\/2024\/05\/10_SWuD_Festzeitschrift_Jubilaeumsfeier.pdf\" target=\"_blank\">\n\n\t\t\t\t\t\t\t\t\t\t\t\t<span class=\"elementor-icon-list-icon\">\n\t\t\t\t\t\t\t<i aria-hidden=\"true\" class=\"far fa-file-pdf\"><\/i>\t\t\t\t\t\t<\/span>\n\t\t\t\t\t\t\t\t\t\t<span class=\"elementor-icon-list-text\">Anniversary celebration<\/span>\n\t\t\t\t\t\t\t\t\t\t\t<\/a>\n\t\t\t\t\t\t\t\t\t<\/li>\n\t\t\t\t\t\t\t\t<li class=\"elementor-icon-list-item\">\n\t\t\t\t\t\t\t\t\t\t\t<a href=\"https:\/\/www.swud.org\/wp-content\/uploads\/2024\/05\/11_SWuD_Festzeitschrift_SIRIUS.pdf\" target=\"_blank\">\n\n\t\t\t\t\t\t\t\t\t\t\t\t<span class=\"elementor-icon-list-icon\">\n\t\t\t\t\t\t\t<i aria-hidden=\"true\" class=\"far fa-file-pdf\"><\/i>\t\t\t\t\t\t<\/span>\n\t\t\t\t\t\t\t\t\t\t<span class=\"elementor-icon-list-text\">SIRIUS - Journal for Strategic Analyses<\/span>\n\t\t\t\t\t\t\t\t\t\t\t<\/a>\n\t\t\t\t\t\t\t\t\t<\/li>\n\t\t\t\t\t\t\t\t<li class=\"elementor-icon-list-item\">\n\t\t\t\t\t\t\t\t\t\t\t<a href=\"https:\/\/www.swud.org\/wp-content\/uploads\/2024\/05\/12_SWuD_Festzeitschrift_ISPK.pdf\" target=\"_blank\">\n\n\t\t\t\t\t\t\t\t\t\t\t\t<span class=\"elementor-icon-list-icon\">\n\t\t\t\t\t\t\t<i aria-hidden=\"true\" class=\"far fa-file-pdf\"><\/i>\t\t\t\t\t\t<\/span>\n\t\t\t\t\t\t\t\t\t\t<span class=\"elementor-icon-list-text\">Projects, event formats, publications at the ISPK<\/span>\n\t\t\t\t\t\t\t\t\t\t\t<\/a>\n\t\t\t\t\t\t\t\t\t<\/li>\n\t\t\t\t\t\t\t\t<li class=\"elementor-icon-list-item\">\n\t\t\t\t\t\t\t\t\t\t\t<a href=\"https:\/\/www.swud.org\/wp-content\/uploads\/2024\/05\/13_SWuD_Festzeitschrift_pw-portal.pdf\" target=\"_blank\">\n\n\t\t\t\t\t\t\t\t\t\t\t\t<span class=\"elementor-icon-list-icon\">\n\t\t\t\t\t\t\t<i aria-hidden=\"true\" class=\"far fa-file-pdf\"><\/i>\t\t\t\t\t\t<\/span>\n\t\t\t\t\t\t\t\t\t\t<span class=\"elementor-icon-list-text\">Portal for Political Science<\/span>\n\t\t\t\t\t\t\t\t\t\t\t<\/a>\n\t\t\t\t\t\t\t\t\t<\/li>\n\t\t\t\t\t\t\t\t<li class=\"elementor-icon-list-item\">\n\t\t\t\t\t\t\t\t\t\t\t<a href=\"https:\/\/www.swud.org\/wp-content\/uploads\/2024\/05\/14_SWuD_Festzeitschrift_IParl.pdf\" target=\"_blank\">\n\n\t\t\t\t\t\t\t\t\t\t\t\t<span class=\"elementor-icon-list-icon\">\n\t\t\t\t\t\t\t<i aria-hidden=\"true\" class=\"far fa-file-pdf\"><\/i>\t\t\t\t\t\t<\/span>\n\t\t\t\t\t\t\t\t\t\t<span class=\"elementor-icon-list-text\">Projects, event formats, publications at IParl<\/span>\n\t\t\t\t\t\t\t\t\t\t\t<\/a>\n\t\t\t\t\t\t\t\t\t<\/li>\n\t\t\t\t\t\t\t\t<li class=\"elementor-icon-list-item\">\n\t\t\t\t\t\t\t\t\t\t\t<a href=\"https:\/\/www.swud.org\/wp-content\/uploads\/2024\/05\/15_SWuD_Festzeitschrift_Nachwort.pdf\" target=\"_blank\">\n\n\t\t\t\t\t\t\t\t\t\t\t\t<span class=\"elementor-icon-list-icon\">\n\t\t\t\t\t\t\t<i aria-hidden=\"true\" class=\"far fa-file-pdf\"><\/i>\t\t\t\t\t\t<\/span>\n\t\t\t\t\t\t\t\t\t\t<span class=\"elementor-icon-list-text\">Epilogue - A look back to the future<\/span>\n\t\t\t\t\t\t\t\t\t\t\t<\/a>\n\t\t\t\t\t\t\t\t\t<\/li>\n\t\t\t\t\t\t<\/ul>\n\t\t\t\t\t\t<\/div>\n\t\t\t\t<\/div>\n\t\t\t\t\t<\/div>\n\t\t<\/div>\n\t\t\t\t\t<\/div>\n\t\t<\/section>\n\t\t\t\t<\/div>","protected":false},"excerpt":{"rendered":"<p>30 years of SW&amp;D: A look back to the future! At the end of the anniversary year, SW&amp;D presented its commemorative magazine - a look back at 30 years of dedicated work and a look ahead to the future of the foundation.  Research, projects and visions: take a look behind the scenes at SW&amp;D. Dive in and discover where SW&amp;D comes from, [...]<\/p>","protected":false},"author":1,"featured_media":0,"parent":689,"menu_order":2,"comment_status":"closed","ping_status":"closed","template":"","meta":{"_acf_changed":false,"footnotes":""},"class_list":["post-1551","page","type-page","status-publish","hentry"],"acf":[],"featured_image_src":null,"yoast_head":"<!-- This site is optimized with the Yoast SEO plugin v26.9 - https:\/\/yoast.com\/product\/yoast-seo-wordpress\/ -->\n<title>Festzeitschrift - Stiftung Wissenschaft und Demokratie<\/title>\n<meta name=\"robots\" content=\"index, follow, max-snippet:-1, max-image-preview:large, max-video-preview:-1\" \/>\n<link rel=\"canonical\" href=\"https:\/\/www.swud.org\/en\/swud\/was-bewegt-die-swud\/festzeitschrift\/\" \/>\n<meta property=\"og:locale\" content=\"en_GB\" \/>\n<meta property=\"og:type\" content=\"article\" \/>\n<meta property=\"og:title\" content=\"Festzeitschrift - Stiftung Wissenschaft und Demokratie\" \/>\n<meta property=\"og:description\" content=\"FESTZEITSCHRIFT 30 Jahre SW&amp;D: Ein Blick zur\u00fcck nach vorn! Zum Abschluss des Jubil\u00e4umsjahres pr\u00e4sentierte die SW&amp;D ihre Festzeitschrift \u2013 ein R\u00fcckblick auf 30 Jahre engagierte Arbeit und ein Ausblick auf die Zukunft der Stiftung.\u00a0 Forschung, Projekte und Visionen: blicken Sie hinter die Kulissen der SW&amp;D. Tauchen Sie ein und erkunden Sie, woher die SW&amp;D kommt, [&hellip;]\" \/>\n<meta property=\"og:url\" content=\"https:\/\/www.swud.org\/en\/swud\/was-bewegt-die-swud\/festzeitschrift\/\" \/>\n<meta property=\"og:site_name\" content=\"Stiftung Wissenschaft und Demokratie\" \/>\n<meta property=\"article:modified_time\" content=\"2025-02-04T15:28:54+00:00\" \/>\n<meta property=\"og:image\" content=\"https:\/\/www.swud.org\/wp-content\/uploads\/2025\/01\/Festzeitschrift-2.2.jpg\" \/>\n<meta name=\"twitter:card\" content=\"summary_large_image\" \/>\n<meta name=\"twitter:label1\" content=\"Est. reading time\" \/>\n\t<meta name=\"twitter:data1\" content=\"2 minutes\" \/>\n<script type=\"application\/ld+json\" class=\"yoast-schema-graph\">{\"@context\":\"https:\/\/schema.org\",\"@graph\":[{\"@type\":\"WebPage\",\"@id\":\"https:\/\/www.swud.org\/swud\/was-bewegt-die-swud\/festzeitschrift\/\",\"url\":\"https:\/\/www.swud.org\/swud\/was-bewegt-die-swud\/festzeitschrift\/\",\"name\":\"Festzeitschrift - Stiftung Wissenschaft und Demokratie\",\"isPartOf\":{\"@id\":\"https:\/\/www.swud.org\/#website\"},\"primaryImageOfPage\":{\"@id\":\"https:\/\/www.swud.org\/swud\/was-bewegt-die-swud\/festzeitschrift\/#primaryimage\"},\"image\":{\"@id\":\"https:\/\/www.swud.org\/swud\/was-bewegt-die-swud\/festzeitschrift\/#primaryimage\"},\"thumbnailUrl\":\"https:\/\/www.swud.org\/wp-content\/uploads\/2025\/01\/Festzeitschrift-2.2.jpg\",\"datePublished\":\"2024-06-25T13:38:35+00:00\",\"dateModified\":\"2025-02-04T15:28:54+00:00\",\"breadcrumb\":{\"@id\":\"https:\/\/www.swud.org\/swud\/was-bewegt-die-swud\/festzeitschrift\/#breadcrumb\"},\"inLanguage\":\"en-GB\",\"potentialAction\":[{\"@type\":\"ReadAction\",\"target\":[\"https:\/\/www.swud.org\/swud\/was-bewegt-die-swud\/festzeitschrift\/\"]}]},{\"@type\":\"ImageObject\",\"inLanguage\":\"en-GB\",\"@id\":\"https:\/\/www.swud.org\/swud\/was-bewegt-die-swud\/festzeitschrift\/#primaryimage\",\"url\":\"https:\/\/www.swud.org\/wp-content\/uploads\/2025\/01\/Festzeitschrift-2.2.jpg\",\"contentUrl\":\"https:\/\/www.swud.org\/wp-content\/uploads\/2025\/01\/Festzeitschrift-2.2.jpg\"},{\"@type\":\"BreadcrumbList\",\"@id\":\"https:\/\/www.swud.org\/swud\/was-bewegt-die-swud\/festzeitschrift\/#breadcrumb\",\"itemListElement\":[{\"@type\":\"ListItem\",\"position\":1,\"name\":\"Startseite\",\"item\":\"https:\/\/www.swud.org\/\"},{\"@type\":\"ListItem\",\"position\":2,\"name\":\"SW&amp;D\",\"item\":\"https:\/\/www.swud.org\/swud\/\"},{\"@type\":\"ListItem\",\"position\":3,\"name\":\"Was bewegt die SW&amp;D\",\"item\":\"https:\/\/www.swud.org\/swud\/was-bewegt-die-swud\/\"},{\"@type\":\"ListItem\",\"position\":4,\"name\":\"Festzeitschrift\"}]},{\"@type\":\"WebSite\",\"@id\":\"https:\/\/www.swud.org\/#website\",\"url\":\"https:\/\/www.swud.org\/\",\"name\":\"Stiftung Wissenschaft und Demokratie\",\"description\":\"\",\"potentialAction\":[{\"@type\":\"SearchAction\",\"target\":{\"@type\":\"EntryPoint\",\"urlTemplate\":\"https:\/\/www.swud.org\/?s={search_term_string}\"},\"query-input\":{\"@type\":\"PropertyValueSpecification\",\"valueRequired\":true,\"valueName\":\"search_term_string\"}}],\"inLanguage\":\"en-GB\"}]}<\/script>\n<!-- \/ Yoast SEO plugin. -->","yoast_head_json":{"title":"Festzeitschrift - Foundation for Science and Democracy","robots":{"index":"index","follow":"follow","max-snippet":"max-snippet:-1","max-image-preview":"max-image-preview:large","max-video-preview":"max-video-preview:-1"},"canonical":"https:\/\/www.swud.org\/en\/swud\/was-bewegt-die-swud\/festzeitschrift\/","og_locale":"en_GB","og_type":"article","og_title":"Festzeitschrift - Stiftung Wissenschaft und Demokratie","og_description":"FESTZEITSCHRIFT 30 Jahre SW&amp;D: Ein Blick zur\u00fcck nach vorn! Zum Abschluss des Jubil\u00e4umsjahres pr\u00e4sentierte die SW&amp;D ihre Festzeitschrift \u2013 ein R\u00fcckblick auf 30 Jahre engagierte Arbeit und ein Ausblick auf die Zukunft der Stiftung.\u00a0 Forschung, Projekte und Visionen: blicken Sie hinter die Kulissen der SW&amp;D. Tauchen Sie ein und erkunden Sie, woher die SW&amp;D kommt, [&hellip;]","og_url":"https:\/\/www.swud.org\/en\/swud\/was-bewegt-die-swud\/festzeitschrift\/","og_site_name":"Stiftung Wissenschaft und Demokratie","article_modified_time":"2025-02-04T15:28:54+00:00","og_image":[{"url":"https:\/\/www.swud.org\/wp-content\/uploads\/2025\/01\/Festzeitschrift-2.2.jpg","type":"","width":"","height":""}],"twitter_card":"summary_large_image","twitter_misc":{"Est. reading time":"2 minutes"},"schema":{"@context":"https:\/\/schema.org","@graph":[{"@type":"WebPage","@id":"https:\/\/www.swud.org\/swud\/was-bewegt-die-swud\/festzeitschrift\/","url":"https:\/\/www.swud.org\/swud\/was-bewegt-die-swud\/festzeitschrift\/","name":"Festzeitschrift - Foundation for Science and Democracy","isPartOf":{"@id":"https:\/\/www.swud.org\/#website"},"primaryImageOfPage":{"@id":"https:\/\/www.swud.org\/swud\/was-bewegt-die-swud\/festzeitschrift\/#primaryimage"},"image":{"@id":"https:\/\/www.swud.org\/swud\/was-bewegt-die-swud\/festzeitschrift\/#primaryimage"},"thumbnailUrl":"https:\/\/www.swud.org\/wp-content\/uploads\/2025\/01\/Festzeitschrift-2.2.jpg","datePublished":"2024-06-25T13:38:35+00:00","dateModified":"2025-02-04T15:28:54+00:00","breadcrumb":{"@id":"https:\/\/www.swud.org\/swud\/was-bewegt-die-swud\/festzeitschrift\/#breadcrumb"},"inLanguage":"en-GB","potentialAction":[{"@type":"ReadAction","target":["https:\/\/www.swud.org\/swud\/was-bewegt-die-swud\/festzeitschrift\/"]}]},{"@type":"ImageObject","inLanguage":"en-GB","@id":"https:\/\/www.swud.org\/swud\/was-bewegt-die-swud\/festzeitschrift\/#primaryimage","url":"https:\/\/www.swud.org\/wp-content\/uploads\/2025\/01\/Festzeitschrift-2.2.jpg","contentUrl":"https:\/\/www.swud.org\/wp-content\/uploads\/2025\/01\/Festzeitschrift-2.2.jpg"},{"@type":"BreadcrumbList","@id":"https:\/\/www.swud.org\/swud\/was-bewegt-die-swud\/festzeitschrift\/#breadcrumb","itemListElement":[{"@type":"ListItem","position":1,"name":"Startseite","item":"https:\/\/www.swud.org\/"},{"@type":"ListItem","position":2,"name":"SW&amp;D","item":"https:\/\/www.swud.org\/swud\/"},{"@type":"ListItem","position":3,"name":"Was bewegt die SW&amp;D","item":"https:\/\/www.swud.org\/swud\/was-bewegt-die-swud\/"},{"@type":"ListItem","position":4,"name":"Festzeitschrift"}]},{"@type":"WebSite","@id":"https:\/\/www.swud.org\/#website","url":"https:\/\/www.swud.org\/","name":"Foundation Science and Democracy","description":"","potentialAction":[{"@type":"SearchAction","target":{"@type":"EntryPoint","urlTemplate":"https:\/\/www.swud.org\/?s={search_term_string}"},"query-input":{"@type":"PropertyValueSpecification","valueRequired":true,"valueName":"search_term_string"}}],"inLanguage":"en-GB"}]}},"_links":{"self":[{"href":"https:\/\/www.swud.org\/en\/wp-json\/wp\/v2\/pages\/1551","targetHints":{"allow":["GET"]}}],"collection":[{"href":"https:\/\/www.swud.org\/en\/wp-json\/wp\/v2\/pages"}],"about":[{"href":"https:\/\/www.swud.org\/en\/wp-json\/wp\/v2\/types\/page"}],"author":[{"embeddable":true,"href":"https:\/\/www.swud.org\/en\/wp-json\/wp\/v2\/users\/1"}],"replies":[{"embeddable":true,"href":"https:\/\/www.swud.org\/en\/wp-json\/wp\/v2\/comments?post=1551"}],"version-history":[{"count":0,"href":"https:\/\/www.swud.org\/en\/wp-json\/wp\/v2\/pages\/1551\/revisions"}],"up":[{"embeddable":true,"href":"https:\/\/www.swud.org\/en\/wp-json\/wp\/v2\/pages\/689"}],"wp:attachment":[{"href":"https:\/\/www.swud.org\/en\/wp-json\/wp\/v2\/media?parent=1551"}],"curies":[{"name":"wp","href":"https:\/\/api.w.org\/{rel}","templated":true}]}}