{"id":4373,"date":"2025-01-14T14:27:38","date_gmt":"2025-01-14T13:27:38","guid":{"rendered":"https:\/\/wp.swud.org\/?page_id=4373"},"modified":"2025-02-04T09:29:17","modified_gmt":"2025-02-04T08:29:17","slug":"online-blog-symposium","status":"publish","type":"page","link":"https:\/\/www.swud.org\/en\/zusammenarbeit-mit-der-swd\/weitere-foerderpartnerschaften\/online-blog-symposium\/","title":{"rendered":"Online Blog Symposium"},"content":{"rendered":"<div data-elementor-type=\"wp-page\" data-elementor-id=\"4373\" class=\"elementor elementor-4373\" data-elementor-post-type=\"page\">\n\t\t\t\t\t\t<section class=\"ob-is-breaking-bad elementor-section elementor-top-section elementor-element elementor-element-4e2c4407 elementor-section-height-min-height elementor-section-boxed elementor-section-height-default elementor-section-items-middle\" data-id=\"4e2c4407\" data-element_type=\"section\" data-e-type=\"section\" data-settings=\"{&quot;background_background&quot;:&quot;classic&quot;,&quot;_ob_bbad_use_it&quot;:&quot;yes&quot;,&quot;_ob_bbad_sssic_use&quot;:&quot;no&quot;}\">\n\t\t\t\t\t\t\t<div class=\"elementor-background-overlay\"><\/div>\n\t\t\t\t\t\t\t<div class=\"elementor-container elementor-column-gap-wider\">\n\t\t\t\t\t<div class=\"elementor-column elementor-col-100 elementor-top-column elementor-element elementor-element-484ebe63\" data-id=\"484ebe63\" data-element_type=\"column\" data-e-type=\"column\" data-settings=\"{&quot;_ob_bbad_is_stalker&quot;:&quot;no&quot;}\">\n\t\t\t<div class=\"elementor-widget-wrap elementor-element-populated\">\n\t\t\t\t\t\t<div class=\"elementor-element elementor-element-2475a97 elementor-widget__width-auto elementor-widget-mobile__width-inherit elementor-invisible elementor-widget elementor-widget-heading\" data-id=\"2475a97\" data-element_type=\"widget\" data-e-type=\"widget\" data-settings=\"{&quot;_animation&quot;:&quot;fadeIn&quot;,&quot;_animation_delay&quot;:200,&quot;_ob_widget_stalker_use&quot;:&quot;no&quot;}\" data-widget_type=\"heading.default\">\n\t\t\t\t<div class=\"elementor-widget-container\">\n\t\t\t\t\t<h1 class=\"elementor-heading-title elementor-size-default\">ONLINE BLOG SYMPOSIA<\/h1>\t\t\t\t<\/div>\n\t\t\t\t<\/div>\n\t\t\t\t\t<\/div>\n\t\t<\/div>\n\t\t\t\t\t<\/div>\n\t\t<\/section>\n\t\t\t\t<section class=\"ob-is-breaking-bad elementor-section elementor-top-section elementor-element elementor-element-45883bcd elementor-section-boxed elementor-section-height-default elementor-section-height-default\" data-id=\"45883bcd\" data-element_type=\"section\" data-e-type=\"section\" data-settings=\"{&quot;_ob_bbad_use_it&quot;:&quot;yes&quot;,&quot;_ob_bbad_sssic_use&quot;:&quot;no&quot;}\">\n\t\t\t\t\t\t<div class=\"elementor-container elementor-column-gap-wider\">\n\t\t\t\t\t<div class=\"elementor-column elementor-col-33 elementor-top-column elementor-element elementor-element-7e8bded9\" data-id=\"7e8bded9\" data-element_type=\"column\" data-e-type=\"column\" data-settings=\"{&quot;_ob_bbad_is_stalker&quot;:&quot;no&quot;}\">\n\t\t\t<div class=\"elementor-widget-wrap elementor-element-populated\">\n\t\t\t\t\t\t<div class=\"elementor-element elementor-element-10344267 elementor-invisible elementor-widget elementor-widget-heading\" data-id=\"10344267\" data-element_type=\"widget\" data-e-type=\"widget\" data-settings=\"{&quot;_animation&quot;:&quot;fadeInDown&quot;,&quot;_animation_delay&quot;:700,&quot;_ob_widget_stalker_use&quot;:&quot;no&quot;}\" data-widget_type=\"heading.default\">\n\t\t\t\t<div class=\"elementor-widget-container\">\n\t\t\t\t\t<div class=\"elementor-heading-title elementor-size-default\">Online Blog Symposia<\/div>\t\t\t\t<\/div>\n\t\t\t\t<\/div>\n\t\t\t\t<div class=\"elementor-element elementor-element-da233e2 elementor-invisible elementor-widget elementor-widget-heading\" data-id=\"da233e2\" data-element_type=\"widget\" data-e-type=\"widget\" data-settings=\"{&quot;_animation&quot;:&quot;fadeInDown&quot;,&quot;_animation_delay&quot;:1200,&quot;_ob_widget_stalker_use&quot;:&quot;no&quot;}\" data-widget_type=\"heading.default\">\n\t\t\t\t<div class=\"elementor-widget-container\">\n\t\t\t\t\t<h2 class=\"elementor-heading-title elementor-size-default\">The right of democratic <\/h2>\t\t\t\t<\/div>\n\t\t\t\t<\/div>\n\t\t\t\t<div class=\"elementor-element elementor-element-a2f7efc elementor-invisible elementor-widget elementor-widget-heading\" data-id=\"a2f7efc\" data-element_type=\"widget\" data-e-type=\"widget\" data-settings=\"{&quot;_animation&quot;:&quot;fadeInDown&quot;,&quot;_animation_delay&quot;:1200,&quot;_ob_widget_stalker_use&quot;:&quot;no&quot;}\" data-widget_type=\"heading.default\">\n\t\t\t\t<div class=\"elementor-widget-container\">\n\t\t\t\t\t<h2 class=\"elementor-heading-title elementor-size-default\">Decision making<\/h2>\t\t\t\t<\/div>\n\t\t\t\t<\/div>\n\t\t\t\t<div class=\"elementor-element elementor-element-3dbac000 elementor-widget elementor-widget-text-editor\" data-id=\"3dbac000\" data-element_type=\"widget\" data-e-type=\"widget\" data-settings=\"{&quot;_ob_widget_stalker_use&quot;:&quot;no&quot;}\" data-widget_type=\"text-editor.default\">\n\t\t\t\t<div class=\"elementor-widget-container\">\n\t\t\t\t\t\t\t\t\t<p>In co-operation with the <a href=\"https:\/\/www.pruf.de\/\" target=\"_blank\" rel=\"noopener\"><strong>Institute for German and International Party Law and Party Research (PRUF)<\/strong><\/a> Heinrich Heine University D\u00fcsseldorf and SW&amp;D published the <a href=\"https:\/\/verfassungsblog.de\/\" target=\"_blank\" rel=\"noopener\"><strong>Constitution blog<\/strong><\/a> Since 2022, we have been organising blog symposia with debate contributions from academics so that the importance of parliaments, free elections and parties as fundamental mechanisms of democratic decision-making can once again become the focus of discourse in legal and political science.<\/p>\t\t\t\t\t\t\t\t<\/div>\n\t\t\t\t<\/div>\n\t\t\t\t<div class=\"elementor-element elementor-element-cb2ded9 elementor-align-start elementor-icon-list--layout-traditional elementor-list-item-link-full_width elementor-widget elementor-widget-icon-list\" data-id=\"cb2ded9\" data-element_type=\"widget\" data-e-type=\"widget\" data-settings=\"{&quot;_ob_widget_stalker_use&quot;:&quot;no&quot;}\" data-widget_type=\"icon-list.default\">\n\t\t\t\t<div class=\"elementor-widget-container\">\n\t\t\t\t\t\t\t<ul class=\"elementor-icon-list-items\">\n\t\t\t\t\t\t\t<li class=\"elementor-icon-list-item\">\n\t\t\t\t\t\t\t\t\t\t\t<a href=\"https:\/\/www.swud.org\/en\/zusammenarbeit-mit-der-swd\/weitere-foerderpartnerschaften\/online-blog-symposium\/parteiverbot-in-deutschland-und-europa\/\">\n\n\t\t\t\t\t\t\t\t\t\t\t\t<span class=\"elementor-icon-list-icon\">\n\t\t\t\t\t\t\t<i aria-hidden=\"true\" class=\"far fa-arrow-alt-circle-right\"><\/i>\t\t\t\t\t\t<\/span>\n\t\t\t\t\t\t\t\t\t\t<span class=\"elementor-icon-list-text\">The ban on political parties in Germany and Europe<\/span>\n\t\t\t\t\t\t\t\t\t\t\t<\/a>\n\t\t\t\t\t\t\t\t\t<\/li>\n\t\t\t\t\t\t\t\t<li class=\"elementor-icon-list-item\">\n\t\t\t\t\t\t\t\t\t\t\t<a href=\"https:\/\/www.swud.org\/en\/zusammenarbeit-mit-der-swd\/weitere-foerderpartnerschaften\/online-blog-symposium\/parlamentsentscheidungen-in-eigener-sache\/\">\n\n\t\t\t\t\t\t\t\t\t\t\t\t<span class=\"elementor-icon-list-icon\">\n\t\t\t\t\t\t\t<i aria-hidden=\"true\" class=\"far fa-arrow-alt-circle-right\"><\/i>\t\t\t\t\t\t<\/span>\n\t\t\t\t\t\t\t\t\t\t<span class=\"elementor-icon-list-text\">Parliamentary decisions on its own behalf<\/span>\n\t\t\t\t\t\t\t\t\t\t\t<\/a>\n\t\t\t\t\t\t\t\t\t<\/li>\n\t\t\t\t\t\t\t\t<li class=\"elementor-icon-list-item\">\n\t\t\t\t\t\t\t\t\t\t\t<a href=\"https:\/\/www.swud.org\/en\/zusammenarbeit-mit-der-swd\/weitere-foerderpartnerschaften\/online-blog-symposium\/wahlpruefung-in-der-pruefung\/\">\n\n\t\t\t\t\t\t\t\t\t\t\t\t<span class=\"elementor-icon-list-icon\">\n\t\t\t\t\t\t\t<i aria-hidden=\"true\" class=\"far fa-arrow-alt-circle-right\"><\/i>\t\t\t\t\t\t<\/span>\n\t\t\t\t\t\t\t\t\t\t<span class=\"elementor-icon-list-text\">Election audit in the audit<\/span>\n\t\t\t\t\t\t\t\t\t\t\t<\/a>\n\t\t\t\t\t\t\t\t\t<\/li>\n\t\t\t\t\t\t\t\t<li class=\"elementor-icon-list-item\">\n\t\t\t\t\t\t\t\t\t\t\t<a href=\"https:\/\/www.swud.org\/en\/zusammenarbeit-mit-der-swd\/weitere-foerderpartnerschaften\/online-blog-symposium\/parliaments-in-wartime\/\">\n\n\t\t\t\t\t\t\t\t\t\t\t\t<span class=\"elementor-icon-list-icon\">\n\t\t\t\t\t\t\t<i aria-hidden=\"true\" class=\"far fa-arrow-alt-circle-right\"><\/i>\t\t\t\t\t\t<\/span>\n\t\t\t\t\t\t\t\t\t\t<span class=\"elementor-icon-list-text\">Parliaments in Wartime <\/span>\n\t\t\t\t\t\t\t\t\t\t\t<\/a>\n\t\t\t\t\t\t\t\t\t<\/li>\n\t\t\t\t\t\t\t\t<li class=\"elementor-icon-list-item\">\n\t\t\t\t\t\t\t\t\t\t\t<a href=\"https:\/\/www.swud.org\/en\/zusammenarbeit-mit-der-swd\/weitere-foerderpartnerschaften\/online-blog-symposium\/parteitage\/\">\n\n\t\t\t\t\t\t\t\t\t\t\t\t<span class=\"elementor-icon-list-icon\">\n\t\t\t\t\t\t\t<i aria-hidden=\"true\" class=\"far fa-arrow-alt-circle-right\"><\/i>\t\t\t\t\t\t<\/span>\n\t\t\t\t\t\t\t\t\t\t<span class=\"elementor-icon-list-text\">Party conferences <\/span>\n\t\t\t\t\t\t\t\t\t\t\t<\/a>\n\t\t\t\t\t\t\t\t\t<\/li>\n\t\t\t\t\t\t<\/ul>\n\t\t\t\t\t\t<\/div>\n\t\t\t\t<\/div>\n\t\t\t\t\t<\/div>\n\t\t<\/div>\n\t\t\t\t<div class=\"elementor-column elementor-col-33 elementor-top-column elementor-element elementor-element-40e5a49 elementor-hidden-tablet elementor-hidden-mobile\" data-id=\"40e5a49\" data-element_type=\"column\" data-e-type=\"column\" data-settings=\"{&quot;_ob_bbad_is_stalker&quot;:&quot;no&quot;}\">\n\t\t\t<div class=\"elementor-widget-wrap\">\n\t\t\t\t\t\t\t<\/div>\n\t\t<\/div>\n\t\t\t\t<div class=\"elementor-column elementor-col-33 elementor-top-column elementor-element elementor-element-17853945\" data-id=\"17853945\" data-element_type=\"column\" data-e-type=\"column\" data-settings=\"{&quot;_ob_bbad_is_stalker&quot;:&quot;no&quot;}\">\n\t\t\t<div class=\"elementor-widget-wrap elementor-element-populated\">\n\t\t\t\t\t\t<div class=\"elementor-element elementor-element-4efb7fa6 elementor-widget elementor-widget-image\" data-id=\"4efb7fa6\" data-element_type=\"widget\" data-e-type=\"widget\" data-settings=\"{&quot;_ob_widget_stalker_use&quot;:&quot;no&quot;}\" data-widget_type=\"image.default\">\n\t\t\t\t<div class=\"elementor-widget-container\">\n\t\t\t\t\t\t\t\t\t\t\t\t\t\t\t<img loading=\"lazy\" decoding=\"async\" width=\"768\" height=\"405\" src=\"https:\/\/www.swud.org\/wp-content\/uploads\/2024\/12\/Verfassungsblog-PRUF_Logo-768x405.png\" class=\"attachment-medium_large size-medium_large wp-image-3284\" alt=\"\" srcset=\"https:\/\/www.swud.org\/wp-content\/uploads\/2024\/12\/Verfassungsblog-PRUF_Logo-768x405.png 768w, https:\/\/www.swud.org\/wp-content\/uploads\/2024\/12\/Verfassungsblog-PRUF_Logo-300x158.png 300w, https:\/\/www.swud.org\/wp-content\/uploads\/2024\/12\/Verfassungsblog-PRUF_Logo-18x9.png 18w, https:\/\/www.swud.org\/wp-content\/uploads\/2024\/12\/Verfassungsblog-PRUF_Logo.png 1000w\" sizes=\"auto, (max-width: 768px) 100vw, 768px\" \/>\t\t\t\t\t\t\t\t\t\t\t\t\t\t\t<\/div>\n\t\t\t\t<\/div>\n\t\t\t\t<section class=\"ob-is-breaking-bad ob-bb-inner elementor-section elementor-inner-section elementor-element elementor-element-24733f2c elementor-section-boxed elementor-section-height-default elementor-section-height-default\" data-id=\"24733f2c\" data-element_type=\"section\" data-e-type=\"section\" data-settings=\"{&quot;_ob_bbad_use_it&quot;:&quot;yes&quot;,&quot;_ob_bbad_sssic_use&quot;:&quot;no&quot;}\">\n\t\t\t\t\t\t<div class=\"elementor-container elementor-column-gap-no\">\n\t\t\t\t\t<div class=\"elementor-column elementor-col-100 elementor-inner-column elementor-element elementor-element-71d5fbbe\" data-id=\"71d5fbbe\" data-element_type=\"column\" data-e-type=\"column\" data-settings=\"{&quot;_ob_bbad_is_stalker&quot;:&quot;no&quot;}\">\n\t\t\t<div class=\"elementor-widget-wrap elementor-element-populated\">\n\t\t\t\t\t\t<div class=\"elementor-element elementor-element-c46c1b7 elementor-widget elementor-widget-text-editor\" data-id=\"c46c1b7\" data-element_type=\"widget\" data-e-type=\"widget\" data-settings=\"{&quot;_ob_widget_stalker_use&quot;:&quot;no&quot;}\" data-widget_type=\"text-editor.default\">\n\t\t\t\t<div class=\"elementor-widget-container\">\n\t\t\t\t\t\t\t\t\t<p><span style=\"color: #af153f;\">E-MAIL<\/span> <a href=\"\/en\/&\/#x6d;&#x61;&#x69;&#x6c;&#116;&#111;&#58;&#107;ont&#x61;&#x6b;&#x74;&#x40;&#x76;&#101;&#114;&#102;ass&#x75;&#x6e;&#x67;&#x73;&#x62;&#108;&#111;&#103;&#46;de\">kontakt@verfassungsblog.de<\/a><br \/><span style=\"color: #af153f;\">WEB<\/span> <a href=\"https:\/\/verfassungsblog.de\/\" target=\"_blank\" rel=\"noopener\">www.verfassungsblog.de<\/a><\/p><p><span style=\"color: #af153f;\"><br \/>WEB<\/span> <a href=\"https:\/\/www.hhu.de\/\" target=\"_blank\" rel=\"noopener\">www.hhu.de<\/a><\/p>\t\t\t\t\t\t\t\t<\/div>\n\t\t\t\t<\/div>\n\t\t\t\t<div class=\"elementor-element elementor-element-7285784d elementor-hidden-desktop elementor-hidden-tablet elementor-hidden-mobile elementor-view-default elementor-widget elementor-widget-icon\" data-id=\"7285784d\" data-element_type=\"widget\" data-e-type=\"widget\" data-settings=\"{&quot;_ob_widget_stalker_use&quot;:&quot;no&quot;}\" data-widget_type=\"icon.default\">\n\t\t\t\t<div class=\"elementor-widget-container\">\n\t\t\t\t\t\t\t<div class=\"elementor-icon-wrapper\">\n\t\t\t<a class=\"elementor-icon\" href=\"https:\/\/x.com\/ispk_org\" target=\"_blank\">\n\t\t\t<svg xmlns=\"http:\/\/www.w3.org\/2000\/svg\" xmlns:xlink=\"http:\/\/www.w3.org\/1999\/xlink\" id=\"Ebene_1\" x=\"0px\" y=\"0px\" viewbox=\"0 0 80 80\" style=\"enable-background:new 0 0 80 80;\" xml:space=\"preserve\"><style type=\"text\/css\">\t.st0{fill:#C34E6E;}\t.st1{fill:#003865;}<\/style><path class=\"st0\" d=\"M24.7,17.9l-0.3,0.3c-9.4,9.5-9.8,24.5-0.8,33.4s23.8,8.3,33.4-1l0.3-0.3l9,8.9L66,59.5 c-14.7,14.8-37.9,15.6-51.9,1.7S0.7,24,15.3,9.2l0.3-0.3L24.7,17.9z\"><\/path><path class=\"st1\" d=\"M43.1,33l-1.1-1.6L33,18.7h3.8L44.1,29l1.1,1.6l9.3,13.4h-3.8L43.1,33z M46.5,29.1L57,16.8h-2.5l-9.1,10.6 l-7.3-10.6h-8.4l11,16.1l-11,12.8h2.5l9.7-11.2l7.7,11.2h8.4L46.5,29.1z\"><\/path><\/svg>\t\t\t<\/a>\n\t\t<\/div>\n\t\t\t\t\t\t<\/div>\n\t\t\t\t<\/div>\n\t\t\t\t\t<\/div>\n\t\t<\/div>\n\t\t\t\t\t<\/div>\n\t\t<\/section>\n\t\t\t\t\t<\/div>\n\t\t<\/div>\n\t\t\t\t\t<\/div>\n\t\t<\/section>\n\t\t\t\t<\/div>","protected":false},"excerpt":{"rendered":"<p>ONLINE BLOG SYMPOSIES Online Blog Symposia The Law of Democratic Will Formation In cooperation with the Institute for German and International Party Law and Party Research (PRUF) at Heinrich Heine University D\u00fcsseldorf and SW&amp;D, the Verfassungsblog has been publishing debate contributions by academics* in the context of blog symposia since 2022, so that the importance of parliaments, free elections and parties as fundamental mechanisms of [...]...<\/p>","protected":false},"author":3,"featured_media":0,"parent":721,"menu_order":6,"comment_status":"closed","ping_status":"closed","template":"","meta":{"_acf_changed":false,"footnotes":""},"class_list":["post-4373","page","type-page","status-publish","hentry"],"acf":[],"featured_image_src":null,"yoast_head":"<!-- This site is optimized with the Yoast SEO plugin v26.9 - https:\/\/yoast.com\/product\/yoast-seo-wordpress\/ -->\n<title>Online-Blog-Symposium - Stiftung Wissenschaft und Demokratie<\/title>\n<meta name=\"robots\" content=\"index, follow, max-snippet:-1, max-image-preview:large, max-video-preview:-1\" \/>\n<link rel=\"canonical\" href=\"https:\/\/www.swud.org\/en\/zusammenarbeit-mit-der-swd\/weitere-foerderpartnerschaften\/online-blog-symposium\/\" \/>\n<meta property=\"og:locale\" content=\"en_GB\" \/>\n<meta property=\"og:type\" content=\"article\" \/>\n<meta property=\"og:title\" content=\"Online-Blog-Symposium - Stiftung Wissenschaft und Demokratie\" \/>\n<meta property=\"og:description\" content=\"ONLINE BLOG SYMPOSIEN Online Blog Symposien Das Recht der demokratischen Willensbildung In Kooperation mit dem Institut f\u00fcr Deutsches und Internationales Parteienrecht und Parteienforschung (PRUF) der Heinrich-Heine-Universit\u00e4t D\u00fcsseldorf und der SW&amp;D ver\u00f6ffentlicht der Verfassungsblog seit 2022 im Rahmen von Blog-Symposien Debatten-Beitr\u00e4ge von Wissenschaftler*innen, damit die Bedeutung von Parlamenten, freien Wahlen und Parteien als grundlegende Mechanismen der [&hellip;]\" \/>\n<meta property=\"og:url\" content=\"https:\/\/www.swud.org\/en\/zusammenarbeit-mit-der-swd\/weitere-foerderpartnerschaften\/online-blog-symposium\/\" \/>\n<meta property=\"og:site_name\" content=\"Stiftung Wissenschaft und Demokratie\" \/>\n<meta property=\"article:modified_time\" content=\"2025-02-04T08:29:17+00:00\" \/>\n<meta property=\"og:image\" content=\"https:\/\/www.swud.org\/wp-content\/uploads\/2024\/12\/Verfassungsblog-PRUF_Logo-768x405.png\" \/>\n<meta name=\"twitter:card\" content=\"summary_large_image\" \/>\n<meta name=\"twitter:label1\" content=\"Est. reading time\" \/>\n\t<meta name=\"twitter:data1\" content=\"1 minute\" \/>\n<script type=\"application\/ld+json\" class=\"yoast-schema-graph\">{\"@context\":\"https:\/\/schema.org\",\"@graph\":[{\"@type\":\"WebPage\",\"@id\":\"https:\/\/www.swud.org\/zusammenarbeit-mit-der-swd\/weitere-foerderpartnerschaften\/online-blog-symposium\/\",\"url\":\"https:\/\/www.swud.org\/zusammenarbeit-mit-der-swd\/weitere-foerderpartnerschaften\/online-blog-symposium\/\",\"name\":\"Online-Blog-Symposium - Stiftung Wissenschaft und Demokratie\",\"isPartOf\":{\"@id\":\"https:\/\/www.swud.org\/#website\"},\"primaryImageOfPage\":{\"@id\":\"https:\/\/www.swud.org\/zusammenarbeit-mit-der-swd\/weitere-foerderpartnerschaften\/online-blog-symposium\/#primaryimage\"},\"image\":{\"@id\":\"https:\/\/www.swud.org\/zusammenarbeit-mit-der-swd\/weitere-foerderpartnerschaften\/online-blog-symposium\/#primaryimage\"},\"thumbnailUrl\":\"https:\/\/www.swud.org\/wp-content\/uploads\/2024\/12\/Verfassungsblog-PRUF_Logo-768x405.png\",\"datePublished\":\"2025-01-14T13:27:38+00:00\",\"dateModified\":\"2025-02-04T08:29:17+00:00\",\"breadcrumb\":{\"@id\":\"https:\/\/www.swud.org\/zusammenarbeit-mit-der-swd\/weitere-foerderpartnerschaften\/online-blog-symposium\/#breadcrumb\"},\"inLanguage\":\"en-GB\",\"potentialAction\":[{\"@type\":\"ReadAction\",\"target\":[\"https:\/\/www.swud.org\/zusammenarbeit-mit-der-swd\/weitere-foerderpartnerschaften\/online-blog-symposium\/\"]}]},{\"@type\":\"ImageObject\",\"inLanguage\":\"en-GB\",\"@id\":\"https:\/\/www.swud.org\/zusammenarbeit-mit-der-swd\/weitere-foerderpartnerschaften\/online-blog-symposium\/#primaryimage\",\"url\":\"https:\/\/www.swud.org\/wp-content\/uploads\/2024\/12\/Verfassungsblog-PRUF_Logo-768x405.png\",\"contentUrl\":\"https:\/\/www.swud.org\/wp-content\/uploads\/2024\/12\/Verfassungsblog-PRUF_Logo-768x405.png\"},{\"@type\":\"BreadcrumbList\",\"@id\":\"https:\/\/www.swud.org\/zusammenarbeit-mit-der-swd\/weitere-foerderpartnerschaften\/online-blog-symposium\/#breadcrumb\",\"itemListElement\":[{\"@type\":\"ListItem\",\"position\":1,\"name\":\"Startseite\",\"item\":\"https:\/\/www.swud.org\/\"},{\"@type\":\"ListItem\",\"position\":2,\"name\":\"ZUSAMMENARBEIT MIT DER SW&amp;D\",\"item\":\"https:\/\/www.swud.org\/zusammenarbeit-mit-der-swd\/\"},{\"@type\":\"ListItem\",\"position\":3,\"name\":\"Weitere F\u00f6rderpartnerschaften\",\"item\":\"https:\/\/www.swud.org\/?page_id=721\"},{\"@type\":\"ListItem\",\"position\":4,\"name\":\"Online-Blog-Symposium\"}]},{\"@type\":\"WebSite\",\"@id\":\"https:\/\/www.swud.org\/#website\",\"url\":\"https:\/\/www.swud.org\/\",\"name\":\"Stiftung Wissenschaft und Demokratie\",\"description\":\"\",\"potentialAction\":[{\"@type\":\"SearchAction\",\"target\":{\"@type\":\"EntryPoint\",\"urlTemplate\":\"https:\/\/www.swud.org\/?s={search_term_string}\"},\"query-input\":{\"@type\":\"PropertyValueSpecification\",\"valueRequired\":true,\"valueName\":\"search_term_string\"}}],\"inLanguage\":\"en-GB\"}]}<\/script>\n<!-- \/ Yoast SEO plugin. -->","yoast_head_json":{"title":"Online Blog Symposium - Foundation for Science and Democracy","robots":{"index":"index","follow":"follow","max-snippet":"max-snippet:-1","max-image-preview":"max-image-preview:large","max-video-preview":"max-video-preview:-1"},"canonical":"https:\/\/www.swud.org\/en\/zusammenarbeit-mit-der-swd\/weitere-foerderpartnerschaften\/online-blog-symposium\/","og_locale":"en_GB","og_type":"article","og_title":"Online-Blog-Symposium - Stiftung Wissenschaft und Demokratie","og_description":"ONLINE BLOG SYMPOSIEN Online Blog Symposien Das Recht der demokratischen Willensbildung In Kooperation mit dem Institut f\u00fcr Deutsches und Internationales Parteienrecht und Parteienforschung (PRUF) der Heinrich-Heine-Universit\u00e4t D\u00fcsseldorf und der SW&amp;D ver\u00f6ffentlicht der Verfassungsblog seit 2022 im Rahmen von Blog-Symposien Debatten-Beitr\u00e4ge von Wissenschaftler*innen, damit die Bedeutung von Parlamenten, freien Wahlen und Parteien als grundlegende Mechanismen der [&hellip;]","og_url":"https:\/\/www.swud.org\/en\/zusammenarbeit-mit-der-swd\/weitere-foerderpartnerschaften\/online-blog-symposium\/","og_site_name":"Stiftung Wissenschaft und Demokratie","article_modified_time":"2025-02-04T08:29:17+00:00","og_image":[{"url":"https:\/\/www.swud.org\/wp-content\/uploads\/2024\/12\/Verfassungsblog-PRUF_Logo-768x405.png","type":"","width":"","height":""}],"twitter_card":"summary_large_image","twitter_misc":{"Est. reading time":"1 minute"},"schema":{"@context":"https:\/\/schema.org","@graph":[{"@type":"WebPage","@id":"https:\/\/www.swud.org\/zusammenarbeit-mit-der-swd\/weitere-foerderpartnerschaften\/online-blog-symposium\/","url":"https:\/\/www.swud.org\/zusammenarbeit-mit-der-swd\/weitere-foerderpartnerschaften\/online-blog-symposium\/","name":"Online Blog Symposium - Foundation for Science and Democracy","isPartOf":{"@id":"https:\/\/www.swud.org\/#website"},"primaryImageOfPage":{"@id":"https:\/\/www.swud.org\/zusammenarbeit-mit-der-swd\/weitere-foerderpartnerschaften\/online-blog-symposium\/#primaryimage"},"image":{"@id":"https:\/\/www.swud.org\/zusammenarbeit-mit-der-swd\/weitere-foerderpartnerschaften\/online-blog-symposium\/#primaryimage"},"thumbnailUrl":"https:\/\/www.swud.org\/wp-content\/uploads\/2024\/12\/Verfassungsblog-PRUF_Logo-768x405.png","datePublished":"2025-01-14T13:27:38+00:00","dateModified":"2025-02-04T08:29:17+00:00","breadcrumb":{"@id":"https:\/\/www.swud.org\/zusammenarbeit-mit-der-swd\/weitere-foerderpartnerschaften\/online-blog-symposium\/#breadcrumb"},"inLanguage":"en-GB","potentialAction":[{"@type":"ReadAction","target":["https:\/\/www.swud.org\/zusammenarbeit-mit-der-swd\/weitere-foerderpartnerschaften\/online-blog-symposium\/"]}]},{"@type":"ImageObject","inLanguage":"en-GB","@id":"https:\/\/www.swud.org\/zusammenarbeit-mit-der-swd\/weitere-foerderpartnerschaften\/online-blog-symposium\/#primaryimage","url":"https:\/\/www.swud.org\/wp-content\/uploads\/2024\/12\/Verfassungsblog-PRUF_Logo-768x405.png","contentUrl":"https:\/\/www.swud.org\/wp-content\/uploads\/2024\/12\/Verfassungsblog-PRUF_Logo-768x405.png"},{"@type":"BreadcrumbList","@id":"https:\/\/www.swud.org\/zusammenarbeit-mit-der-swd\/weitere-foerderpartnerschaften\/online-blog-symposium\/#breadcrumb","itemListElement":[{"@type":"ListItem","position":1,"name":"Startseite","item":"https:\/\/www.swud.org\/"},{"@type":"ListItem","position":2,"name":"ZUSAMMENARBEIT MIT DER SW&amp;D","item":"https:\/\/www.swud.org\/zusammenarbeit-mit-der-swd\/"},{"@type":"ListItem","position":3,"name":"Weitere F\u00f6rderpartnerschaften","item":"https:\/\/www.swud.org\/?page_id=721"},{"@type":"ListItem","position":4,"name":"Online-Blog-Symposium"}]},{"@type":"WebSite","@id":"https:\/\/www.swud.org\/#website","url":"https:\/\/www.swud.org\/","name":"Foundation Science and Democracy","description":"","potentialAction":[{"@type":"SearchAction","target":{"@type":"EntryPoint","urlTemplate":"https:\/\/www.swud.org\/?s={search_term_string}"},"query-input":{"@type":"PropertyValueSpecification","valueRequired":true,"valueName":"search_term_string"}}],"inLanguage":"en-GB"}]}},"_links":{"self":[{"href":"https:\/\/www.swud.org\/en\/wp-json\/wp\/v2\/pages\/4373","targetHints":{"allow":["GET"]}}],"collection":[{"href":"https:\/\/www.swud.org\/en\/wp-json\/wp\/v2\/pages"}],"about":[{"href":"https:\/\/www.swud.org\/en\/wp-json\/wp\/v2\/types\/page"}],"author":[{"embeddable":true,"href":"https:\/\/www.swud.org\/en\/wp-json\/wp\/v2\/users\/3"}],"replies":[{"embeddable":true,"href":"https:\/\/www.swud.org\/en\/wp-json\/wp\/v2\/comments?post=4373"}],"version-history":[{"count":0,"href":"https:\/\/www.swud.org\/en\/wp-json\/wp\/v2\/pages\/4373\/revisions"}],"up":[{"embeddable":true,"href":"https:\/\/www.swud.org\/en\/wp-json\/wp\/v2\/pages\/721"}],"wp:attachment":[{"href":"https:\/\/www.swud.org\/en\/wp-json\/wp\/v2\/media?parent=4373"}],"curies":[{"name":"wp","href":"https:\/\/api.w.org\/{rel}","templated":true}]}}