{"id":4570,"date":"2025-01-16T09:19:41","date_gmt":"2025-01-16T08:19:41","guid":{"rendered":"https:\/\/wp.swud.org\/?page_id=4570"},"modified":"2025-02-04T15:00:11","modified_gmt":"2025-02-04T14:00:11","slug":"wahlpruefung-in-der-pruefung","status":"publish","type":"page","link":"https:\/\/www.swud.org\/en\/zusammenarbeit-mit-der-swd\/weitere-foerderpartnerschaften\/online-blog-symposium\/wahlpruefung-in-der-pruefung\/","title":{"rendered":"Election audit in the audit"},"content":{"rendered":"<div data-elementor-type=\"wp-page\" data-elementor-id=\"4570\" class=\"elementor elementor-4570\" data-elementor-post-type=\"page\">\n\t\t\t\t\t\t<section class=\"ob-is-breaking-bad elementor-section elementor-top-section elementor-element elementor-element-97ce661 elementor-section-height-min-height elementor-section-boxed elementor-section-height-default elementor-section-items-middle\" data-id=\"97ce661\" data-element_type=\"section\" data-e-type=\"section\" data-settings=\"{&quot;background_background&quot;:&quot;classic&quot;,&quot;_ob_bbad_use_it&quot;:&quot;yes&quot;,&quot;_ob_bbad_sssic_use&quot;:&quot;no&quot;}\">\n\t\t\t\t\t\t\t<div class=\"elementor-background-overlay\"><\/div>\n\t\t\t\t\t\t\t<div class=\"elementor-container elementor-column-gap-wider\">\n\t\t\t\t\t<div class=\"elementor-column elementor-col-100 elementor-top-column elementor-element elementor-element-e3777ca\" data-id=\"e3777ca\" data-element_type=\"column\" data-e-type=\"column\" data-settings=\"{&quot;_ob_bbad_is_stalker&quot;:&quot;no&quot;}\">\n\t\t\t<div class=\"elementor-widget-wrap elementor-element-populated\">\n\t\t\t\t\t\t<div class=\"elementor-element elementor-element-e714652 elementor-widget__width-auto elementor-widget-mobile__width-inherit elementor-invisible elementor-widget elementor-widget-heading\" data-id=\"e714652\" data-element_type=\"widget\" data-e-type=\"widget\" data-settings=\"{&quot;_animation&quot;:&quot;fadeIn&quot;,&quot;_animation_delay&quot;:200,&quot;_ob_widget_stalker_use&quot;:&quot;no&quot;}\" data-widget_type=\"heading.default\">\n\t\t\t\t<div class=\"elementor-widget-container\">\n\t\t\t\t\t<h1 class=\"elementor-heading-title elementor-size-default\">ONLINE BLOG SYMPOSIA<\/h1>\t\t\t\t<\/div>\n\t\t\t\t<\/div>\n\t\t\t\t\t<\/div>\n\t\t<\/div>\n\t\t\t\t\t<\/div>\n\t\t<\/section>\n\t\t\t\t<section class=\"ob-is-breaking-bad elementor-section elementor-top-section elementor-element elementor-element-8445127 elementor-section-boxed elementor-section-height-default elementor-section-height-default\" data-id=\"8445127\" data-element_type=\"section\" data-e-type=\"section\" data-settings=\"{&quot;background_background&quot;:&quot;classic&quot;,&quot;_ob_bbad_use_it&quot;:&quot;yes&quot;,&quot;_ob_bbad_sssic_use&quot;:&quot;no&quot;}\">\n\t\t\t\t\t\t<div class=\"elementor-container elementor-column-gap-default\">\n\t\t\t\t\t<div class=\"elementor-column elementor-col-100 elementor-top-column elementor-element elementor-element-f0be9c0\" data-id=\"f0be9c0\" data-element_type=\"column\" data-e-type=\"column\" data-settings=\"{&quot;_ob_bbad_is_stalker&quot;:&quot;no&quot;}\">\n\t\t\t<div class=\"elementor-widget-wrap elementor-element-populated\">\n\t\t\t\t\t\t<section class=\"ob-is-breaking-bad ob-bb-inner elementor-section elementor-inner-section elementor-element elementor-element-dba0ef5 elementor-section-boxed elementor-section-height-default elementor-section-height-default\" data-id=\"dba0ef5\" data-element_type=\"section\" data-e-type=\"section\" data-settings=\"{&quot;_ob_bbad_use_it&quot;:&quot;yes&quot;,&quot;_ob_bbad_sssic_use&quot;:&quot;no&quot;}\">\n\t\t\t\t\t\t<div class=\"elementor-container elementor-column-gap-wider\">\n\t\t\t\t\t<div class=\"elementor-column elementor-col-100 elementor-inner-column elementor-element elementor-element-e826cf8\" data-id=\"e826cf8\" data-element_type=\"column\" data-e-type=\"column\" data-settings=\"{&quot;_ob_bbad_is_stalker&quot;:&quot;no&quot;}\">\n\t\t\t<div class=\"elementor-widget-wrap elementor-element-populated\">\n\t\t\t\t\t\t<div class=\"elementor-element elementor-element-173ce0c elementor-invisible elementor-widget elementor-widget-heading\" data-id=\"173ce0c\" data-element_type=\"widget\" data-e-type=\"widget\" data-settings=\"{&quot;_animation&quot;:&quot;fadeInDown&quot;,&quot;_animation_delay&quot;:700,&quot;_ob_widget_stalker_use&quot;:&quot;no&quot;}\" data-widget_type=\"heading.default\">\n\t\t\t\t<div class=\"elementor-widget-container\">\n\t\t\t\t\t<div class=\"elementor-heading-title elementor-size-default\">Blog series<\/div>\t\t\t\t<\/div>\n\t\t\t\t<\/div>\n\t\t\t\t<div class=\"elementor-element elementor-element-eb8dc9d elementor-invisible elementor-widget elementor-widget-heading\" data-id=\"eb8dc9d\" data-element_type=\"widget\" data-e-type=\"widget\" data-settings=\"{&quot;_animation&quot;:&quot;fadeInDown&quot;,&quot;_animation_delay&quot;:700,&quot;_ob_widget_stalker_use&quot;:&quot;no&quot;}\" data-widget_type=\"heading.default\">\n\t\t\t\t<div class=\"elementor-widget-container\">\n\t\t\t\t\t<div class=\"elementor-heading-title elementor-size-default\"> \"The right of democratic decision-making\"<\/div>\t\t\t\t<\/div>\n\t\t\t\t<\/div>\n\t\t\t\t<div class=\"elementor-element elementor-element-3fed816 elementor-widget-tablet__width-initial elementor-invisible elementor-widget elementor-widget-heading\" data-id=\"3fed816\" data-element_type=\"widget\" data-e-type=\"widget\" data-settings=\"{&quot;_animation&quot;:&quot;fadeInDown&quot;,&quot;_animation_delay&quot;:700,&quot;_ob_widget_stalker_use&quot;:&quot;no&quot;}\" data-widget_type=\"heading.default\">\n\t\t\t\t<div class=\"elementor-widget-container\">\n\t\t\t\t\t<h2 class=\"elementor-heading-title elementor-size-default\">Election audit in the audit<\/h2>\t\t\t\t<\/div>\n\t\t\t\t<\/div>\n\t\t\t\t<div class=\"elementor-element elementor-element-c309629 elementor-widget elementor-widget-text-editor\" data-id=\"c309629\" data-element_type=\"widget\" data-e-type=\"widget\" data-settings=\"{&quot;_animation&quot;:&quot;none&quot;,&quot;_ob_widget_stalker_use&quot;:&quot;no&quot;}\" data-widget_type=\"text-editor.default\">\n\t\t\t\t<div class=\"elementor-widget-container\">\n\t\t\t\t\t\t\t\t\t<p>The <a href=\"https:\/\/verfassungsblog.de\/category\/debates\/wahlprufung-in-der-prufung-debates\/\" target=\"_blank\" rel=\"noopener\"><strong>Third blog symposium on the topic of \"Election audits in the audit\"<\/strong><\/a> will be published:<\/p><p><strong>Following the electoral disaster in the German capital Berlin on 26 September 2021, the focus is shifting to the process by which the correct conduct of elections is to be verified and ensured. Is the current election scrutiny procedure up to this expectation?<\/strong><\/p><p>In this blog symposium, the importance of the electoral review for the infrastructure of democracy will be explored from a legal and political science perspective, as well as the threats posed by specific arrangements in the current situation and the options for reforming it.<\/p><p>The debate is introduced with the contributions\u00a0<a href=\"https:\/\/verfassungsblog.de\/alles-auf-anfang-oder-weiter-so\/\" target=\"_blank\" rel=\"noopener\"><strong>\"Everything back to square one or keep it up? The electoral review as a test of democracy\"<\/strong><\/a>\u00a0by Sophie Sch\u00f6nberger and\u00a0<a href=\"https:\/\/verfassungsblog.de\/fur-ein-update-der-wahlprufung-in-die-gegenwart\/\" target=\"_blank\" rel=\"noopener\"><strong>\"For an update of the election audit in the present\"<\/strong><\/a>\u00a0by Winfried Kluth.<br \/>Further impetus will follow in the next few days.<\/p><p><strong>Contributions to the topic <a href=\"https:\/\/verfassungsblog.de\/category\/debates\/wahlprufung-in-der-prufung-debates\/\" target=\"_blank\" rel=\"noopener\">\"Election audit in the audit\"<\/a>:<\/strong><\/p>\t\t\t\t\t\t\t\t<\/div>\n\t\t\t\t<\/div>\n\t\t\t\t<div class=\"elementor-element elementor-element-c5562dd elementor-align-start elementor-icon-list--layout-traditional elementor-list-item-link-full_width elementor-widget elementor-widget-icon-list\" data-id=\"c5562dd\" data-element_type=\"widget\" data-e-type=\"widget\" data-settings=\"{&quot;_ob_widget_stalker_use&quot;:&quot;no&quot;}\" data-widget_type=\"icon-list.default\">\n\t\t\t\t<div class=\"elementor-widget-container\">\n\t\t\t\t\t\t\t<ul class=\"elementor-icon-list-items\">\n\t\t\t\t\t\t\t<li class=\"elementor-icon-list-item\">\n\t\t\t\t\t\t\t\t\t\t\t<a href=\"https:\/\/verfassungsblog.de\/alles-auf-anfang-oder-weiter-so\/\" target=\"_blank\">\n\n\t\t\t\t\t\t\t\t\t\t\t\t<span class=\"elementor-icon-list-icon\">\n\t\t\t\t\t\t\t<i aria-hidden=\"true\" class=\"far fa-arrow-alt-circle-right\"><\/i>\t\t\t\t\t\t<\/span>\n\t\t\t\t\t\t\t\t\t\t<span class=\"elementor-icon-list-text\">Everything back to square one or keep it up? The electoral review as a test of democracy (Sophie Sch\u00f6nberger)<\/span>\n\t\t\t\t\t\t\t\t\t\t\t<\/a>\n\t\t\t\t\t\t\t\t\t<\/li>\n\t\t\t\t\t\t\t\t<li class=\"elementor-icon-list-item\">\n\t\t\t\t\t\t\t\t\t\t\t<a href=\"https:\/\/verfassungsblog.de\/fur-ein-update-der-wahlprufung-in-die-gegenwart\/\" target=\"_blank\">\n\n\t\t\t\t\t\t\t\t\t\t\t\t<span class=\"elementor-icon-list-icon\">\n\t\t\t\t\t\t\t<i aria-hidden=\"true\" class=\"far fa-arrow-alt-circle-right\"><\/i>\t\t\t\t\t\t<\/span>\n\t\t\t\t\t\t\t\t\t\t<span class=\"elementor-icon-list-text\">In favour of an update of the election audit into the present (Winfried Kluth)<\/span>\n\t\t\t\t\t\t\t\t\t\t\t<\/a>\n\t\t\t\t\t\t\t\t\t<\/li>\n\t\t\t\t\t\t\t\t<li class=\"elementor-icon-list-item\">\n\t\t\t\t\t\t\t\t\t\t\t<a href=\"https:\/\/verfassungsblog.de\/nicht-so-zahnlos-wie-es-aussieht\/\" target=\"_blank\">\n\n\t\t\t\t\t\t\t\t\t\t\t\t<span class=\"elementor-icon-list-icon\">\n\t\t\t\t\t\t\t<i aria-hidden=\"true\" class=\"far fa-arrow-alt-circle-right\"><\/i>\t\t\t\t\t\t<\/span>\n\t\t\t\t\t\t\t\t\t\t<span class=\"elementor-icon-list-text\">Not as toothless as it looks. The Bundestag's election review committee and its possibilities (Daniel Hellmann)<\/span>\n\t\t\t\t\t\t\t\t\t\t\t<\/a>\n\t\t\t\t\t\t\t\t\t<\/li>\n\t\t\t\t\t\t\t\t<li class=\"elementor-icon-list-item\">\n\t\t\t\t\t\t\t\t\t\t\t<a href=\"https:\/\/verfassungsblog.de\/warum-sich-die-mehrstufige-wahlprufung-bewahrt-hat\/\" target=\"_blank\">\n\n\t\t\t\t\t\t\t\t\t\t\t\t<span class=\"elementor-icon-list-icon\">\n\t\t\t\t\t\t\t<i aria-hidden=\"true\" class=\"far fa-arrow-alt-circle-right\"><\/i>\t\t\t\t\t\t<\/span>\n\t\t\t\t\t\t\t\t\t\t<span class=\"elementor-icon-list-text\">Why the multi-stage election audit has proven its worth (Frank B\u00e4tge)<\/span>\n\t\t\t\t\t\t\t\t\t\t\t<\/a>\n\t\t\t\t\t\t\t\t\t<\/li>\n\t\t\t\t\t\t\t\t<li class=\"elementor-icon-list-item\">\n\t\t\t\t\t\t\t\t\t\t\t<a href=\"https:\/\/verfassungsblog.de\/gesates-misstrauen\/\" target=\"_blank\">\n\n\t\t\t\t\t\t\t\t\t\t\t\t<span class=\"elementor-icon-list-icon\">\n\t\t\t\t\t\t\t<i aria-hidden=\"true\" class=\"far fa-arrow-alt-circle-right\"><\/i>\t\t\t\t\t\t<\/span>\n\t\t\t\t\t\t\t\t\t\t<span class=\"elementor-icon-list-text\">Sown mistrust (Jakob Schemmel)<\/span>\n\t\t\t\t\t\t\t\t\t\t\t<\/a>\n\t\t\t\t\t\t\t\t\t<\/li>\n\t\t\t\t\t\t\t\t<li class=\"elementor-icon-list-item\">\n\t\t\t\t\t\t\t\t\t\t\t<a href=\"https:\/\/verfassungsblog.de\/die-materiellen-kriterien-fur-wiederholungswahlen-muss-das-grundgesetz-regeln\/\" target=\"_blank\">\n\n\t\t\t\t\t\t\t\t\t\t\t\t<span class=\"elementor-icon-list-icon\">\n\t\t\t\t\t\t\t<i aria-hidden=\"true\" class=\"far fa-arrow-alt-circle-right\"><\/i>\t\t\t\t\t\t<\/span>\n\t\t\t\t\t\t\t\t\t\t<span class=\"elementor-icon-list-text\">The Basic Law must regulate the material criteria for repeat elections (Halina Wawzyniak)<\/span>\n\t\t\t\t\t\t\t\t\t\t\t<\/a>\n\t\t\t\t\t\t\t\t\t<\/li>\n\t\t\t\t\t\t\t\t<li class=\"elementor-icon-list-item\">\n\t\t\t\t\t\t\t\t\t\t\t<a href=\"https:\/\/verfassungsblog.de\/der-effektivitatsgedanke-im-wahlprufungsverfahren\/\" target=\"_blank\">\n\n\t\t\t\t\t\t\t\t\t\t\t\t<span class=\"elementor-icon-list-icon\">\n\t\t\t\t\t\t\t<i aria-hidden=\"true\" class=\"far fa-arrow-alt-circle-right\"><\/i>\t\t\t\t\t\t<\/span>\n\t\t\t\t\t\t\t\t\t\t<span class=\"elementor-icon-list-text\">The idea of effectiveness in the election review procedure (Jan-Marcel Drossel)<\/span>\n\t\t\t\t\t\t\t\t\t\t\t<\/a>\n\t\t\t\t\t\t\t\t\t<\/li>\n\t\t\t\t\t\t\t\t<li class=\"elementor-icon-list-item\">\n\t\t\t\t\t\t\t\t\t\t\t<a href=\"https:\/\/verfassungsblog.de\/wahlprufungsentscheidungen-des-parlaments-in-eigener-sache\/\" target=\"_blank\">\n\n\t\t\t\t\t\t\t\t\t\t\t\t<span class=\"elementor-icon-list-icon\">\n\t\t\t\t\t\t\t<i aria-hidden=\"true\" class=\"far fa-arrow-alt-circle-right\"><\/i>\t\t\t\t\t\t<\/span>\n\t\t\t\t\t\t\t\t\t\t<span class=\"elementor-icon-list-text\">Parliament's election review decisions on its own behalf? (Laura Jung)<\/span>\n\t\t\t\t\t\t\t\t\t\t\t<\/a>\n\t\t\t\t\t\t\t\t\t<\/li>\n\t\t\t\t\t\t\t\t<li class=\"elementor-icon-list-item\">\n\t\t\t\t\t\t\t\t\t\t\t<a href=\"https:\/\/verfassungsblog.de\/bekannt-und-bewahrt\/\" target=\"_blank\">\n\n\t\t\t\t\t\t\t\t\t\t\t\t<span class=\"elementor-icon-list-icon\">\n\t\t\t\t\t\t\t<i aria-hidden=\"true\" class=\"far fa-arrow-alt-circle-right\"><\/i>\t\t\t\t\t\t<\/span>\n\t\t\t\t\t\t\t\t\t\t<span class=\"elementor-icon-list-text\">Well-known and proven (Alexander Brade)<\/span>\n\t\t\t\t\t\t\t\t\t\t\t<\/a>\n\t\t\t\t\t\t\t\t\t<\/li>\n\t\t\t\t\t\t\t\t<li class=\"elementor-icon-list-item\">\n\t\t\t\t\t\t\t\t\t\t\t<a href=\"https:\/\/verfassungsblog.de\/not-too-late-but-still-too-little\/\" target=\"_blank\">\n\n\t\t\t\t\t\t\t\t\t\t\t\t<span class=\"elementor-icon-list-icon\">\n\t\t\t\t\t\t\t<i aria-hidden=\"true\" class=\"far fa-arrow-alt-circle-right\"><\/i>\t\t\t\t\t\t<\/span>\n\t\t\t\t\t\t\t\t\t\t<span class=\"elementor-icon-list-text\">Not Too Late, but Still Too Little (Anna von Notz)<\/span>\n\t\t\t\t\t\t\t\t\t\t\t<\/a>\n\t\t\t\t\t\t\t\t\t<\/li>\n\t\t\t\t\t\t\t\t<li class=\"elementor-icon-list-item\">\n\t\t\t\t\t\t\t\t\t\t\t<a href=\"https:\/\/verfassungsblog.de\/zarte-pflanzchen-oder-gefahrliches-unkraut\/\" target=\"_blank\">\n\n\t\t\t\t\t\t\t\t\t\t\t\t<span class=\"elementor-icon-list-icon\">\n\t\t\t\t\t\t\t<i aria-hidden=\"true\" class=\"far fa-arrow-alt-circle-right\"><\/i>\t\t\t\t\t\t<\/span>\n\t\t\t\t\t\t\t\t\t\t<span class=\"elementor-icon-list-text\">Tender seedlings or dangerous weeds? (Robert Frau)<\/span>\n\t\t\t\t\t\t\t\t\t\t\t<\/a>\n\t\t\t\t\t\t\t\t\t<\/li>\n\t\t\t\t\t\t<\/ul>\n\t\t\t\t\t\t<\/div>\n\t\t\t\t<\/div>\n\t\t\t\t<div class=\"elementor-element elementor-element-8093f40 elementor-widget elementor-widget-text-editor\" data-id=\"8093f40\" data-element_type=\"widget\" data-e-type=\"widget\" data-settings=\"{&quot;_animation&quot;:&quot;none&quot;,&quot;_ob_widget_stalker_use&quot;:&quot;no&quot;}\" data-widget_type=\"text-editor.default\">\n\t\t\t\t<div class=\"elementor-widget-container\">\n\t\t\t\t\t\t\t\t\t<p><br \/>The blog series \"The right of democratic decision-making\" is thus entering the next round!<\/p>\t\t\t\t\t\t\t\t<\/div>\n\t\t\t\t<\/div>\n\t\t\t\t\t<\/div>\n\t\t<\/div>\n\t\t\t\t\t<\/div>\n\t\t<\/section>\n\t\t\t\t\t<\/div>\n\t\t<\/div>\n\t\t\t\t\t<\/div>\n\t\t<\/section>\n\t\t\t\t<\/div>","protected":false},"excerpt":{"rendered":"<p>ONLINE BLOG SYMPOSIES Blog series \"The right of democratic decision-making\" The third blog symposium on the topic of \"Electoral scrutiny in the audit\" is published: Following the electoral disaster in the German capital Berlin on 26 September 2021, the focus is shifting to the procedure in which the correct conduct of elections is to be checked and ensured. Is [...]<\/p>","protected":false},"author":3,"featured_media":0,"parent":4373,"menu_order":4,"comment_status":"closed","ping_status":"closed","template":"","meta":{"_acf_changed":false,"footnotes":""},"class_list":["post-4570","page","type-page","status-publish","hentry"],"acf":[],"featured_image_src":null,"yoast_head":"<!-- This site is optimized with the Yoast SEO plugin v26.9 - https:\/\/yoast.com\/product\/yoast-seo-wordpress\/ -->\n<title>Wahlpr\u00fcfung in der Pr\u00fcfung - Stiftung Wissenschaft und Demokratie<\/title>\n<meta name=\"robots\" content=\"index, follow, max-snippet:-1, max-image-preview:large, max-video-preview:-1\" \/>\n<link rel=\"canonical\" href=\"https:\/\/www.swud.org\/en\/zusammenarbeit-mit-der-swd\/weitere-foerderpartnerschaften\/online-blog-symposium\/wahlpruefung-in-der-pruefung\/\" \/>\n<meta property=\"og:locale\" content=\"en_GB\" \/>\n<meta property=\"og:type\" content=\"article\" \/>\n<meta property=\"og:title\" content=\"Wahlpr\u00fcfung in der Pr\u00fcfung - Stiftung Wissenschaft und Demokratie\" \/>\n<meta property=\"og:description\" content=\"ONLINE BLOG SYMPOSIEN Blogreihe &#8222;Das Recht der demokratischen Willensbildung&#8220; Wahlpr\u00fcfung in der Pr\u00fcfung Das dritte Blog-Symposium zum Thema \u201eWahlpr\u00fcfung in der Pr\u00fcfung\u201c wird ver\u00f6ffentlicht: Nach dem Wahldesaster in der Bundeshauptstadt Berlin am 26. September 2021 ger\u00e4t das Verfahren in den Fokus, in dem der korrekte Ablauf von Wahlen \u00fcberpr\u00fcft und sicher gestellt werden soll. Ist [&hellip;]\" \/>\n<meta property=\"og:url\" content=\"https:\/\/www.swud.org\/en\/zusammenarbeit-mit-der-swd\/weitere-foerderpartnerschaften\/online-blog-symposium\/wahlpruefung-in-der-pruefung\/\" \/>\n<meta property=\"og:site_name\" content=\"Stiftung Wissenschaft und Demokratie\" \/>\n<meta property=\"article:modified_time\" content=\"2025-02-04T14:00:11+00:00\" \/>\n<meta name=\"twitter:card\" content=\"summary_large_image\" \/>\n<meta name=\"twitter:label1\" content=\"Est. reading time\" \/>\n\t<meta name=\"twitter:data1\" content=\"2 minutes\" \/>\n<script type=\"application\/ld+json\" class=\"yoast-schema-graph\">{\"@context\":\"https:\/\/schema.org\",\"@graph\":[{\"@type\":\"WebPage\",\"@id\":\"https:\/\/www.swud.org\/zusammenarbeit-mit-der-swd\/weitere-foerderpartnerschaften\/online-blog-symposium\/wahlpruefung-in-der-pruefung\/\",\"url\":\"https:\/\/www.swud.org\/zusammenarbeit-mit-der-swd\/weitere-foerderpartnerschaften\/online-blog-symposium\/wahlpruefung-in-der-pruefung\/\",\"name\":\"Wahlpr\u00fcfung in der Pr\u00fcfung - Stiftung Wissenschaft und Demokratie\",\"isPartOf\":{\"@id\":\"https:\/\/www.swud.org\/#website\"},\"datePublished\":\"2025-01-16T08:19:41+00:00\",\"dateModified\":\"2025-02-04T14:00:11+00:00\",\"breadcrumb\":{\"@id\":\"https:\/\/www.swud.org\/zusammenarbeit-mit-der-swd\/weitere-foerderpartnerschaften\/online-blog-symposium\/wahlpruefung-in-der-pruefung\/#breadcrumb\"},\"inLanguage\":\"en-GB\",\"potentialAction\":[{\"@type\":\"ReadAction\",\"target\":[\"https:\/\/www.swud.org\/zusammenarbeit-mit-der-swd\/weitere-foerderpartnerschaften\/online-blog-symposium\/wahlpruefung-in-der-pruefung\/\"]}]},{\"@type\":\"BreadcrumbList\",\"@id\":\"https:\/\/www.swud.org\/zusammenarbeit-mit-der-swd\/weitere-foerderpartnerschaften\/online-blog-symposium\/wahlpruefung-in-der-pruefung\/#breadcrumb\",\"itemListElement\":[{\"@type\":\"ListItem\",\"position\":1,\"name\":\"Startseite\",\"item\":\"https:\/\/www.swud.org\/\"},{\"@type\":\"ListItem\",\"position\":2,\"name\":\"ZUSAMMENARBEIT MIT DER SW&amp;D\",\"item\":\"https:\/\/www.swud.org\/zusammenarbeit-mit-der-swd\/\"},{\"@type\":\"ListItem\",\"position\":3,\"name\":\"Weitere F\u00f6rderpartnerschaften\",\"item\":\"https:\/\/www.swud.org\/?page_id=721\"},{\"@type\":\"ListItem\",\"position\":4,\"name\":\"Online-Blog-Symposium\",\"item\":\"https:\/\/www.swud.org\/zusammenarbeit-mit-der-swd\/weitere-foerderpartnerschaften\/online-blog-symposium\/\"},{\"@type\":\"ListItem\",\"position\":5,\"name\":\"Wahlpr\u00fcfung in der Pr\u00fcfung\"}]},{\"@type\":\"WebSite\",\"@id\":\"https:\/\/www.swud.org\/#website\",\"url\":\"https:\/\/www.swud.org\/\",\"name\":\"Stiftung Wissenschaft und Demokratie\",\"description\":\"\",\"potentialAction\":[{\"@type\":\"SearchAction\",\"target\":{\"@type\":\"EntryPoint\",\"urlTemplate\":\"https:\/\/www.swud.org\/?s={search_term_string}\"},\"query-input\":{\"@type\":\"PropertyValueSpecification\",\"valueRequired\":true,\"valueName\":\"search_term_string\"}}],\"inLanguage\":\"en-GB\"}]}<\/script>\n<!-- \/ Yoast SEO plugin. -->","yoast_head_json":{"title":"Election audit under review - Stiftung Wissenschaft und Demokratie","robots":{"index":"index","follow":"follow","max-snippet":"max-snippet:-1","max-image-preview":"max-image-preview:large","max-video-preview":"max-video-preview:-1"},"canonical":"https:\/\/www.swud.org\/en\/zusammenarbeit-mit-der-swd\/weitere-foerderpartnerschaften\/online-blog-symposium\/wahlpruefung-in-der-pruefung\/","og_locale":"en_GB","og_type":"article","og_title":"Wahlpr\u00fcfung in der Pr\u00fcfung - Stiftung Wissenschaft und Demokratie","og_description":"ONLINE BLOG SYMPOSIEN Blogreihe &#8222;Das Recht der demokratischen Willensbildung&#8220; Wahlpr\u00fcfung in der Pr\u00fcfung Das dritte Blog-Symposium zum Thema \u201eWahlpr\u00fcfung in der Pr\u00fcfung\u201c wird ver\u00f6ffentlicht: Nach dem Wahldesaster in der Bundeshauptstadt Berlin am 26. September 2021 ger\u00e4t das Verfahren in den Fokus, in dem der korrekte Ablauf von Wahlen \u00fcberpr\u00fcft und sicher gestellt werden soll. Ist [&hellip;]","og_url":"https:\/\/www.swud.org\/en\/zusammenarbeit-mit-der-swd\/weitere-foerderpartnerschaften\/online-blog-symposium\/wahlpruefung-in-der-pruefung\/","og_site_name":"Stiftung Wissenschaft und Demokratie","article_modified_time":"2025-02-04T14:00:11+00:00","twitter_card":"summary_large_image","twitter_misc":{"Est. reading time":"2 minutes"},"schema":{"@context":"https:\/\/schema.org","@graph":[{"@type":"WebPage","@id":"https:\/\/www.swud.org\/zusammenarbeit-mit-der-swd\/weitere-foerderpartnerschaften\/online-blog-symposium\/wahlpruefung-in-der-pruefung\/","url":"https:\/\/www.swud.org\/zusammenarbeit-mit-der-swd\/weitere-foerderpartnerschaften\/online-blog-symposium\/wahlpruefung-in-der-pruefung\/","name":"Election audit under review - Stiftung Wissenschaft und Demokratie","isPartOf":{"@id":"https:\/\/www.swud.org\/#website"},"datePublished":"2025-01-16T08:19:41+00:00","dateModified":"2025-02-04T14:00:11+00:00","breadcrumb":{"@id":"https:\/\/www.swud.org\/zusammenarbeit-mit-der-swd\/weitere-foerderpartnerschaften\/online-blog-symposium\/wahlpruefung-in-der-pruefung\/#breadcrumb"},"inLanguage":"en-GB","potentialAction":[{"@type":"ReadAction","target":["https:\/\/www.swud.org\/zusammenarbeit-mit-der-swd\/weitere-foerderpartnerschaften\/online-blog-symposium\/wahlpruefung-in-der-pruefung\/"]}]},{"@type":"BreadcrumbList","@id":"https:\/\/www.swud.org\/zusammenarbeit-mit-der-swd\/weitere-foerderpartnerschaften\/online-blog-symposium\/wahlpruefung-in-der-pruefung\/#breadcrumb","itemListElement":[{"@type":"ListItem","position":1,"name":"Startseite","item":"https:\/\/www.swud.org\/"},{"@type":"ListItem","position":2,"name":"ZUSAMMENARBEIT MIT DER SW&amp;D","item":"https:\/\/www.swud.org\/zusammenarbeit-mit-der-swd\/"},{"@type":"ListItem","position":3,"name":"Weitere F\u00f6rderpartnerschaften","item":"https:\/\/www.swud.org\/?page_id=721"},{"@type":"ListItem","position":4,"name":"Online-Blog-Symposium","item":"https:\/\/www.swud.org\/zusammenarbeit-mit-der-swd\/weitere-foerderpartnerschaften\/online-blog-symposium\/"},{"@type":"ListItem","position":5,"name":"Wahlpr\u00fcfung in der Pr\u00fcfung"}]},{"@type":"WebSite","@id":"https:\/\/www.swud.org\/#website","url":"https:\/\/www.swud.org\/","name":"Foundation Science and Democracy","description":"","potentialAction":[{"@type":"SearchAction","target":{"@type":"EntryPoint","urlTemplate":"https:\/\/www.swud.org\/?s={search_term_string}"},"query-input":{"@type":"PropertyValueSpecification","valueRequired":true,"valueName":"search_term_string"}}],"inLanguage":"en-GB"}]}},"_links":{"self":[{"href":"https:\/\/www.swud.org\/en\/wp-json\/wp\/v2\/pages\/4570","targetHints":{"allow":["GET"]}}],"collection":[{"href":"https:\/\/www.swud.org\/en\/wp-json\/wp\/v2\/pages"}],"about":[{"href":"https:\/\/www.swud.org\/en\/wp-json\/wp\/v2\/types\/page"}],"author":[{"embeddable":true,"href":"https:\/\/www.swud.org\/en\/wp-json\/wp\/v2\/users\/3"}],"replies":[{"embeddable":true,"href":"https:\/\/www.swud.org\/en\/wp-json\/wp\/v2\/comments?post=4570"}],"version-history":[{"count":0,"href":"https:\/\/www.swud.org\/en\/wp-json\/wp\/v2\/pages\/4570\/revisions"}],"up":[{"embeddable":true,"href":"https:\/\/www.swud.org\/en\/wp-json\/wp\/v2\/pages\/4373"}],"wp:attachment":[{"href":"https:\/\/www.swud.org\/en\/wp-json\/wp\/v2\/media?parent=4570"}],"curies":[{"name":"wp","href":"https:\/\/api.w.org\/{rel}","templated":true}]}}