{"id":4572,"date":"2025-01-16T09:22:51","date_gmt":"2025-01-16T08:22:51","guid":{"rendered":"https:\/\/wp.swud.org\/?page_id=4572"},"modified":"2025-02-04T15:01:38","modified_gmt":"2025-02-04T14:01:38","slug":"parliaments-in-wartime","status":"publish","type":"page","link":"https:\/\/www.swud.org\/en\/zusammenarbeit-mit-der-swd\/weitere-foerderpartnerschaften\/online-blog-symposium\/parliaments-in-wartime\/","title":{"rendered":"Parliaments in Wartime"},"content":{"rendered":"<div data-elementor-type=\"wp-page\" data-elementor-id=\"4572\" class=\"elementor elementor-4572\" data-elementor-post-type=\"page\">\n\t\t\t\t\t\t<section class=\"ob-is-breaking-bad elementor-section elementor-top-section elementor-element elementor-element-97ce661 elementor-section-height-min-height elementor-section-boxed elementor-section-height-default elementor-section-items-middle\" data-id=\"97ce661\" data-element_type=\"section\" data-e-type=\"section\" data-settings=\"{&quot;background_background&quot;:&quot;classic&quot;,&quot;_ob_bbad_use_it&quot;:&quot;yes&quot;,&quot;_ob_bbad_sssic_use&quot;:&quot;no&quot;}\">\n\t\t\t\t\t\t\t<div class=\"elementor-background-overlay\"><\/div>\n\t\t\t\t\t\t\t<div class=\"elementor-container elementor-column-gap-wider\">\n\t\t\t\t\t<div class=\"elementor-column elementor-col-100 elementor-top-column elementor-element elementor-element-e3777ca\" data-id=\"e3777ca\" data-element_type=\"column\" data-e-type=\"column\" data-settings=\"{&quot;_ob_bbad_is_stalker&quot;:&quot;no&quot;}\">\n\t\t\t<div class=\"elementor-widget-wrap elementor-element-populated\">\n\t\t\t\t\t\t<div class=\"elementor-element elementor-element-e714652 elementor-widget__width-auto elementor-widget-mobile__width-inherit elementor-invisible elementor-widget elementor-widget-heading\" data-id=\"e714652\" data-element_type=\"widget\" data-e-type=\"widget\" data-settings=\"{&quot;_animation&quot;:&quot;fadeIn&quot;,&quot;_animation_delay&quot;:200,&quot;_ob_widget_stalker_use&quot;:&quot;no&quot;}\" data-widget_type=\"heading.default\">\n\t\t\t\t<div class=\"elementor-widget-container\">\n\t\t\t\t\t<h1 class=\"elementor-heading-title elementor-size-default\">ONLINE BLOG SYMPOSIA<\/h1>\t\t\t\t<\/div>\n\t\t\t\t<\/div>\n\t\t\t\t\t<\/div>\n\t\t<\/div>\n\t\t\t\t\t<\/div>\n\t\t<\/section>\n\t\t\t\t<section class=\"ob-is-breaking-bad elementor-section elementor-top-section elementor-element elementor-element-8445127 elementor-section-boxed elementor-section-height-default elementor-section-height-default\" data-id=\"8445127\" data-element_type=\"section\" data-e-type=\"section\" data-settings=\"{&quot;background_background&quot;:&quot;classic&quot;,&quot;_ob_bbad_use_it&quot;:&quot;yes&quot;,&quot;_ob_bbad_sssic_use&quot;:&quot;no&quot;}\">\n\t\t\t\t\t\t<div class=\"elementor-container elementor-column-gap-default\">\n\t\t\t\t\t<div class=\"elementor-column elementor-col-100 elementor-top-column elementor-element elementor-element-f0be9c0\" data-id=\"f0be9c0\" data-element_type=\"column\" data-e-type=\"column\" data-settings=\"{&quot;_ob_bbad_is_stalker&quot;:&quot;no&quot;}\">\n\t\t\t<div class=\"elementor-widget-wrap elementor-element-populated\">\n\t\t\t\t\t\t<section class=\"ob-is-breaking-bad ob-bb-inner elementor-section elementor-inner-section elementor-element elementor-element-dba0ef5 elementor-section-boxed elementor-section-height-default elementor-section-height-default\" data-id=\"dba0ef5\" data-element_type=\"section\" data-e-type=\"section\" data-settings=\"{&quot;_ob_bbad_use_it&quot;:&quot;yes&quot;,&quot;_ob_bbad_sssic_use&quot;:&quot;no&quot;}\">\n\t\t\t\t\t\t<div class=\"elementor-container elementor-column-gap-wider\">\n\t\t\t\t\t<div class=\"elementor-column elementor-col-100 elementor-inner-column elementor-element elementor-element-e826cf8\" data-id=\"e826cf8\" data-element_type=\"column\" data-e-type=\"column\" data-settings=\"{&quot;_ob_bbad_is_stalker&quot;:&quot;no&quot;}\">\n\t\t\t<div class=\"elementor-widget-wrap elementor-element-populated\">\n\t\t\t\t\t\t<div class=\"elementor-element elementor-element-173ce0c elementor-invisible elementor-widget elementor-widget-heading\" data-id=\"173ce0c\" data-element_type=\"widget\" data-e-type=\"widget\" data-settings=\"{&quot;_animation&quot;:&quot;fadeInDown&quot;,&quot;_animation_delay&quot;:700,&quot;_ob_widget_stalker_use&quot;:&quot;no&quot;}\" data-widget_type=\"heading.default\">\n\t\t\t\t<div class=\"elementor-widget-container\">\n\t\t\t\t\t<div class=\"elementor-heading-title elementor-size-default\">Blog series<\/div>\t\t\t\t<\/div>\n\t\t\t\t<\/div>\n\t\t\t\t<div class=\"elementor-element elementor-element-eb8dc9d elementor-invisible elementor-widget elementor-widget-heading\" data-id=\"eb8dc9d\" data-element_type=\"widget\" data-e-type=\"widget\" data-settings=\"{&quot;_animation&quot;:&quot;fadeInDown&quot;,&quot;_animation_delay&quot;:700,&quot;_ob_widget_stalker_use&quot;:&quot;no&quot;}\" data-widget_type=\"heading.default\">\n\t\t\t\t<div class=\"elementor-widget-container\">\n\t\t\t\t\t<div class=\"elementor-heading-title elementor-size-default\"> \"The right of democratic decision-making\"<\/div>\t\t\t\t<\/div>\n\t\t\t\t<\/div>\n\t\t\t\t<div class=\"elementor-element elementor-element-3fed816 elementor-widget-tablet__width-initial elementor-invisible elementor-widget elementor-widget-heading\" data-id=\"3fed816\" data-element_type=\"widget\" data-e-type=\"widget\" data-settings=\"{&quot;_animation&quot;:&quot;fadeInDown&quot;,&quot;_animation_delay&quot;:700,&quot;_ob_widget_stalker_use&quot;:&quot;no&quot;}\" data-widget_type=\"heading.default\">\n\t\t\t\t<div class=\"elementor-widget-container\">\n\t\t\t\t\t<h2 class=\"elementor-heading-title elementor-size-default\">Parliaments in Wartime<\/h2>\t\t\t\t<\/div>\n\t\t\t\t<\/div>\n\t\t\t\t<div class=\"elementor-element elementor-element-c309629 elementor-widget elementor-widget-text-editor\" data-id=\"c309629\" data-element_type=\"widget\" data-e-type=\"widget\" data-settings=\"{&quot;_animation&quot;:&quot;none&quot;,&quot;_ob_widget_stalker_use&quot;:&quot;no&quot;}\" data-widget_type=\"text-editor.default\">\n\t\t\t\t<div class=\"elementor-widget-container\">\n\t\t\t\t\t\t\t\t\t<p>The <a href=\"https:\/\/verfassungsblog.de\/category\/debates\/parliaments-in-wartime-debates\/\" target=\"_blank\" rel=\"noopener\"><strong>second blog symposium on the topic \"Parliaments in Wartime\"<\/strong><\/a> has started:<\/p><p><strong>How can a constitutional democracy be maintained under conditions of war?<\/strong><br \/><strong>In concrete terms, how does a democratically elected parliament work in a country where foreign military forces have invaded and where there are repeated acts of war - with the declared aim of disempowering the current government?<\/strong><\/p><p>Russia's attack on Ukraine in February 2022 created an unprecedented situation that poses new practical challenges for politicians and academics. The consideration of the resulting problems in practice and the scientific expertise for possible concrete approaches in Ukraine, as well as a general scientific consideration of this largely unresearched situation, are part of this online debate in English.<\/p><p>The debate is introduced with the contribution\u00a0<a href=\"https:\/\/verfassungsblog.de\/ukraines-parliament-in-wartime\/\" target=\"_blank\" rel=\"noopener\"><strong>\"Ukraine's Parliament in Wartime\"<\/strong><\/a>\u00a0by Yuliia Kyrychenko and Sujit Choudhry.<br \/>Many more impulses will follow in the next few days.<\/p><p><strong>Contributions to the topic <a href=\"https:\/\/verfassungsblog.de\/category\/debates\/parliaments-in-wartime-debates\/\" target=\"_blank\" rel=\"noopener\">\"Parliaments in Wartime\"<\/a>:<\/strong><\/p>\t\t\t\t\t\t\t\t<\/div>\n\t\t\t\t<\/div>\n\t\t\t\t<div class=\"elementor-element elementor-element-c5562dd elementor-align-start elementor-icon-list--layout-traditional elementor-list-item-link-full_width elementor-widget elementor-widget-icon-list\" data-id=\"c5562dd\" data-element_type=\"widget\" data-e-type=\"widget\" data-settings=\"{&quot;_ob_widget_stalker_use&quot;:&quot;no&quot;}\" data-widget_type=\"icon-list.default\">\n\t\t\t\t<div class=\"elementor-widget-container\">\n\t\t\t\t\t\t\t<ul class=\"elementor-icon-list-items\">\n\t\t\t\t\t\t\t<li class=\"elementor-icon-list-item\">\n\t\t\t\t\t\t\t\t\t\t\t<a href=\"https:\/\/verfassungsblog.de\/ukraines-parliament-in-wartime\/\" target=\"_blank\">\n\n\t\t\t\t\t\t\t\t\t\t\t\t<span class=\"elementor-icon-list-icon\">\n\t\t\t\t\t\t\t<i aria-hidden=\"true\" class=\"far fa-arrow-alt-circle-right\"><\/i>\t\t\t\t\t\t<\/span>\n\t\t\t\t\t\t\t\t\t\t<span class=\"elementor-icon-list-text\">Ukraine's Parliament in Wartime (Yuliia Kyrychenko, Sujit Choudhry)<\/span>\n\t\t\t\t\t\t\t\t\t\t\t<\/a>\n\t\t\t\t\t\t\t\t\t<\/li>\n\t\t\t\t\t\t\t\t<li class=\"elementor-icon-list-item\">\n\t\t\t\t\t\t\t\t\t\t\t<a href=\"https:\/\/verfassungsblog.de\/democracy-under-total-war\/\" target=\"_blank\">\n\n\t\t\t\t\t\t\t\t\t\t\t\t<span class=\"elementor-icon-list-icon\">\n\t\t\t\t\t\t\t<i aria-hidden=\"true\" class=\"far fa-arrow-alt-circle-right\"><\/i>\t\t\t\t\t\t<\/span>\n\t\t\t\t\t\t\t\t\t\t<span class=\"elementor-icon-list-text\">Democracy Under Total War (Samuel Issacharoff)<\/span>\n\t\t\t\t\t\t\t\t\t\t\t<\/a>\n\t\t\t\t\t\t\t\t\t<\/li>\n\t\t\t\t\t\t\t\t<li class=\"elementor-icon-list-item\">\n\t\t\t\t\t\t\t\t\t\t\t<a href=\"https:\/\/verfassungsblog.de\/we-the-territorial-people-and-the-russia-ukraine-war\/\" target=\"_blank\">\n\n\t\t\t\t\t\t\t\t\t\t\t\t<span class=\"elementor-icon-list-icon\">\n\t\t\t\t\t\t\t<i aria-hidden=\"true\" class=\"far fa-arrow-alt-circle-right\"><\/i>\t\t\t\t\t\t<\/span>\n\t\t\t\t\t\t\t\t\t\t<span class=\"elementor-icon-list-text\">\"We the Territorial People\" and the Russia-Ukraine War (Rivka Weill)<\/span>\n\t\t\t\t\t\t\t\t\t\t\t<\/a>\n\t\t\t\t\t\t\t\t\t<\/li>\n\t\t\t\t\t\t\t\t<li class=\"elementor-icon-list-item\">\n\t\t\t\t\t\t\t\t\t\t\t<a href=\"https:\/\/verfassungsblog.de\/the-united-parliament\/\" target=\"_blank\">\n\n\t\t\t\t\t\t\t\t\t\t\t\t<span class=\"elementor-icon-list-icon\">\n\t\t\t\t\t\t\t<i aria-hidden=\"true\" class=\"far fa-arrow-alt-circle-right\"><\/i>\t\t\t\t\t\t<\/span>\n\t\t\t\t\t\t\t\t\t\t<span class=\"elementor-icon-list-text\">The United Parliament (Irina Khmelko)<\/span>\n\t\t\t\t\t\t\t\t\t\t\t<\/a>\n\t\t\t\t\t\t\t\t\t<\/li>\n\t\t\t\t\t\t\t\t<li class=\"elementor-icon-list-item\">\n\t\t\t\t\t\t\t\t\t\t\t<a href=\"https:\/\/verfassungsblog.de\/the-placeless-parliament\/\" target=\"_blank\">\n\n\t\t\t\t\t\t\t\t\t\t\t\t<span class=\"elementor-icon-list-icon\">\n\t\t\t\t\t\t\t<i aria-hidden=\"true\" class=\"far fa-arrow-alt-circle-right\"><\/i>\t\t\t\t\t\t<\/span>\n\t\t\t\t\t\t\t\t\t\t<span class=\"elementor-icon-list-text\">The Placeless Parliament (Christoph Bieber)<\/span>\n\t\t\t\t\t\t\t\t\t\t\t<\/a>\n\t\t\t\t\t\t\t\t\t<\/li>\n\t\t\t\t\t\t<\/ul>\n\t\t\t\t\t\t<\/div>\n\t\t\t\t<\/div>\n\t\t\t\t<div class=\"elementor-element elementor-element-8093f40 elementor-widget elementor-widget-text-editor\" data-id=\"8093f40\" data-element_type=\"widget\" data-e-type=\"widget\" data-settings=\"{&quot;_animation&quot;:&quot;none&quot;,&quot;_ob_widget_stalker_use&quot;:&quot;no&quot;}\" data-widget_type=\"text-editor.default\">\n\t\t\t\t<div class=\"elementor-widget-container\">\n\t\t\t\t\t\t\t\t\t<p><br \/>The blog series \"The right of democratic decision-making\" is thus entering its second round!<\/p>\t\t\t\t\t\t\t\t<\/div>\n\t\t\t\t<\/div>\n\t\t\t\t\t<\/div>\n\t\t<\/div>\n\t\t\t\t\t<\/div>\n\t\t<\/section>\n\t\t\t\t\t<\/div>\n\t\t<\/div>\n\t\t\t\t\t<\/div>\n\t\t<\/section>\n\t\t\t\t<\/div>","protected":false},"excerpt":{"rendered":"<p>ONLINE BLOG SYMPOSIES Blog series \"The right of democratic decision-making\" Parliaments in Wartime The second blog symposium on the topic of \"Parliaments in Wartime\" has been launched: How can a constitutional democracy be maintained under wartime conditions?\" Specifically, how does a democratically elected parliament work in a country where the foreign military has invaded and where there are repeated [...]<\/p>","protected":false},"author":3,"featured_media":0,"parent":4373,"menu_order":4,"comment_status":"closed","ping_status":"closed","template":"","meta":{"_acf_changed":false,"footnotes":""},"class_list":["post-4572","page","type-page","status-publish","hentry"],"acf":[],"featured_image_src":null,"yoast_head":"<!-- This site is optimized with the Yoast SEO plugin v26.9 - https:\/\/yoast.com\/product\/yoast-seo-wordpress\/ -->\n<title>Parliaments in Wartime - Stiftung Wissenschaft und Demokratie<\/title>\n<meta name=\"robots\" content=\"index, follow, max-snippet:-1, max-image-preview:large, max-video-preview:-1\" \/>\n<link rel=\"canonical\" href=\"https:\/\/www.swud.org\/en\/zusammenarbeit-mit-der-swd\/weitere-foerderpartnerschaften\/online-blog-symposium\/parliaments-in-wartime\/\" \/>\n<meta property=\"og:locale\" content=\"en_GB\" \/>\n<meta property=\"og:type\" content=\"article\" \/>\n<meta property=\"og:title\" content=\"Parliaments in Wartime - Stiftung Wissenschaft und Demokratie\" \/>\n<meta property=\"og:description\" content=\"ONLINE BLOG SYMPOSIEN Blogreihe &#8222;Das Recht der demokratischen Willensbildung&#8220; Parliaments in Wartime Das zweite Blog-Symposium zum Thema \u201eParliaments in Wartime\u201c ist gestartet: Wie kann eine konstitutionelle Demokratie unter Kriegsbedingungen aufrecht erhalten werden?Ganz konkret: Wie arbeitet ein demokratisch gew\u00e4hltes Parlament in einem Land, auf dessen Grund ausl\u00e4ndisches Milit\u00e4r einmarschiert ist und in dem es immer wieder [&hellip;]\" \/>\n<meta property=\"og:url\" content=\"https:\/\/www.swud.org\/en\/zusammenarbeit-mit-der-swd\/weitere-foerderpartnerschaften\/online-blog-symposium\/parliaments-in-wartime\/\" \/>\n<meta property=\"og:site_name\" content=\"Stiftung Wissenschaft und Demokratie\" \/>\n<meta property=\"article:modified_time\" content=\"2025-02-04T14:01:38+00:00\" \/>\n<meta name=\"twitter:card\" content=\"summary_large_image\" \/>\n<meta name=\"twitter:label1\" content=\"Est. reading time\" \/>\n\t<meta name=\"twitter:data1\" content=\"2 minutes\" \/>\n<script type=\"application\/ld+json\" class=\"yoast-schema-graph\">{\"@context\":\"https:\/\/schema.org\",\"@graph\":[{\"@type\":\"WebPage\",\"@id\":\"https:\/\/www.swud.org\/zusammenarbeit-mit-der-swd\/weitere-foerderpartnerschaften\/online-blog-symposium\/parliaments-in-wartime\/\",\"url\":\"https:\/\/www.swud.org\/zusammenarbeit-mit-der-swd\/weitere-foerderpartnerschaften\/online-blog-symposium\/parliaments-in-wartime\/\",\"name\":\"Parliaments in Wartime - Stiftung Wissenschaft und Demokratie\",\"isPartOf\":{\"@id\":\"https:\/\/www.swud.org\/#website\"},\"datePublished\":\"2025-01-16T08:22:51+00:00\",\"dateModified\":\"2025-02-04T14:01:38+00:00\",\"breadcrumb\":{\"@id\":\"https:\/\/www.swud.org\/zusammenarbeit-mit-der-swd\/weitere-foerderpartnerschaften\/online-blog-symposium\/parliaments-in-wartime\/#breadcrumb\"},\"inLanguage\":\"en-GB\",\"potentialAction\":[{\"@type\":\"ReadAction\",\"target\":[\"https:\/\/www.swud.org\/zusammenarbeit-mit-der-swd\/weitere-foerderpartnerschaften\/online-blog-symposium\/parliaments-in-wartime\/\"]}]},{\"@type\":\"BreadcrumbList\",\"@id\":\"https:\/\/www.swud.org\/zusammenarbeit-mit-der-swd\/weitere-foerderpartnerschaften\/online-blog-symposium\/parliaments-in-wartime\/#breadcrumb\",\"itemListElement\":[{\"@type\":\"ListItem\",\"position\":1,\"name\":\"Startseite\",\"item\":\"https:\/\/www.swud.org\/\"},{\"@type\":\"ListItem\",\"position\":2,\"name\":\"ZUSAMMENARBEIT MIT DER SW&amp;D\",\"item\":\"https:\/\/www.swud.org\/zusammenarbeit-mit-der-swd\/\"},{\"@type\":\"ListItem\",\"position\":3,\"name\":\"Weitere F\u00f6rderpartnerschaften\",\"item\":\"https:\/\/www.swud.org\/?page_id=721\"},{\"@type\":\"ListItem\",\"position\":4,\"name\":\"Online-Blog-Symposium\",\"item\":\"https:\/\/www.swud.org\/zusammenarbeit-mit-der-swd\/weitere-foerderpartnerschaften\/online-blog-symposium\/\"},{\"@type\":\"ListItem\",\"position\":5,\"name\":\"Parliaments in Wartime\"}]},{\"@type\":\"WebSite\",\"@id\":\"https:\/\/www.swud.org\/#website\",\"url\":\"https:\/\/www.swud.org\/\",\"name\":\"Stiftung Wissenschaft und Demokratie\",\"description\":\"\",\"potentialAction\":[{\"@type\":\"SearchAction\",\"target\":{\"@type\":\"EntryPoint\",\"urlTemplate\":\"https:\/\/www.swud.org\/?s={search_term_string}\"},\"query-input\":{\"@type\":\"PropertyValueSpecification\",\"valueRequired\":true,\"valueName\":\"search_term_string\"}}],\"inLanguage\":\"en-GB\"}]}<\/script>\n<!-- \/ Yoast SEO plugin. -->","yoast_head_json":{"title":"Parliaments in Wartime - Foundation for Science and Democracy","robots":{"index":"index","follow":"follow","max-snippet":"max-snippet:-1","max-image-preview":"max-image-preview:large","max-video-preview":"max-video-preview:-1"},"canonical":"https:\/\/www.swud.org\/en\/zusammenarbeit-mit-der-swd\/weitere-foerderpartnerschaften\/online-blog-symposium\/parliaments-in-wartime\/","og_locale":"en_GB","og_type":"article","og_title":"Parliaments in Wartime - Stiftung Wissenschaft und Demokratie","og_description":"ONLINE BLOG SYMPOSIEN Blogreihe &#8222;Das Recht der demokratischen Willensbildung&#8220; Parliaments in Wartime Das zweite Blog-Symposium zum Thema \u201eParliaments in Wartime\u201c ist gestartet: Wie kann eine konstitutionelle Demokratie unter Kriegsbedingungen aufrecht erhalten werden?Ganz konkret: Wie arbeitet ein demokratisch gew\u00e4hltes Parlament in einem Land, auf dessen Grund ausl\u00e4ndisches Milit\u00e4r einmarschiert ist und in dem es immer wieder [&hellip;]","og_url":"https:\/\/www.swud.org\/en\/zusammenarbeit-mit-der-swd\/weitere-foerderpartnerschaften\/online-blog-symposium\/parliaments-in-wartime\/","og_site_name":"Stiftung Wissenschaft und Demokratie","article_modified_time":"2025-02-04T14:01:38+00:00","twitter_card":"summary_large_image","twitter_misc":{"Est. reading time":"2 minutes"},"schema":{"@context":"https:\/\/schema.org","@graph":[{"@type":"WebPage","@id":"https:\/\/www.swud.org\/zusammenarbeit-mit-der-swd\/weitere-foerderpartnerschaften\/online-blog-symposium\/parliaments-in-wartime\/","url":"https:\/\/www.swud.org\/zusammenarbeit-mit-der-swd\/weitere-foerderpartnerschaften\/online-blog-symposium\/parliaments-in-wartime\/","name":"Parliaments in Wartime - Foundation for Science and Democracy","isPartOf":{"@id":"https:\/\/www.swud.org\/#website"},"datePublished":"2025-01-16T08:22:51+00:00","dateModified":"2025-02-04T14:01:38+00:00","breadcrumb":{"@id":"https:\/\/www.swud.org\/zusammenarbeit-mit-der-swd\/weitere-foerderpartnerschaften\/online-blog-symposium\/parliaments-in-wartime\/#breadcrumb"},"inLanguage":"en-GB","potentialAction":[{"@type":"ReadAction","target":["https:\/\/www.swud.org\/zusammenarbeit-mit-der-swd\/weitere-foerderpartnerschaften\/online-blog-symposium\/parliaments-in-wartime\/"]}]},{"@type":"BreadcrumbList","@id":"https:\/\/www.swud.org\/zusammenarbeit-mit-der-swd\/weitere-foerderpartnerschaften\/online-blog-symposium\/parliaments-in-wartime\/#breadcrumb","itemListElement":[{"@type":"ListItem","position":1,"name":"Startseite","item":"https:\/\/www.swud.org\/"},{"@type":"ListItem","position":2,"name":"ZUSAMMENARBEIT MIT DER SW&amp;D","item":"https:\/\/www.swud.org\/zusammenarbeit-mit-der-swd\/"},{"@type":"ListItem","position":3,"name":"Weitere F\u00f6rderpartnerschaften","item":"https:\/\/www.swud.org\/?page_id=721"},{"@type":"ListItem","position":4,"name":"Online-Blog-Symposium","item":"https:\/\/www.swud.org\/zusammenarbeit-mit-der-swd\/weitere-foerderpartnerschaften\/online-blog-symposium\/"},{"@type":"ListItem","position":5,"name":"Parliaments in Wartime"}]},{"@type":"WebSite","@id":"https:\/\/www.swud.org\/#website","url":"https:\/\/www.swud.org\/","name":"Foundation Science and Democracy","description":"","potentialAction":[{"@type":"SearchAction","target":{"@type":"EntryPoint","urlTemplate":"https:\/\/www.swud.org\/?s={search_term_string}"},"query-input":{"@type":"PropertyValueSpecification","valueRequired":true,"valueName":"search_term_string"}}],"inLanguage":"en-GB"}]}},"_links":{"self":[{"href":"https:\/\/www.swud.org\/en\/wp-json\/wp\/v2\/pages\/4572","targetHints":{"allow":["GET"]}}],"collection":[{"href":"https:\/\/www.swud.org\/en\/wp-json\/wp\/v2\/pages"}],"about":[{"href":"https:\/\/www.swud.org\/en\/wp-json\/wp\/v2\/types\/page"}],"author":[{"embeddable":true,"href":"https:\/\/www.swud.org\/en\/wp-json\/wp\/v2\/users\/3"}],"replies":[{"embeddable":true,"href":"https:\/\/www.swud.org\/en\/wp-json\/wp\/v2\/comments?post=4572"}],"version-history":[{"count":0,"href":"https:\/\/www.swud.org\/en\/wp-json\/wp\/v2\/pages\/4572\/revisions"}],"up":[{"embeddable":true,"href":"https:\/\/www.swud.org\/en\/wp-json\/wp\/v2\/pages\/4373"}],"wp:attachment":[{"href":"https:\/\/www.swud.org\/en\/wp-json\/wp\/v2\/media?parent=4572"}],"curies":[{"name":"wp","href":"https:\/\/api.w.org\/{rel}","templated":true}]}}