{"id":4575,"date":"2025-01-16T09:24:24","date_gmt":"2025-01-16T08:24:24","guid":{"rendered":"https:\/\/wp.swud.org\/?page_id=4575"},"modified":"2025-02-04T15:03:00","modified_gmt":"2025-02-04T14:03:00","slug":"parteitage","status":"publish","type":"page","link":"https:\/\/www.swud.org\/en\/zusammenarbeit-mit-der-swd\/weitere-foerderpartnerschaften\/online-blog-symposium\/parteitage\/","title":{"rendered":"Party conferences"},"content":{"rendered":"<div data-elementor-type=\"wp-page\" data-elementor-id=\"4575\" class=\"elementor elementor-4575\" data-elementor-post-type=\"page\">\n\t\t\t\t\t\t<section class=\"ob-is-breaking-bad elementor-section elementor-top-section elementor-element elementor-element-97ce661 elementor-section-height-min-height elementor-section-boxed elementor-section-height-default elementor-section-items-middle\" data-id=\"97ce661\" data-element_type=\"section\" data-e-type=\"section\" data-settings=\"{&quot;background_background&quot;:&quot;classic&quot;,&quot;_ob_bbad_use_it&quot;:&quot;yes&quot;,&quot;_ob_bbad_sssic_use&quot;:&quot;no&quot;}\">\n\t\t\t\t\t\t\t<div class=\"elementor-background-overlay\"><\/div>\n\t\t\t\t\t\t\t<div class=\"elementor-container elementor-column-gap-wider\">\n\t\t\t\t\t<div class=\"elementor-column elementor-col-100 elementor-top-column elementor-element elementor-element-e3777ca\" data-id=\"e3777ca\" data-element_type=\"column\" data-e-type=\"column\" data-settings=\"{&quot;_ob_bbad_is_stalker&quot;:&quot;no&quot;}\">\n\t\t\t<div class=\"elementor-widget-wrap elementor-element-populated\">\n\t\t\t\t\t\t<div class=\"elementor-element elementor-element-e714652 elementor-widget__width-auto elementor-widget-mobile__width-inherit elementor-invisible elementor-widget elementor-widget-heading\" data-id=\"e714652\" data-element_type=\"widget\" data-e-type=\"widget\" data-settings=\"{&quot;_animation&quot;:&quot;fadeIn&quot;,&quot;_animation_delay&quot;:200,&quot;_ob_widget_stalker_use&quot;:&quot;no&quot;}\" data-widget_type=\"heading.default\">\n\t\t\t\t<div class=\"elementor-widget-container\">\n\t\t\t\t\t<h1 class=\"elementor-heading-title elementor-size-default\">ONLINE BLOG SYMPOSIA<\/h1>\t\t\t\t<\/div>\n\t\t\t\t<\/div>\n\t\t\t\t\t<\/div>\n\t\t<\/div>\n\t\t\t\t\t<\/div>\n\t\t<\/section>\n\t\t\t\t<section class=\"ob-is-breaking-bad elementor-section elementor-top-section elementor-element elementor-element-8445127 elementor-section-boxed elementor-section-height-default elementor-section-height-default\" data-id=\"8445127\" data-element_type=\"section\" data-e-type=\"section\" data-settings=\"{&quot;background_background&quot;:&quot;classic&quot;,&quot;_ob_bbad_use_it&quot;:&quot;yes&quot;,&quot;_ob_bbad_sssic_use&quot;:&quot;no&quot;}\">\n\t\t\t\t\t\t<div class=\"elementor-container elementor-column-gap-default\">\n\t\t\t\t\t<div class=\"elementor-column elementor-col-100 elementor-top-column elementor-element elementor-element-f0be9c0\" data-id=\"f0be9c0\" data-element_type=\"column\" data-e-type=\"column\" data-settings=\"{&quot;_ob_bbad_is_stalker&quot;:&quot;no&quot;}\">\n\t\t\t<div class=\"elementor-widget-wrap elementor-element-populated\">\n\t\t\t\t\t\t<section class=\"ob-is-breaking-bad ob-bb-inner elementor-section elementor-inner-section elementor-element elementor-element-dba0ef5 elementor-section-boxed elementor-section-height-default elementor-section-height-default\" data-id=\"dba0ef5\" data-element_type=\"section\" data-e-type=\"section\" data-settings=\"{&quot;_ob_bbad_use_it&quot;:&quot;yes&quot;,&quot;_ob_bbad_sssic_use&quot;:&quot;no&quot;}\">\n\t\t\t\t\t\t<div class=\"elementor-container elementor-column-gap-wider\">\n\t\t\t\t\t<div class=\"elementor-column elementor-col-100 elementor-inner-column elementor-element elementor-element-e826cf8\" data-id=\"e826cf8\" data-element_type=\"column\" data-e-type=\"column\" data-settings=\"{&quot;_ob_bbad_is_stalker&quot;:&quot;no&quot;}\">\n\t\t\t<div class=\"elementor-widget-wrap elementor-element-populated\">\n\t\t\t\t\t\t<div class=\"elementor-element elementor-element-173ce0c elementor-invisible elementor-widget elementor-widget-heading\" data-id=\"173ce0c\" data-element_type=\"widget\" data-e-type=\"widget\" data-settings=\"{&quot;_animation&quot;:&quot;fadeInDown&quot;,&quot;_animation_delay&quot;:700,&quot;_ob_widget_stalker_use&quot;:&quot;no&quot;}\" data-widget_type=\"heading.default\">\n\t\t\t\t<div class=\"elementor-widget-container\">\n\t\t\t\t\t<div class=\"elementor-heading-title elementor-size-default\">Blog series<\/div>\t\t\t\t<\/div>\n\t\t\t\t<\/div>\n\t\t\t\t<div class=\"elementor-element elementor-element-eb8dc9d elementor-invisible elementor-widget elementor-widget-heading\" data-id=\"eb8dc9d\" data-element_type=\"widget\" data-e-type=\"widget\" data-settings=\"{&quot;_animation&quot;:&quot;fadeInDown&quot;,&quot;_animation_delay&quot;:700,&quot;_ob_widget_stalker_use&quot;:&quot;no&quot;}\" data-widget_type=\"heading.default\">\n\t\t\t\t<div class=\"elementor-widget-container\">\n\t\t\t\t\t<div class=\"elementor-heading-title elementor-size-default\"> \"The right of democratic decision-making\"<\/div>\t\t\t\t<\/div>\n\t\t\t\t<\/div>\n\t\t\t\t<div class=\"elementor-element elementor-element-3fed816 elementor-widget-tablet__width-initial elementor-invisible elementor-widget elementor-widget-heading\" data-id=\"3fed816\" data-element_type=\"widget\" data-e-type=\"widget\" data-settings=\"{&quot;_animation&quot;:&quot;fadeInDown&quot;,&quot;_animation_delay&quot;:700,&quot;_ob_widget_stalker_use&quot;:&quot;no&quot;}\" data-widget_type=\"heading.default\">\n\t\t\t\t<div class=\"elementor-widget-container\">\n\t\t\t\t\t<h2 class=\"elementor-heading-title elementor-size-default\">Party conferences<\/h2>\t\t\t\t<\/div>\n\t\t\t\t<\/div>\n\t\t\t\t<div class=\"elementor-element elementor-element-c309629 elementor-widget elementor-widget-text-editor\" data-id=\"c309629\" data-element_type=\"widget\" data-e-type=\"widget\" data-settings=\"{&quot;_animation&quot;:&quot;none&quot;,&quot;_ob_widget_stalker_use&quot;:&quot;no&quot;}\" data-widget_type=\"text-editor.default\">\n\t\t\t\t<div class=\"elementor-widget-container\">\n\t\t\t\t\t\t\t\t\t<p><strong>Start of the new blog series \"The right of democratic decision-making\"!<\/strong><\/p><p>The <a href=\"https:\/\/verfassungsblog.de\/category\/debates\/parteitage-debates\/\" target=\"_blank\" rel=\"noopener\"><strong>first blog symposium on the topic of \"party conferences\"<\/strong><\/a>emphasises the special role of party conferences in the law of democratic decision-making. For around a week, new contributions by authors from the fields of law and political science will be made available for public discussion on a daily basis. Aspects such as the actual significance of party conferences in times of digitalisation and member decisions as well as the question of which legal requirements new formats of internal party democracy must meet will be examined.<\/p><p>The debate is introduced with the contribution\u00a0<a href=\"https:\/\/verfassungsblog.de\/die-anderen-herzkammern-der-demokratie\/\" target=\"_blank\" rel=\"noopener\"><strong>\"The other heart chambers of democracy\"<\/strong><\/a>\u00a0by Sophie Sch\u00f6nberger and many more ideas will follow in the next few days.<\/p><p><strong>Contributions to the topic <a href=\"https:\/\/verfassungsblog.de\/category\/debates\/parteitage-debates\/\" target=\"_blank\" rel=\"noopener\">\"Party conferences\"<\/a>:<\/strong><\/p>\t\t\t\t\t\t\t\t<\/div>\n\t\t\t\t<\/div>\n\t\t\t\t<div class=\"elementor-element elementor-element-c5562dd elementor-align-start elementor-icon-list--layout-traditional elementor-list-item-link-full_width elementor-widget elementor-widget-icon-list\" data-id=\"c5562dd\" data-element_type=\"widget\" data-e-type=\"widget\" data-settings=\"{&quot;_ob_widget_stalker_use&quot;:&quot;no&quot;}\" data-widget_type=\"icon-list.default\">\n\t\t\t\t<div class=\"elementor-widget-container\">\n\t\t\t\t\t\t\t<ul class=\"elementor-icon-list-items\">\n\t\t\t\t\t\t\t<li class=\"elementor-icon-list-item\">\n\t\t\t\t\t\t\t\t\t\t\t<a href=\"https:\/\/verfassungsblog.de\/die-anderen-herzkammern-der-demokratie\/\" target=\"_blank\">\n\n\t\t\t\t\t\t\t\t\t\t\t\t<span class=\"elementor-icon-list-icon\">\n\t\t\t\t\t\t\t<i aria-hidden=\"true\" class=\"far fa-arrow-alt-circle-right\"><\/i>\t\t\t\t\t\t<\/span>\n\t\t\t\t\t\t\t\t\t\t<span class=\"elementor-icon-list-text\">The other heart chambers of democracy (Sophie Sch\u00f6nberger)<\/span>\n\t\t\t\t\t\t\t\t\t\t\t<\/a>\n\t\t\t\t\t\t\t\t\t<\/li>\n\t\t\t\t\t\t\t\t<li class=\"elementor-icon-list-item\">\n\t\t\t\t\t\t\t\t\t\t\t<a href=\"https:\/\/verfassungsblog.de\/digitalisierung-parteitage-und-innerparteiliche-demokratie\/\" target=\"_blank\">\n\n\t\t\t\t\t\t\t\t\t\t\t\t<span class=\"elementor-icon-list-icon\">\n\t\t\t\t\t\t\t<i aria-hidden=\"true\" class=\"far fa-arrow-alt-circle-right\"><\/i>\t\t\t\t\t\t<\/span>\n\t\t\t\t\t\t\t\t\t\t<span class=\"elementor-icon-list-text\">Digitalisation, party conferences and internal party democracy (Thomas Poguntke)<\/span>\n\t\t\t\t\t\t\t\t\t\t\t<\/a>\n\t\t\t\t\t\t\t\t\t<\/li>\n\t\t\t\t\t\t\t\t<li class=\"elementor-icon-list-item\">\n\t\t\t\t\t\t\t\t\t\t\t<a href=\"https:\/\/verfassungsblog.de\/probieren-geht-uber-studieren\/\" target=\"_blank\">\n\n\t\t\t\t\t\t\t\t\t\t\t\t<span class=\"elementor-icon-list-icon\">\n\t\t\t\t\t\t\t<i aria-hidden=\"true\" class=\"far fa-arrow-alt-circle-right\"><\/i>\t\t\t\t\t\t<\/span>\n\t\t\t\t\t\t\t\t\t\t<span class=\"elementor-icon-list-text\">The proof of the pudding is in the eating! (Bernd Grzeszick)<\/span>\n\t\t\t\t\t\t\t\t\t\t\t<\/a>\n\t\t\t\t\t\t\t\t\t<\/li>\n\t\t\t\t\t\t\t\t<li class=\"elementor-icon-list-item\">\n\t\t\t\t\t\t\t\t\t\t\t<a href=\"https:\/\/verfassungsblog.de\/reprasentation-und-prasenz\/\" target=\"_blank\">\n\n\t\t\t\t\t\t\t\t\t\t\t\t<span class=\"elementor-icon-list-icon\">\n\t\t\t\t\t\t\t<i aria-hidden=\"true\" class=\"far fa-arrow-alt-circle-right\"><\/i>\t\t\t\t\t\t<\/span>\n\t\t\t\t\t\t\t\t\t\t<span class=\"elementor-icon-list-text\">Representation and presence (Fabian Michl)<\/span>\n\t\t\t\t\t\t\t\t\t\t\t<\/a>\n\t\t\t\t\t\t\t\t\t<\/li>\n\t\t\t\t\t\t\t\t<li class=\"elementor-icon-list-item\">\n\t\t\t\t\t\t\t\t\t\t\t<a href=\"https:\/\/verfassungsblog.de\/parteitage-und-parteikultur\/\" target=\"_blank\">\n\n\t\t\t\t\t\t\t\t\t\t\t\t<span class=\"elementor-icon-list-icon\">\n\t\t\t\t\t\t\t<i aria-hidden=\"true\" class=\"far fa-arrow-alt-circle-right\"><\/i>\t\t\t\t\t\t<\/span>\n\t\t\t\t\t\t\t\t\t\t<span class=\"elementor-icon-list-text\">Party conferences and party culture (Niko Switek)<\/span>\n\t\t\t\t\t\t\t\t\t\t\t<\/a>\n\t\t\t\t\t\t\t\t\t<\/li>\n\t\t\t\t\t\t\t\t<li class=\"elementor-icon-list-item\">\n\t\t\t\t\t\t\t\t\t\t\t<a href=\"https:\/\/verfassungsblog.de\/das-mengen-und-das-intensitatsproblem-der-parteitage\/\" target=\"_blank\">\n\n\t\t\t\t\t\t\t\t\t\t\t\t<span class=\"elementor-icon-list-icon\">\n\t\t\t\t\t\t\t<i aria-hidden=\"true\" class=\"far fa-arrow-alt-circle-right\"><\/i>\t\t\t\t\t\t<\/span>\n\t\t\t\t\t\t\t\t\t\t<span class=\"elementor-icon-list-text\">The quantity and intensity problem of party conferences (Martin Morlok)<\/span>\n\t\t\t\t\t\t\t\t\t\t\t<\/a>\n\t\t\t\t\t\t\t\t\t<\/li>\n\t\t\t\t\t\t\t\t<li class=\"elementor-icon-list-item\">\n\t\t\t\t\t\t\t\t\t\t\t<a href=\"https:\/\/verfassungsblog.de\/digital-wie-nie-zuvor\/\" target=\"_blank\">\n\n\t\t\t\t\t\t\t\t\t\t\t\t<span class=\"elementor-icon-list-icon\">\n\t\t\t\t\t\t\t<i aria-hidden=\"true\" class=\"far fa-arrow-alt-circle-right\"><\/i>\t\t\t\t\t\t<\/span>\n\t\t\t\t\t\t\t\t\t\t<span class=\"elementor-icon-list-text\">Digital like never before? (Isabelle Borucki)<\/span>\n\t\t\t\t\t\t\t\t\t\t\t<\/a>\n\t\t\t\t\t\t\t\t\t<\/li>\n\t\t\t\t\t\t\t\t<li class=\"elementor-icon-list-item\">\n\t\t\t\t\t\t\t\t\t\t\t<a href=\"https:\/\/verfassungsblog.de\/unzulassige-entwertung-des-parteitags\/\" target=\"_blank\">\n\n\t\t\t\t\t\t\t\t\t\t\t\t<span class=\"elementor-icon-list-icon\">\n\t\t\t\t\t\t\t<i aria-hidden=\"true\" class=\"far fa-arrow-alt-circle-right\"><\/i>\t\t\t\t\t\t<\/span>\n\t\t\t\t\t\t\t\t\t\t<span class=\"elementor-icon-list-text\">Unauthorised devaluation of the party conference? (Danny Schindler)<\/span>\n\t\t\t\t\t\t\t\t\t\t\t<\/a>\n\t\t\t\t\t\t\t\t\t<\/li>\n\t\t\t\t\t\t\t\t<li class=\"elementor-icon-list-item\">\n\t\t\t\t\t\t\t\t\t\t\t<a href=\"https:\/\/verfassungsblog.de\/digitaler-wahlparteitag-statt-briefwahlparteitag\/\" target=\"_blank\">\n\n\t\t\t\t\t\t\t\t\t\t\t\t<span class=\"elementor-icon-list-icon\">\n\t\t\t\t\t\t\t<i aria-hidden=\"true\" class=\"far fa-arrow-alt-circle-right\"><\/i>\t\t\t\t\t\t<\/span>\n\t\t\t\t\t\t\t\t\t\t<span class=\"elementor-icon-list-text\">Digital election party conference instead of postal vote party conference! (Joachim Wieland)<\/span>\n\t\t\t\t\t\t\t\t\t\t\t<\/a>\n\t\t\t\t\t\t\t\t\t<\/li>\n\t\t\t\t\t\t\t\t<li class=\"elementor-icon-list-item\">\n\t\t\t\t\t\t\t\t\t\t\t<a href=\"https:\/\/verfassungsblog.de\/zuruck-zur-prasenz\/\" target=\"_blank\">\n\n\t\t\t\t\t\t\t\t\t\t\t\t<span class=\"elementor-icon-list-icon\">\n\t\t\t\t\t\t\t<i aria-hidden=\"true\" class=\"far fa-arrow-alt-circle-right\"><\/i>\t\t\t\t\t\t<\/span>\n\t\t\t\t\t\t\t\t\t\t<span class=\"elementor-icon-list-text\">Back to presence (Dr Viola Neu)<\/span>\n\t\t\t\t\t\t\t\t\t\t\t<\/a>\n\t\t\t\t\t\t\t\t\t<\/li>\n\t\t\t\t\t\t<\/ul>\n\t\t\t\t\t\t<\/div>\n\t\t\t\t<\/div>\n\t\t\t\t\t<\/div>\n\t\t<\/div>\n\t\t\t\t\t<\/div>\n\t\t<\/section>\n\t\t\t\t\t<\/div>\n\t\t<\/div>\n\t\t\t\t\t<\/div>\n\t\t<\/section>\n\t\t\t\t<\/div>","protected":false},"excerpt":{"rendered":"<p>ONLINE BLOG SYMPOSIES Blog series \"The law of democratic decision-making\" Party conferences Start of the new blog series \"The law of democratic decision-making\"! The first blog symposium on the topic of \"Party Conventions\" emphasises the special role of party conventions in the law of democratic decision-making. For about a week, new contributions by authors from the fields of law and political science will be published daily for public discussion [...].<\/p>","protected":false},"author":3,"featured_media":0,"parent":4373,"menu_order":4,"comment_status":"closed","ping_status":"closed","template":"","meta":{"_acf_changed":false,"footnotes":""},"class_list":["post-4575","page","type-page","status-publish","hentry"],"acf":[],"featured_image_src":null,"yoast_head":"<!-- This site is optimized with the Yoast SEO plugin v26.9 - https:\/\/yoast.com\/product\/yoast-seo-wordpress\/ -->\n<title>Parteitage - Stiftung Wissenschaft und Demokratie<\/title>\n<meta name=\"robots\" content=\"index, follow, max-snippet:-1, max-image-preview:large, max-video-preview:-1\" \/>\n<link rel=\"canonical\" href=\"https:\/\/www.swud.org\/en\/zusammenarbeit-mit-der-swd\/weitere-foerderpartnerschaften\/online-blog-symposium\/parteitage\/\" \/>\n<meta property=\"og:locale\" content=\"en_GB\" \/>\n<meta property=\"og:type\" content=\"article\" \/>\n<meta property=\"og:title\" content=\"Parteitage - Stiftung Wissenschaft und Demokratie\" \/>\n<meta property=\"og:description\" content=\"ONLINE BLOG SYMPOSIEN Blogreihe &#8222;Das Recht der demokratischen Willensbildung&#8220; Parteitage Start der neuen Blog-Reihe \u201eDas Recht der demokratischen Willensbildung\u201c! Das erste Blog-Symposium zum Thema \u201eParteitage\u201c, stellt die besondere Rolle der Parteitage im Recht der demokratischen Willensbildung heraus. F\u00fcr rund eine Woche werden t\u00e4glich neue Beitr\u00e4ge von Autor*innen aus Rechts- und Politikwissenschaft f\u00fcr die \u00f6ffentliche Diskussion [&hellip;]\" \/>\n<meta property=\"og:url\" content=\"https:\/\/www.swud.org\/en\/zusammenarbeit-mit-der-swd\/weitere-foerderpartnerschaften\/online-blog-symposium\/parteitage\/\" \/>\n<meta property=\"og:site_name\" content=\"Stiftung Wissenschaft und Demokratie\" \/>\n<meta property=\"article:modified_time\" content=\"2025-02-04T14:03:00+00:00\" \/>\n<meta name=\"twitter:card\" content=\"summary_large_image\" \/>\n<meta name=\"twitter:label1\" content=\"Est. reading time\" \/>\n\t<meta name=\"twitter:data1\" content=\"1 minute\" \/>\n<script type=\"application\/ld+json\" class=\"yoast-schema-graph\">{\"@context\":\"https:\/\/schema.org\",\"@graph\":[{\"@type\":\"WebPage\",\"@id\":\"https:\/\/www.swud.org\/zusammenarbeit-mit-der-swd\/weitere-foerderpartnerschaften\/online-blog-symposium\/parteitage\/\",\"url\":\"https:\/\/www.swud.org\/zusammenarbeit-mit-der-swd\/weitere-foerderpartnerschaften\/online-blog-symposium\/parteitage\/\",\"name\":\"Parteitage - Stiftung Wissenschaft und Demokratie\",\"isPartOf\":{\"@id\":\"https:\/\/www.swud.org\/#website\"},\"datePublished\":\"2025-01-16T08:24:24+00:00\",\"dateModified\":\"2025-02-04T14:03:00+00:00\",\"breadcrumb\":{\"@id\":\"https:\/\/www.swud.org\/zusammenarbeit-mit-der-swd\/weitere-foerderpartnerschaften\/online-blog-symposium\/parteitage\/#breadcrumb\"},\"inLanguage\":\"en-GB\",\"potentialAction\":[{\"@type\":\"ReadAction\",\"target\":[\"https:\/\/www.swud.org\/zusammenarbeit-mit-der-swd\/weitere-foerderpartnerschaften\/online-blog-symposium\/parteitage\/\"]}]},{\"@type\":\"BreadcrumbList\",\"@id\":\"https:\/\/www.swud.org\/zusammenarbeit-mit-der-swd\/weitere-foerderpartnerschaften\/online-blog-symposium\/parteitage\/#breadcrumb\",\"itemListElement\":[{\"@type\":\"ListItem\",\"position\":1,\"name\":\"Startseite\",\"item\":\"https:\/\/www.swud.org\/\"},{\"@type\":\"ListItem\",\"position\":2,\"name\":\"ZUSAMMENARBEIT MIT DER SW&amp;D\",\"item\":\"https:\/\/www.swud.org\/zusammenarbeit-mit-der-swd\/\"},{\"@type\":\"ListItem\",\"position\":3,\"name\":\"Weitere F\u00f6rderpartnerschaften\",\"item\":\"https:\/\/www.swud.org\/?page_id=721\"},{\"@type\":\"ListItem\",\"position\":4,\"name\":\"Online-Blog-Symposium\",\"item\":\"https:\/\/www.swud.org\/zusammenarbeit-mit-der-swd\/weitere-foerderpartnerschaften\/online-blog-symposium\/\"},{\"@type\":\"ListItem\",\"position\":5,\"name\":\"Parteitage\"}]},{\"@type\":\"WebSite\",\"@id\":\"https:\/\/www.swud.org\/#website\",\"url\":\"https:\/\/www.swud.org\/\",\"name\":\"Stiftung Wissenschaft und Demokratie\",\"description\":\"\",\"potentialAction\":[{\"@type\":\"SearchAction\",\"target\":{\"@type\":\"EntryPoint\",\"urlTemplate\":\"https:\/\/www.swud.org\/?s={search_term_string}\"},\"query-input\":{\"@type\":\"PropertyValueSpecification\",\"valueRequired\":true,\"valueName\":\"search_term_string\"}}],\"inLanguage\":\"en-GB\"}]}<\/script>\n<!-- \/ Yoast SEO plugin. -->","yoast_head_json":{"title":"Party conferences - Stiftung Wissenschaft und Demokratie","robots":{"index":"index","follow":"follow","max-snippet":"max-snippet:-1","max-image-preview":"max-image-preview:large","max-video-preview":"max-video-preview:-1"},"canonical":"https:\/\/www.swud.org\/en\/zusammenarbeit-mit-der-swd\/weitere-foerderpartnerschaften\/online-blog-symposium\/parteitage\/","og_locale":"en_GB","og_type":"article","og_title":"Parteitage - Stiftung Wissenschaft und Demokratie","og_description":"ONLINE BLOG SYMPOSIEN Blogreihe &#8222;Das Recht der demokratischen Willensbildung&#8220; Parteitage Start der neuen Blog-Reihe \u201eDas Recht der demokratischen Willensbildung\u201c! Das erste Blog-Symposium zum Thema \u201eParteitage\u201c, stellt die besondere Rolle der Parteitage im Recht der demokratischen Willensbildung heraus. F\u00fcr rund eine Woche werden t\u00e4glich neue Beitr\u00e4ge von Autor*innen aus Rechts- und Politikwissenschaft f\u00fcr die \u00f6ffentliche Diskussion [&hellip;]","og_url":"https:\/\/www.swud.org\/en\/zusammenarbeit-mit-der-swd\/weitere-foerderpartnerschaften\/online-blog-symposium\/parteitage\/","og_site_name":"Stiftung Wissenschaft und Demokratie","article_modified_time":"2025-02-04T14:03:00+00:00","twitter_card":"summary_large_image","twitter_misc":{"Est. reading time":"1 minute"},"schema":{"@context":"https:\/\/schema.org","@graph":[{"@type":"WebPage","@id":"https:\/\/www.swud.org\/zusammenarbeit-mit-der-swd\/weitere-foerderpartnerschaften\/online-blog-symposium\/parteitage\/","url":"https:\/\/www.swud.org\/zusammenarbeit-mit-der-swd\/weitere-foerderpartnerschaften\/online-blog-symposium\/parteitage\/","name":"Party conferences - Stiftung Wissenschaft und Demokratie","isPartOf":{"@id":"https:\/\/www.swud.org\/#website"},"datePublished":"2025-01-16T08:24:24+00:00","dateModified":"2025-02-04T14:03:00+00:00","breadcrumb":{"@id":"https:\/\/www.swud.org\/zusammenarbeit-mit-der-swd\/weitere-foerderpartnerschaften\/online-blog-symposium\/parteitage\/#breadcrumb"},"inLanguage":"en-GB","potentialAction":[{"@type":"ReadAction","target":["https:\/\/www.swud.org\/zusammenarbeit-mit-der-swd\/weitere-foerderpartnerschaften\/online-blog-symposium\/parteitage\/"]}]},{"@type":"BreadcrumbList","@id":"https:\/\/www.swud.org\/zusammenarbeit-mit-der-swd\/weitere-foerderpartnerschaften\/online-blog-symposium\/parteitage\/#breadcrumb","itemListElement":[{"@type":"ListItem","position":1,"name":"Startseite","item":"https:\/\/www.swud.org\/"},{"@type":"ListItem","position":2,"name":"ZUSAMMENARBEIT MIT DER SW&amp;D","item":"https:\/\/www.swud.org\/zusammenarbeit-mit-der-swd\/"},{"@type":"ListItem","position":3,"name":"Weitere F\u00f6rderpartnerschaften","item":"https:\/\/www.swud.org\/?page_id=721"},{"@type":"ListItem","position":4,"name":"Online-Blog-Symposium","item":"https:\/\/www.swud.org\/zusammenarbeit-mit-der-swd\/weitere-foerderpartnerschaften\/online-blog-symposium\/"},{"@type":"ListItem","position":5,"name":"Parteitage"}]},{"@type":"WebSite","@id":"https:\/\/www.swud.org\/#website","url":"https:\/\/www.swud.org\/","name":"Foundation Science and Democracy","description":"","potentialAction":[{"@type":"SearchAction","target":{"@type":"EntryPoint","urlTemplate":"https:\/\/www.swud.org\/?s={search_term_string}"},"query-input":{"@type":"PropertyValueSpecification","valueRequired":true,"valueName":"search_term_string"}}],"inLanguage":"en-GB"}]}},"_links":{"self":[{"href":"https:\/\/www.swud.org\/en\/wp-json\/wp\/v2\/pages\/4575","targetHints":{"allow":["GET"]}}],"collection":[{"href":"https:\/\/www.swud.org\/en\/wp-json\/wp\/v2\/pages"}],"about":[{"href":"https:\/\/www.swud.org\/en\/wp-json\/wp\/v2\/types\/page"}],"author":[{"embeddable":true,"href":"https:\/\/www.swud.org\/en\/wp-json\/wp\/v2\/users\/3"}],"replies":[{"embeddable":true,"href":"https:\/\/www.swud.org\/en\/wp-json\/wp\/v2\/comments?post=4575"}],"version-history":[{"count":0,"href":"https:\/\/www.swud.org\/en\/wp-json\/wp\/v2\/pages\/4575\/revisions"}],"up":[{"embeddable":true,"href":"https:\/\/www.swud.org\/en\/wp-json\/wp\/v2\/pages\/4373"}],"wp:attachment":[{"href":"https:\/\/www.swud.org\/en\/wp-json\/wp\/v2\/media?parent=4575"}],"curies":[{"name":"wp","href":"https:\/\/api.w.org\/{rel}","templated":true}]}}