{"id":6922,"date":"2025-02-03T09:19:28","date_gmt":"2025-02-03T08:19:28","guid":{"rendered":"https:\/\/wp2.swud.org\/?page_id=6922"},"modified":"2025-02-05T15:09:53","modified_gmt":"2025-02-05T14:09:53","slug":"profil-von-prof-dr-christian-martin","status":"publish","type":"page","link":"https:\/\/www.swud.org\/en\/swud\/wer-bewegt-die-swud\/beirat\/profil-von-prof-dr-christian-martin\/","title":{"rendered":"Profile of Prof Dr Christian Martin"},"content":{"rendered":"<div data-elementor-type=\"wp-page\" data-elementor-id=\"6922\" class=\"elementor elementor-6922\" data-elementor-post-type=\"page\">\n\t\t\t\t\t\t<section class=\"ob-is-breaking-bad elementor-section elementor-top-section elementor-element elementor-element-8ef5c11 elementor-section-boxed elementor-section-height-default elementor-section-height-default\" data-id=\"8ef5c11\" data-element_type=\"section\" data-e-type=\"section\" data-settings=\"{&quot;background_background&quot;:&quot;classic&quot;,&quot;_ob_bbad_use_it&quot;:&quot;yes&quot;,&quot;_ob_bbad_sssic_use&quot;:&quot;no&quot;}\">\n\t\t\t\t\t\t<div class=\"elementor-container elementor-column-gap-wider\">\n\t\t\t\t\t<div class=\"elementor-column elementor-col-50 elementor-top-column elementor-element elementor-element-b9509d3\" data-id=\"b9509d3\" data-element_type=\"column\" data-e-type=\"column\" data-settings=\"{&quot;_ob_bbad_is_stalker&quot;:&quot;no&quot;}\">\n\t\t\t<div class=\"elementor-widget-wrap elementor-element-populated\">\n\t\t\t\t\t\t<div class=\"elementor-element elementor-element-07a3666 elementor-invisible elementor-widget elementor-widget-heading\" data-id=\"07a3666\" data-element_type=\"widget\" data-e-type=\"widget\" data-settings=\"{&quot;_animation&quot;:&quot;fadeInDown&quot;,&quot;_ob_widget_stalker_use&quot;:&quot;no&quot;}\" data-widget_type=\"heading.default\">\n\t\t\t\t<div class=\"elementor-widget-container\">\n\t\t\t\t\t<div class=\"elementor-heading-title elementor-size-default\">Foundation Science and Democracy<\/div>\t\t\t\t<\/div>\n\t\t\t\t<\/div>\n\t\t\t\t<div class=\"elementor-element elementor-element-c20d82f elementor-invisible elementor-widget elementor-widget-heading\" data-id=\"c20d82f\" data-element_type=\"widget\" data-e-type=\"widget\" data-settings=\"{&quot;_animation&quot;:&quot;fadeInDown&quot;,&quot;_ob_widget_stalker_use&quot;:&quot;no&quot;}\" data-widget_type=\"heading.default\">\n\t\t\t\t<div class=\"elementor-widget-container\">\n\t\t\t\t\t<h2 class=\"elementor-heading-title elementor-size-default\">Prof Dr Christian Martin<\/h2>\t\t\t\t<\/div>\n\t\t\t\t<\/div>\n\t\t\t\t<div class=\"elementor-element elementor-element-a6642ec elementor-widget elementor-widget-text-editor\" data-id=\"a6642ec\" data-element_type=\"widget\" data-e-type=\"widget\" data-settings=\"{&quot;_ob_widget_stalker_use&quot;:&quot;no&quot;}\" data-widget_type=\"text-editor.default\">\n\t\t\t\t<div class=\"elementor-widget-container\">\n\t\t\t\t\t\t\t\t\t<p>Prof. Dr Christian Martin has been Professor of Political Science at the Institute of Social Sciences in the Department of Political Science at the<span>\u00a0<\/span><em>Christian-Albrechts-Universit\u00e4t zu Kiel<\/em>. He currently holds the Max Weber Chair for German and European Studies at the<span>\u00a0<\/span><em>Centre for European and Mediterranean Studies<\/em><span>\u00a0<\/span>at the<span>\u00a0<\/span><em>New York University<\/em><span>\u00a0<\/span>in New York (USA).<\/p><p>His thematic focuses are<span>\u00a0<\/span><em>Comparative political science, globalisation <\/em>and<em> Interdependence<\/em> and\u00a0<em>Electoral and party research.<\/em><\/p>\t\t\t\t\t\t\t\t<\/div>\n\t\t\t\t<\/div>\n\t\t\t\t<div class=\"elementor-element elementor-element-ce6b5d5 elementor-widget-divider--view-line elementor-widget elementor-widget-divider\" data-id=\"ce6b5d5\" data-element_type=\"widget\" data-e-type=\"widget\" data-settings=\"{&quot;_ob_widget_stalker_use&quot;:&quot;no&quot;}\" data-widget_type=\"divider.default\">\n\t\t\t\t<div class=\"elementor-widget-container\">\n\t\t\t\t\t\t\t<div class=\"elementor-divider\">\n\t\t\t<span class=\"elementor-divider-separator\">\n\t\t\t\t\t\t<\/span>\n\t\t<\/div>\n\t\t\t\t\t\t<\/div>\n\t\t\t\t<\/div>\n\t\t\t\t<div class=\"elementor-element elementor-element-7cee6e2 elementor-align-start elementor-hidden-desktop elementor-hidden-tablet elementor-hidden-mobile elementor-icon-list--layout-traditional elementor-list-item-link-full_width elementor-widget elementor-widget-icon-list\" data-id=\"7cee6e2\" data-element_type=\"widget\" data-e-type=\"widget\" data-settings=\"{&quot;_ob_widget_stalker_use&quot;:&quot;no&quot;}\" data-widget_type=\"icon-list.default\">\n\t\t\t\t<div class=\"elementor-widget-container\">\n\t\t\t\t\t\t\t<ul class=\"elementor-icon-list-items\">\n\t\t\t\t\t\t\t<li class=\"elementor-icon-list-item\">\n\t\t\t\t\t\t\t\t\t\t\t<a href=\"https:\/\/www.swud.org\/en\/swud\/wer-bewegt-die-swd\/beirat\/profil-von-prof-dr-gabriele-abels\/veroeffentlichungen-von-prof-dr-gabriele-abels\/\">\n\n\t\t\t\t\t\t\t\t\t\t\t\t<span class=\"elementor-icon-list-icon\">\n\t\t\t\t\t\t\t<i aria-hidden=\"true\" class=\"far fa-arrow-alt-circle-right\"><\/i>\t\t\t\t\t\t<\/span>\n\t\t\t\t\t\t\t\t\t\t<span class=\"elementor-icon-list-text\">Publications<\/span>\n\t\t\t\t\t\t\t\t\t\t\t<\/a>\n\t\t\t\t\t\t\t\t\t<\/li>\n\t\t\t\t\t\t<\/ul>\n\t\t\t\t\t\t<\/div>\n\t\t\t\t<\/div>\n\t\t\t\t<div class=\"elementor-element elementor-element-35be850 elementor-align-start elementor-hidden-desktop elementor-hidden-tablet elementor-hidden-mobile elementor-icon-list--layout-traditional elementor-list-item-link-full_width elementor-widget elementor-widget-icon-list\" data-id=\"35be850\" data-element_type=\"widget\" data-e-type=\"widget\" data-settings=\"{&quot;_ob_widget_stalker_use&quot;:&quot;no&quot;}\" data-widget_type=\"icon-list.default\">\n\t\t\t\t<div class=\"elementor-widget-container\">\n\t\t\t\t\t\t\t<ul class=\"elementor-icon-list-items\">\n\t\t\t\t\t\t\t<li class=\"elementor-icon-list-item\">\n\t\t\t\t\t\t\t\t\t\t\t<a href=\"https:\/\/matthiaslemke.com\/\" target=\"_blank\">\n\n\t\t\t\t\t\t\t\t\t\t\t\t<span class=\"elementor-icon-list-icon\">\n\t\t\t\t\t\t\t<i aria-hidden=\"true\" class=\"far fa-arrow-alt-circle-right\"><\/i>\t\t\t\t\t\t<\/span>\n\t\t\t\t\t\t\t\t\t\t<span class=\"elementor-icon-list-text\">Further information<\/span>\n\t\t\t\t\t\t\t\t\t\t\t<\/a>\n\t\t\t\t\t\t\t\t\t<\/li>\n\t\t\t\t\t\t<\/ul>\n\t\t\t\t\t\t<\/div>\n\t\t\t\t<\/div>\n\t\t\t\t\t<\/div>\n\t\t<\/div>\n\t\t\t\t<div class=\"elementor-column elementor-col-50 elementor-top-column elementor-element elementor-element-df7e792\" data-id=\"df7e792\" data-element_type=\"column\" data-e-type=\"column\" data-settings=\"{&quot;_ob_bbad_is_stalker&quot;:&quot;no&quot;}\">\n\t\t\t<div class=\"elementor-widget-wrap elementor-element-populated\">\n\t\t\t\t\t\t<div class=\"elementor-element elementor-element-b48042b elementor-widget elementor-widget-image\" data-id=\"b48042b\" data-element_type=\"widget\" data-e-type=\"widget\" data-settings=\"{&quot;_ob_widget_stalker_use&quot;:&quot;no&quot;}\" data-widget_type=\"image.default\">\n\t\t\t\t<div class=\"elementor-widget-container\">\n\t\t\t\t\t\t\t\t\t\t\t\t\t\t\t<img loading=\"lazy\" decoding=\"async\" width=\"450\" height=\"450\" src=\"https:\/\/www.swud.org\/wp-content\/uploads\/2025\/01\/Martin.jpg\" class=\"attachment-medium_large size-medium_large wp-image-5799\" alt=\"\" srcset=\"https:\/\/www.swud.org\/wp-content\/uploads\/2025\/01\/Martin.jpg 450w, https:\/\/www.swud.org\/wp-content\/uploads\/2025\/01\/Martin-150x150.jpg 150w, https:\/\/www.swud.org\/wp-content\/uploads\/2025\/01\/Martin-300x300.jpg 300w, https:\/\/www.swud.org\/wp-content\/uploads\/2025\/01\/Martin-12x12.jpg 12w\" sizes=\"auto, (max-width: 450px) 100vw, 450px\" \/>\t\t\t\t\t\t\t\t\t\t\t\t\t\t\t<\/div>\n\t\t\t\t<\/div>\n\t\t\t\t<div class=\"elementor-element elementor-element-4149244 elementor-widget elementor-widget-text-editor\" data-id=\"4149244\" data-element_type=\"widget\" data-e-type=\"widget\" data-settings=\"{&quot;_ob_widget_stalker_use&quot;:&quot;no&quot;}\" data-widget_type=\"text-editor.default\">\n\t\t\t\t<div class=\"elementor-widget-container\">\n\t\t\t\t\t\t\t\t\t<p>Photo: private<\/p>\t\t\t\t\t\t\t\t<\/div>\n\t\t\t\t<\/div>\n\t\t\t\t\t<\/div>\n\t\t<\/div>\n\t\t\t\t\t<\/div>\n\t\t<\/section>\n\t\t\t\t<\/div>","protected":false},"excerpt":{"rendered":"<p>Stiftung Wissenschaft und Demokratie Prof. Dr Christian Martin Prof. Dr Christian Martin has been Professor of Political Science at the Institute of Social Sciences in the Department of Political Science at Kiel University since 2011. He currently holds the Max Weber Chair for German and European Studies at the Center for European and Mediterranean Studies at New York University in New York (USA). His thematic [...]<\/p>","protected":false},"author":3,"featured_media":0,"parent":701,"menu_order":0,"comment_status":"closed","ping_status":"closed","template":"","meta":{"_acf_changed":false,"footnotes":""},"class_list":["post-6922","page","type-page","status-publish","hentry"],"acf":[],"featured_image_src":null,"yoast_head":"<!-- This site is optimized with the Yoast SEO plugin v26.9 - https:\/\/yoast.com\/product\/yoast-seo-wordpress\/ -->\n<title>Profil von Prof. Dr. Christian Martin - Stiftung Wissenschaft und Demokratie<\/title>\n<meta name=\"robots\" content=\"index, follow, max-snippet:-1, max-image-preview:large, max-video-preview:-1\" \/>\n<link rel=\"canonical\" href=\"https:\/\/www.swud.org\/en\/swud\/wer-bewegt-die-swud\/beirat\/profil-von-prof-dr-christian-martin\/\" \/>\n<meta property=\"og:locale\" content=\"en_GB\" \/>\n<meta property=\"og:type\" content=\"article\" \/>\n<meta property=\"og:title\" content=\"Profil von Prof. Dr. Christian Martin - Stiftung Wissenschaft und Demokratie\" \/>\n<meta property=\"og:description\" content=\"Stiftung Wissenschaft und Demokratie Prof. Dr. Christian Martin Prof. Dr. Christian Martin ist seit 2011 Professor f\u00fcr Politikwissenschaft am Institut f\u00fcr Sozialwissenschaften im Bereich Politikwissenschaft an der\u00a0Christian-Albrechts-Universit\u00e4t zu Kiel. Er hat derzeit den Max Weber-Lehrstuhl f\u00fcr Deutsche und Europ\u00e4ische Studien am\u00a0Center for European and Mediterranean Studies\u00a0an der\u00a0New York University\u00a0in New York (USA) inne. Seine thematischen [&hellip;]\" \/>\n<meta property=\"og:url\" content=\"https:\/\/www.swud.org\/en\/swud\/wer-bewegt-die-swud\/beirat\/profil-von-prof-dr-christian-martin\/\" \/>\n<meta property=\"og:site_name\" content=\"Stiftung Wissenschaft und Demokratie\" \/>\n<meta property=\"article:modified_time\" content=\"2025-02-05T14:09:53+00:00\" \/>\n<meta property=\"og:image\" content=\"https:\/\/www.swud.org\/wp-content\/uploads\/2025\/01\/Martin.jpg\" \/>\n<meta name=\"twitter:card\" content=\"summary_large_image\" \/>\n<meta name=\"twitter:label1\" content=\"Est. reading time\" \/>\n\t<meta name=\"twitter:data1\" content=\"1 minute\" \/>\n<script type=\"application\/ld+json\" class=\"yoast-schema-graph\">{\"@context\":\"https:\/\/schema.org\",\"@graph\":[{\"@type\":\"WebPage\",\"@id\":\"https:\/\/www.swud.org\/swud\/wer-bewegt-die-swud\/beirat\/profil-von-prof-dr-christian-martin\/\",\"url\":\"https:\/\/www.swud.org\/swud\/wer-bewegt-die-swud\/beirat\/profil-von-prof-dr-christian-martin\/\",\"name\":\"Profil von Prof. Dr. Christian Martin - Stiftung Wissenschaft und Demokratie\",\"isPartOf\":{\"@id\":\"https:\/\/www.swud.org\/#website\"},\"primaryImageOfPage\":{\"@id\":\"https:\/\/www.swud.org\/swud\/wer-bewegt-die-swud\/beirat\/profil-von-prof-dr-christian-martin\/#primaryimage\"},\"image\":{\"@id\":\"https:\/\/www.swud.org\/swud\/wer-bewegt-die-swud\/beirat\/profil-von-prof-dr-christian-martin\/#primaryimage\"},\"thumbnailUrl\":\"https:\/\/www.swud.org\/wp-content\/uploads\/2025\/01\/Martin.jpg\",\"datePublished\":\"2025-02-03T08:19:28+00:00\",\"dateModified\":\"2025-02-05T14:09:53+00:00\",\"breadcrumb\":{\"@id\":\"https:\/\/www.swud.org\/swud\/wer-bewegt-die-swud\/beirat\/profil-von-prof-dr-christian-martin\/#breadcrumb\"},\"inLanguage\":\"en-GB\",\"potentialAction\":[{\"@type\":\"ReadAction\",\"target\":[\"https:\/\/www.swud.org\/swud\/wer-bewegt-die-swud\/beirat\/profil-von-prof-dr-christian-martin\/\"]}]},{\"@type\":\"ImageObject\",\"inLanguage\":\"en-GB\",\"@id\":\"https:\/\/www.swud.org\/swud\/wer-bewegt-die-swud\/beirat\/profil-von-prof-dr-christian-martin\/#primaryimage\",\"url\":\"https:\/\/www.swud.org\/wp-content\/uploads\/2025\/01\/Martin.jpg\",\"contentUrl\":\"https:\/\/www.swud.org\/wp-content\/uploads\/2025\/01\/Martin.jpg\"},{\"@type\":\"BreadcrumbList\",\"@id\":\"https:\/\/www.swud.org\/swud\/wer-bewegt-die-swud\/beirat\/profil-von-prof-dr-christian-martin\/#breadcrumb\",\"itemListElement\":[{\"@type\":\"ListItem\",\"position\":1,\"name\":\"Startseite\",\"item\":\"https:\/\/www.swud.org\/\"},{\"@type\":\"ListItem\",\"position\":2,\"name\":\"SW&amp;D\",\"item\":\"https:\/\/www.swud.org\/swud\/\"},{\"@type\":\"ListItem\",\"position\":3,\"name\":\"Wer bewegt die SW&amp;D\",\"item\":\"https:\/\/www.swud.org\/swud\/wer-bewegt-die-swud\/\"},{\"@type\":\"ListItem\",\"position\":4,\"name\":\"Beirat\",\"item\":\"https:\/\/www.swud.org\/swud\/wer-bewegt-die-swud\/beirat\/\"},{\"@type\":\"ListItem\",\"position\":5,\"name\":\"Profil von Prof. Dr. Christian Martin\"}]},{\"@type\":\"WebSite\",\"@id\":\"https:\/\/www.swud.org\/#website\",\"url\":\"https:\/\/www.swud.org\/\",\"name\":\"Stiftung Wissenschaft und Demokratie\",\"description\":\"\",\"potentialAction\":[{\"@type\":\"SearchAction\",\"target\":{\"@type\":\"EntryPoint\",\"urlTemplate\":\"https:\/\/www.swud.org\/?s={search_term_string}\"},\"query-input\":{\"@type\":\"PropertyValueSpecification\",\"valueRequired\":true,\"valueName\":\"search_term_string\"}}],\"inLanguage\":\"en-GB\"}]}<\/script>\n<!-- \/ Yoast SEO plugin. -->","yoast_head_json":{"title":"Profile of Prof Dr Christian Martin - Foundation for Science and Democracy","robots":{"index":"index","follow":"follow","max-snippet":"max-snippet:-1","max-image-preview":"max-image-preview:large","max-video-preview":"max-video-preview:-1"},"canonical":"https:\/\/www.swud.org\/en\/swud\/wer-bewegt-die-swud\/beirat\/profil-von-prof-dr-christian-martin\/","og_locale":"en_GB","og_type":"article","og_title":"Profil von Prof. Dr. Christian Martin - Stiftung Wissenschaft und Demokratie","og_description":"Stiftung Wissenschaft und Demokratie Prof. Dr. Christian Martin Prof. Dr. Christian Martin ist seit 2011 Professor f\u00fcr Politikwissenschaft am Institut f\u00fcr Sozialwissenschaften im Bereich Politikwissenschaft an der\u00a0Christian-Albrechts-Universit\u00e4t zu Kiel. Er hat derzeit den Max Weber-Lehrstuhl f\u00fcr Deutsche und Europ\u00e4ische Studien am\u00a0Center for European and Mediterranean Studies\u00a0an der\u00a0New York University\u00a0in New York (USA) inne. Seine thematischen [&hellip;]","og_url":"https:\/\/www.swud.org\/en\/swud\/wer-bewegt-die-swud\/beirat\/profil-von-prof-dr-christian-martin\/","og_site_name":"Stiftung Wissenschaft und Demokratie","article_modified_time":"2025-02-05T14:09:53+00:00","og_image":[{"url":"https:\/\/www.swud.org\/wp-content\/uploads\/2025\/01\/Martin.jpg","type":"","width":"","height":""}],"twitter_card":"summary_large_image","twitter_misc":{"Est. reading time":"1 minute"},"schema":{"@context":"https:\/\/schema.org","@graph":[{"@type":"WebPage","@id":"https:\/\/www.swud.org\/swud\/wer-bewegt-die-swud\/beirat\/profil-von-prof-dr-christian-martin\/","url":"https:\/\/www.swud.org\/swud\/wer-bewegt-die-swud\/beirat\/profil-von-prof-dr-christian-martin\/","name":"Profile of Prof Dr Christian Martin - Foundation for Science and Democracy","isPartOf":{"@id":"https:\/\/www.swud.org\/#website"},"primaryImageOfPage":{"@id":"https:\/\/www.swud.org\/swud\/wer-bewegt-die-swud\/beirat\/profil-von-prof-dr-christian-martin\/#primaryimage"},"image":{"@id":"https:\/\/www.swud.org\/swud\/wer-bewegt-die-swud\/beirat\/profil-von-prof-dr-christian-martin\/#primaryimage"},"thumbnailUrl":"https:\/\/www.swud.org\/wp-content\/uploads\/2025\/01\/Martin.jpg","datePublished":"2025-02-03T08:19:28+00:00","dateModified":"2025-02-05T14:09:53+00:00","breadcrumb":{"@id":"https:\/\/www.swud.org\/swud\/wer-bewegt-die-swud\/beirat\/profil-von-prof-dr-christian-martin\/#breadcrumb"},"inLanguage":"en-GB","potentialAction":[{"@type":"ReadAction","target":["https:\/\/www.swud.org\/swud\/wer-bewegt-die-swud\/beirat\/profil-von-prof-dr-christian-martin\/"]}]},{"@type":"ImageObject","inLanguage":"en-GB","@id":"https:\/\/www.swud.org\/swud\/wer-bewegt-die-swud\/beirat\/profil-von-prof-dr-christian-martin\/#primaryimage","url":"https:\/\/www.swud.org\/wp-content\/uploads\/2025\/01\/Martin.jpg","contentUrl":"https:\/\/www.swud.org\/wp-content\/uploads\/2025\/01\/Martin.jpg"},{"@type":"BreadcrumbList","@id":"https:\/\/www.swud.org\/swud\/wer-bewegt-die-swud\/beirat\/profil-von-prof-dr-christian-martin\/#breadcrumb","itemListElement":[{"@type":"ListItem","position":1,"name":"Startseite","item":"https:\/\/www.swud.org\/"},{"@type":"ListItem","position":2,"name":"SW&amp;D","item":"https:\/\/www.swud.org\/swud\/"},{"@type":"ListItem","position":3,"name":"Wer bewegt die SW&amp;D","item":"https:\/\/www.swud.org\/swud\/wer-bewegt-die-swud\/"},{"@type":"ListItem","position":4,"name":"Beirat","item":"https:\/\/www.swud.org\/swud\/wer-bewegt-die-swud\/beirat\/"},{"@type":"ListItem","position":5,"name":"Profil von Prof. Dr. Christian Martin"}]},{"@type":"WebSite","@id":"https:\/\/www.swud.org\/#website","url":"https:\/\/www.swud.org\/","name":"Foundation Science and Democracy","description":"","potentialAction":[{"@type":"SearchAction","target":{"@type":"EntryPoint","urlTemplate":"https:\/\/www.swud.org\/?s={search_term_string}"},"query-input":{"@type":"PropertyValueSpecification","valueRequired":true,"valueName":"search_term_string"}}],"inLanguage":"en-GB"}]}},"_links":{"self":[{"href":"https:\/\/www.swud.org\/en\/wp-json\/wp\/v2\/pages\/6922","targetHints":{"allow":["GET"]}}],"collection":[{"href":"https:\/\/www.swud.org\/en\/wp-json\/wp\/v2\/pages"}],"about":[{"href":"https:\/\/www.swud.org\/en\/wp-json\/wp\/v2\/types\/page"}],"author":[{"embeddable":true,"href":"https:\/\/www.swud.org\/en\/wp-json\/wp\/v2\/users\/3"}],"replies":[{"embeddable":true,"href":"https:\/\/www.swud.org\/en\/wp-json\/wp\/v2\/comments?post=6922"}],"version-history":[{"count":18,"href":"https:\/\/www.swud.org\/en\/wp-json\/wp\/v2\/pages\/6922\/revisions"}],"predecessor-version":[{"id":8305,"href":"https:\/\/www.swud.org\/en\/wp-json\/wp\/v2\/pages\/6922\/revisions\/8305"}],"up":[{"embeddable":true,"href":"https:\/\/www.swud.org\/en\/wp-json\/wp\/v2\/pages\/701"}],"wp:attachment":[{"href":"https:\/\/www.swud.org\/en\/wp-json\/wp\/v2\/media?parent=6922"}],"curies":[{"name":"wp","href":"https:\/\/api.w.org\/{rel}","templated":true}]}}