{"id":6930,"date":"2025-02-03T09:22:00","date_gmt":"2025-02-03T08:22:00","guid":{"rendered":"https:\/\/wp2.swud.org\/?page_id=6930"},"modified":"2025-02-05T15:09:58","modified_gmt":"2025-02-05T14:09:58","slug":"profil-von-dr-agnieszka-von-zanthier","status":"publish","type":"page","link":"https:\/\/www.swud.org\/en\/swud\/wer-bewegt-die-swud\/beirat\/profil-von-dr-agnieszka-von-zanthier\/","title":{"rendered":"Profile of Dr Agnieszka von Zanthier"},"content":{"rendered":"<div data-elementor-type=\"wp-page\" data-elementor-id=\"6930\" class=\"elementor elementor-6930\" data-elementor-post-type=\"page\">\n\t\t\t\t\t\t<section class=\"ob-is-breaking-bad elementor-section elementor-top-section elementor-element elementor-element-8ef5c11 elementor-section-boxed elementor-section-height-default elementor-section-height-default\" data-id=\"8ef5c11\" data-element_type=\"section\" data-e-type=\"section\" data-settings=\"{&quot;background_background&quot;:&quot;classic&quot;,&quot;_ob_bbad_use_it&quot;:&quot;yes&quot;,&quot;_ob_bbad_sssic_use&quot;:&quot;no&quot;}\">\n\t\t\t\t\t\t<div class=\"elementor-container elementor-column-gap-wider\">\n\t\t\t\t\t<div class=\"elementor-column elementor-col-50 elementor-top-column elementor-element elementor-element-b9509d3\" data-id=\"b9509d3\" data-element_type=\"column\" data-e-type=\"column\" data-settings=\"{&quot;_ob_bbad_is_stalker&quot;:&quot;no&quot;}\">\n\t\t\t<div class=\"elementor-widget-wrap elementor-element-populated\">\n\t\t\t\t\t\t<div class=\"elementor-element elementor-element-07a3666 elementor-invisible elementor-widget elementor-widget-heading\" data-id=\"07a3666\" data-element_type=\"widget\" data-e-type=\"widget\" data-settings=\"{&quot;_animation&quot;:&quot;fadeInDown&quot;,&quot;_ob_widget_stalker_use&quot;:&quot;no&quot;}\" data-widget_type=\"heading.default\">\n\t\t\t\t<div class=\"elementor-widget-container\">\n\t\t\t\t\t<div class=\"elementor-heading-title elementor-size-default\">Foundation Science and Democracy<\/div>\t\t\t\t<\/div>\n\t\t\t\t<\/div>\n\t\t\t\t<div class=\"elementor-element elementor-element-c20d82f elementor-invisible elementor-widget elementor-widget-heading\" data-id=\"c20d82f\" data-element_type=\"widget\" data-e-type=\"widget\" data-settings=\"{&quot;_animation&quot;:&quot;fadeInDown&quot;,&quot;_ob_widget_stalker_use&quot;:&quot;no&quot;}\" data-widget_type=\"heading.default\">\n\t\t\t\t<div class=\"elementor-widget-container\">\n\t\t\t\t\t<h2 class=\"elementor-heading-title elementor-size-default\">Dr Agnieszka von Zanthier<\/h2>\t\t\t\t<\/div>\n\t\t\t\t<\/div>\n\t\t\t\t<div class=\"elementor-element elementor-element-a6642ec elementor-widget elementor-widget-text-editor\" data-id=\"a6642ec\" data-element_type=\"widget\" data-e-type=\"widget\" data-settings=\"{&quot;_ob_widget_stalker_use&quot;:&quot;no&quot;}\" data-widget_type=\"text-editor.default\">\n\t\t\t\t<div class=\"elementor-widget-container\">\n\t\t\t\t\t\t\t\t\t<p>Dr Agnieszka von Zanthier is a consultant for foundations and associations.<\/p><p>2004-2019 she was managing director of the<span>\u00a0<\/span><em>Freya von Moltke Foundation<\/em><span>\u00a0<\/span>for the New Kreisau (Berlin). Before that, she was commissioned by the<span>\u00a0<\/span><em>Kreisau Initiative e. V.<\/em><span>\u00a0<\/span>She set up an office for the conception, financing and realisation of international youth education projects. In the 1990s, she worked as a journalist for German and Polish media. She studied German language and literature, history, philosophy and education at the<span>\u00a0<\/span><em>Universities of Warsaw, Heidelberg, G\u00f6ttingen<\/em><span>\u00a0<\/span>and completed his doctorate in modern literature at the<span>\u00a0<\/span><em>University GH Duisburg<\/em>.<\/p><p>She has been a member of the Board of Trustees of the<span>\u00a0<\/span><em>Citizenship Foundation<\/em><span>\u00a0<\/span>(Berlin). 2009-2019 she was a member of the board of trustees of the<span>\u00a0<\/span><em>Foundation 20 July 1944<\/em><span>\u00a0<\/span>and on the board of the<span>\u00a0<\/span><em>Moltke Foundation<\/em><span>\u00a0<\/span>(both in Berlin), from 2017 as Chairwoman of the Board. From 2003-2009, she was a member of the Supervisory Board of<span>\u00a0<\/span><em>Kreisau Foundation for European Understanding<\/em><span>\u00a0<\/span>(Krzy\u017cowa, Poland), its deputy chairwoman from 2004.<\/p>\t\t\t\t\t\t\t\t<\/div>\n\t\t\t\t<\/div>\n\t\t\t\t<div class=\"elementor-element elementor-element-ce6b5d5 elementor-widget-divider--view-line elementor-widget elementor-widget-divider\" data-id=\"ce6b5d5\" data-element_type=\"widget\" data-e-type=\"widget\" data-settings=\"{&quot;_ob_widget_stalker_use&quot;:&quot;no&quot;}\" data-widget_type=\"divider.default\">\n\t\t\t\t<div class=\"elementor-widget-container\">\n\t\t\t\t\t\t\t<div class=\"elementor-divider\">\n\t\t\t<span class=\"elementor-divider-separator\">\n\t\t\t\t\t\t<\/span>\n\t\t<\/div>\n\t\t\t\t\t\t<\/div>\n\t\t\t\t<\/div>\n\t\t\t\t<div class=\"elementor-element elementor-element-7cee6e2 elementor-align-start elementor-hidden-desktop elementor-hidden-tablet elementor-hidden-mobile elementor-icon-list--layout-traditional elementor-list-item-link-full_width elementor-widget elementor-widget-icon-list\" data-id=\"7cee6e2\" data-element_type=\"widget\" data-e-type=\"widget\" data-settings=\"{&quot;_ob_widget_stalker_use&quot;:&quot;no&quot;}\" data-widget_type=\"icon-list.default\">\n\t\t\t\t<div class=\"elementor-widget-container\">\n\t\t\t\t\t\t\t<ul class=\"elementor-icon-list-items\">\n\t\t\t\t\t\t\t<li class=\"elementor-icon-list-item\">\n\t\t\t\t\t\t\t\t\t\t\t<a href=\"https:\/\/www.swud.org\/en\/swud\/wer-bewegt-die-swd\/beirat\/profil-von-prof-dr-gabriele-abels\/veroeffentlichungen-von-prof-dr-gabriele-abels\/\">\n\n\t\t\t\t\t\t\t\t\t\t\t\t<span class=\"elementor-icon-list-icon\">\n\t\t\t\t\t\t\t<i aria-hidden=\"true\" class=\"far fa-arrow-alt-circle-right\"><\/i>\t\t\t\t\t\t<\/span>\n\t\t\t\t\t\t\t\t\t\t<span class=\"elementor-icon-list-text\">Publications<\/span>\n\t\t\t\t\t\t\t\t\t\t\t<\/a>\n\t\t\t\t\t\t\t\t\t<\/li>\n\t\t\t\t\t\t<\/ul>\n\t\t\t\t\t\t<\/div>\n\t\t\t\t<\/div>\n\t\t\t\t<div class=\"elementor-element elementor-element-35be850 elementor-align-start elementor-hidden-desktop elementor-hidden-tablet elementor-hidden-mobile elementor-icon-list--layout-traditional elementor-list-item-link-full_width elementor-widget elementor-widget-icon-list\" data-id=\"35be850\" data-element_type=\"widget\" data-e-type=\"widget\" data-settings=\"{&quot;_ob_widget_stalker_use&quot;:&quot;no&quot;}\" data-widget_type=\"icon-list.default\">\n\t\t\t\t<div class=\"elementor-widget-container\">\n\t\t\t\t\t\t\t<ul class=\"elementor-icon-list-items\">\n\t\t\t\t\t\t\t<li class=\"elementor-icon-list-item\">\n\t\t\t\t\t\t\t\t\t\t\t<a href=\"https:\/\/matthiaslemke.com\/\" target=\"_blank\">\n\n\t\t\t\t\t\t\t\t\t\t\t\t<span class=\"elementor-icon-list-icon\">\n\t\t\t\t\t\t\t<i aria-hidden=\"true\" class=\"far fa-arrow-alt-circle-right\"><\/i>\t\t\t\t\t\t<\/span>\n\t\t\t\t\t\t\t\t\t\t<span class=\"elementor-icon-list-text\">Further information<\/span>\n\t\t\t\t\t\t\t\t\t\t\t<\/a>\n\t\t\t\t\t\t\t\t\t<\/li>\n\t\t\t\t\t\t<\/ul>\n\t\t\t\t\t\t<\/div>\n\t\t\t\t<\/div>\n\t\t\t\t\t<\/div>\n\t\t<\/div>\n\t\t\t\t<div class=\"elementor-column elementor-col-50 elementor-top-column elementor-element elementor-element-df7e792\" data-id=\"df7e792\" data-element_type=\"column\" data-e-type=\"column\" data-settings=\"{&quot;_ob_bbad_is_stalker&quot;:&quot;no&quot;}\">\n\t\t\t<div class=\"elementor-widget-wrap elementor-element-populated\">\n\t\t\t\t\t\t<div class=\"elementor-element elementor-element-b48042b elementor-widget elementor-widget-image\" data-id=\"b48042b\" data-element_type=\"widget\" data-e-type=\"widget\" data-settings=\"{&quot;_ob_widget_stalker_use&quot;:&quot;no&quot;}\" data-widget_type=\"image.default\">\n\t\t\t\t<div class=\"elementor-widget-container\">\n\t\t\t\t\t\t\t\t\t\t\t\t\t\t\t<img loading=\"lazy\" decoding=\"async\" width=\"450\" height=\"450\" src=\"https:\/\/www.swud.org\/wp-content\/uploads\/2025\/01\/Zanthier.jpg\" class=\"attachment-medium_large size-medium_large wp-image-5802\" alt=\"\" srcset=\"https:\/\/www.swud.org\/wp-content\/uploads\/2025\/01\/Zanthier.jpg 450w, https:\/\/www.swud.org\/wp-content\/uploads\/2025\/01\/Zanthier-150x150.jpg 150w, https:\/\/www.swud.org\/wp-content\/uploads\/2025\/01\/Zanthier-300x300.jpg 300w, https:\/\/www.swud.org\/wp-content\/uploads\/2025\/01\/Zanthier-12x12.jpg 12w\" sizes=\"auto, (max-width: 450px) 100vw, 450px\" \/>\t\t\t\t\t\t\t\t\t\t\t\t\t\t\t<\/div>\n\t\t\t\t<\/div>\n\t\t\t\t<div class=\"elementor-element elementor-element-65c33d5 elementor-widget elementor-widget-text-editor\" data-id=\"65c33d5\" data-element_type=\"widget\" data-e-type=\"widget\" data-settings=\"{&quot;_ob_widget_stalker_use&quot;:&quot;no&quot;}\" data-widget_type=\"text-editor.default\">\n\t\t\t\t<div class=\"elementor-widget-container\">\n\t\t\t\t\t\t\t\t\t<p>Photo: private<\/p>\t\t\t\t\t\t\t\t<\/div>\n\t\t\t\t<\/div>\n\t\t\t\t\t<\/div>\n\t\t<\/div>\n\t\t\t\t\t<\/div>\n\t\t<\/section>\n\t\t\t\t<\/div>","protected":false},"excerpt":{"rendered":"<p>Stiftung Wissenschaft und Demokratie Dr Agnieszka von Zanthier Dr Agnieszka von Zanthier is a consultant for foundations and associations. From 2004 to 2019, she was Managing Director of the Freya von Moltke Foundation for the New Kreisau (Berlin). Before that, she set up an office on behalf of the Kreisau-Initiative e. V. for the conception, financing and implementation of international youth education projects. In the 90s she worked as a [...]<\/p>","protected":false},"author":3,"featured_media":0,"parent":701,"menu_order":0,"comment_status":"closed","ping_status":"closed","template":"","meta":{"_acf_changed":false,"footnotes":""},"class_list":["post-6930","page","type-page","status-publish","hentry"],"acf":[],"featured_image_src":null,"yoast_head":"<!-- This site is optimized with the Yoast SEO plugin v26.9 - https:\/\/yoast.com\/product\/yoast-seo-wordpress\/ -->\n<title>Profil von Dr. Agnieszka von Zanthier - Stiftung Wissenschaft und Demokratie<\/title>\n<meta name=\"robots\" content=\"index, follow, max-snippet:-1, max-image-preview:large, max-video-preview:-1\" \/>\n<link rel=\"canonical\" href=\"https:\/\/www.swud.org\/en\/swud\/wer-bewegt-die-swud\/beirat\/profil-von-dr-agnieszka-von-zanthier\/\" \/>\n<meta property=\"og:locale\" content=\"en_GB\" \/>\n<meta property=\"og:type\" content=\"article\" \/>\n<meta property=\"og:title\" content=\"Profil von Dr. Agnieszka von Zanthier - Stiftung Wissenschaft und Demokratie\" \/>\n<meta property=\"og:description\" content=\"Stiftung Wissenschaft und Demokratie Dr. Agnieszka von Zanthier Dr. Agnieszka von Zanthier ist Beraterin f\u00fcr Stiftungen und Vereine. 2004-2019 war sie Gesch\u00e4ftsf\u00fchrerin der\u00a0Freya von Moltke-Stiftung\u00a0f\u00fcr das Neue Kreisau (Berlin). Davor baute sie im Auftrag der\u00a0Kreisau-Initiative e. V.\u00a0ein B\u00fcro zur Konzeption, Finanzierung und Durchf\u00fchrung von Projekten internationaler Jugendbildung auf. In den 90er Jahren arbeitete sie als [&hellip;]\" \/>\n<meta property=\"og:url\" content=\"https:\/\/www.swud.org\/en\/swud\/wer-bewegt-die-swud\/beirat\/profil-von-dr-agnieszka-von-zanthier\/\" \/>\n<meta property=\"og:site_name\" content=\"Stiftung Wissenschaft und Demokratie\" \/>\n<meta property=\"article:modified_time\" content=\"2025-02-05T14:09:58+00:00\" \/>\n<meta property=\"og:image\" content=\"https:\/\/www.swud.org\/wp-content\/uploads\/2025\/01\/Zanthier.jpg\" \/>\n<meta name=\"twitter:card\" content=\"summary_large_image\" \/>\n<meta name=\"twitter:label1\" content=\"Est. reading time\" \/>\n\t<meta name=\"twitter:data1\" content=\"2 minutes\" \/>\n<script type=\"application\/ld+json\" class=\"yoast-schema-graph\">{\"@context\":\"https:\/\/schema.org\",\"@graph\":[{\"@type\":\"WebPage\",\"@id\":\"https:\/\/www.swud.org\/swud\/wer-bewegt-die-swud\/beirat\/profil-von-dr-agnieszka-von-zanthier\/\",\"url\":\"https:\/\/www.swud.org\/swud\/wer-bewegt-die-swud\/beirat\/profil-von-dr-agnieszka-von-zanthier\/\",\"name\":\"Profil von Dr. Agnieszka von Zanthier - Stiftung Wissenschaft und Demokratie\",\"isPartOf\":{\"@id\":\"https:\/\/www.swud.org\/#website\"},\"primaryImageOfPage\":{\"@id\":\"https:\/\/www.swud.org\/swud\/wer-bewegt-die-swud\/beirat\/profil-von-dr-agnieszka-von-zanthier\/#primaryimage\"},\"image\":{\"@id\":\"https:\/\/www.swud.org\/swud\/wer-bewegt-die-swud\/beirat\/profil-von-dr-agnieszka-von-zanthier\/#primaryimage\"},\"thumbnailUrl\":\"https:\/\/www.swud.org\/wp-content\/uploads\/2025\/01\/Zanthier.jpg\",\"datePublished\":\"2025-02-03T08:22:00+00:00\",\"dateModified\":\"2025-02-05T14:09:58+00:00\",\"breadcrumb\":{\"@id\":\"https:\/\/www.swud.org\/swud\/wer-bewegt-die-swud\/beirat\/profil-von-dr-agnieszka-von-zanthier\/#breadcrumb\"},\"inLanguage\":\"en-GB\",\"potentialAction\":[{\"@type\":\"ReadAction\",\"target\":[\"https:\/\/www.swud.org\/swud\/wer-bewegt-die-swud\/beirat\/profil-von-dr-agnieszka-von-zanthier\/\"]}]},{\"@type\":\"ImageObject\",\"inLanguage\":\"en-GB\",\"@id\":\"https:\/\/www.swud.org\/swud\/wer-bewegt-die-swud\/beirat\/profil-von-dr-agnieszka-von-zanthier\/#primaryimage\",\"url\":\"https:\/\/www.swud.org\/wp-content\/uploads\/2025\/01\/Zanthier.jpg\",\"contentUrl\":\"https:\/\/www.swud.org\/wp-content\/uploads\/2025\/01\/Zanthier.jpg\"},{\"@type\":\"BreadcrumbList\",\"@id\":\"https:\/\/www.swud.org\/swud\/wer-bewegt-die-swud\/beirat\/profil-von-dr-agnieszka-von-zanthier\/#breadcrumb\",\"itemListElement\":[{\"@type\":\"ListItem\",\"position\":1,\"name\":\"Startseite\",\"item\":\"https:\/\/www.swud.org\/\"},{\"@type\":\"ListItem\",\"position\":2,\"name\":\"SW&amp;D\",\"item\":\"https:\/\/www.swud.org\/swud\/\"},{\"@type\":\"ListItem\",\"position\":3,\"name\":\"Wer bewegt die SW&amp;D\",\"item\":\"https:\/\/www.swud.org\/swud\/wer-bewegt-die-swud\/\"},{\"@type\":\"ListItem\",\"position\":4,\"name\":\"Beirat\",\"item\":\"https:\/\/www.swud.org\/swud\/wer-bewegt-die-swud\/beirat\/\"},{\"@type\":\"ListItem\",\"position\":5,\"name\":\"Profil von Dr. Agnieszka von Zanthier\"}]},{\"@type\":\"WebSite\",\"@id\":\"https:\/\/www.swud.org\/#website\",\"url\":\"https:\/\/www.swud.org\/\",\"name\":\"Stiftung Wissenschaft und Demokratie\",\"description\":\"\",\"potentialAction\":[{\"@type\":\"SearchAction\",\"target\":{\"@type\":\"EntryPoint\",\"urlTemplate\":\"https:\/\/www.swud.org\/?s={search_term_string}\"},\"query-input\":{\"@type\":\"PropertyValueSpecification\",\"valueRequired\":true,\"valueName\":\"search_term_string\"}}],\"inLanguage\":\"en-GB\"}]}<\/script>\n<!-- \/ Yoast SEO plugin. -->","yoast_head_json":{"title":"Profile of Dr Agnieszka von Zanthier - Foundation for Science and Democracy","robots":{"index":"index","follow":"follow","max-snippet":"max-snippet:-1","max-image-preview":"max-image-preview:large","max-video-preview":"max-video-preview:-1"},"canonical":"https:\/\/www.swud.org\/en\/swud\/wer-bewegt-die-swud\/beirat\/profil-von-dr-agnieszka-von-zanthier\/","og_locale":"en_GB","og_type":"article","og_title":"Profil von Dr. Agnieszka von Zanthier - Stiftung Wissenschaft und Demokratie","og_description":"Stiftung Wissenschaft und Demokratie Dr. Agnieszka von Zanthier Dr. Agnieszka von Zanthier ist Beraterin f\u00fcr Stiftungen und Vereine. 2004-2019 war sie Gesch\u00e4ftsf\u00fchrerin der\u00a0Freya von Moltke-Stiftung\u00a0f\u00fcr das Neue Kreisau (Berlin). Davor baute sie im Auftrag der\u00a0Kreisau-Initiative e. V.\u00a0ein B\u00fcro zur Konzeption, Finanzierung und Durchf\u00fchrung von Projekten internationaler Jugendbildung auf. In den 90er Jahren arbeitete sie als [&hellip;]","og_url":"https:\/\/www.swud.org\/en\/swud\/wer-bewegt-die-swud\/beirat\/profil-von-dr-agnieszka-von-zanthier\/","og_site_name":"Stiftung Wissenschaft und Demokratie","article_modified_time":"2025-02-05T14:09:58+00:00","og_image":[{"url":"https:\/\/www.swud.org\/wp-content\/uploads\/2025\/01\/Zanthier.jpg","type":"","width":"","height":""}],"twitter_card":"summary_large_image","twitter_misc":{"Est. reading time":"2 minutes"},"schema":{"@context":"https:\/\/schema.org","@graph":[{"@type":"WebPage","@id":"https:\/\/www.swud.org\/swud\/wer-bewegt-die-swud\/beirat\/profil-von-dr-agnieszka-von-zanthier\/","url":"https:\/\/www.swud.org\/swud\/wer-bewegt-die-swud\/beirat\/profil-von-dr-agnieszka-von-zanthier\/","name":"Profile of Dr Agnieszka von Zanthier - Foundation for Science and Democracy","isPartOf":{"@id":"https:\/\/www.swud.org\/#website"},"primaryImageOfPage":{"@id":"https:\/\/www.swud.org\/swud\/wer-bewegt-die-swud\/beirat\/profil-von-dr-agnieszka-von-zanthier\/#primaryimage"},"image":{"@id":"https:\/\/www.swud.org\/swud\/wer-bewegt-die-swud\/beirat\/profil-von-dr-agnieszka-von-zanthier\/#primaryimage"},"thumbnailUrl":"https:\/\/www.swud.org\/wp-content\/uploads\/2025\/01\/Zanthier.jpg","datePublished":"2025-02-03T08:22:00+00:00","dateModified":"2025-02-05T14:09:58+00:00","breadcrumb":{"@id":"https:\/\/www.swud.org\/swud\/wer-bewegt-die-swud\/beirat\/profil-von-dr-agnieszka-von-zanthier\/#breadcrumb"},"inLanguage":"en-GB","potentialAction":[{"@type":"ReadAction","target":["https:\/\/www.swud.org\/swud\/wer-bewegt-die-swud\/beirat\/profil-von-dr-agnieszka-von-zanthier\/"]}]},{"@type":"ImageObject","inLanguage":"en-GB","@id":"https:\/\/www.swud.org\/swud\/wer-bewegt-die-swud\/beirat\/profil-von-dr-agnieszka-von-zanthier\/#primaryimage","url":"https:\/\/www.swud.org\/wp-content\/uploads\/2025\/01\/Zanthier.jpg","contentUrl":"https:\/\/www.swud.org\/wp-content\/uploads\/2025\/01\/Zanthier.jpg"},{"@type":"BreadcrumbList","@id":"https:\/\/www.swud.org\/swud\/wer-bewegt-die-swud\/beirat\/profil-von-dr-agnieszka-von-zanthier\/#breadcrumb","itemListElement":[{"@type":"ListItem","position":1,"name":"Startseite","item":"https:\/\/www.swud.org\/"},{"@type":"ListItem","position":2,"name":"SW&amp;D","item":"https:\/\/www.swud.org\/swud\/"},{"@type":"ListItem","position":3,"name":"Wer bewegt die SW&amp;D","item":"https:\/\/www.swud.org\/swud\/wer-bewegt-die-swud\/"},{"@type":"ListItem","position":4,"name":"Beirat","item":"https:\/\/www.swud.org\/swud\/wer-bewegt-die-swud\/beirat\/"},{"@type":"ListItem","position":5,"name":"Profil von Dr. Agnieszka von Zanthier"}]},{"@type":"WebSite","@id":"https:\/\/www.swud.org\/#website","url":"https:\/\/www.swud.org\/","name":"Foundation Science and Democracy","description":"","potentialAction":[{"@type":"SearchAction","target":{"@type":"EntryPoint","urlTemplate":"https:\/\/www.swud.org\/?s={search_term_string}"},"query-input":{"@type":"PropertyValueSpecification","valueRequired":true,"valueName":"search_term_string"}}],"inLanguage":"en-GB"}]}},"_links":{"self":[{"href":"https:\/\/www.swud.org\/en\/wp-json\/wp\/v2\/pages\/6930","targetHints":{"allow":["GET"]}}],"collection":[{"href":"https:\/\/www.swud.org\/en\/wp-json\/wp\/v2\/pages"}],"about":[{"href":"https:\/\/www.swud.org\/en\/wp-json\/wp\/v2\/types\/page"}],"author":[{"embeddable":true,"href":"https:\/\/www.swud.org\/en\/wp-json\/wp\/v2\/users\/3"}],"replies":[{"embeddable":true,"href":"https:\/\/www.swud.org\/en\/wp-json\/wp\/v2\/comments?post=6930"}],"version-history":[{"count":15,"href":"https:\/\/www.swud.org\/en\/wp-json\/wp\/v2\/pages\/6930\/revisions"}],"predecessor-version":[{"id":8308,"href":"https:\/\/www.swud.org\/en\/wp-json\/wp\/v2\/pages\/6930\/revisions\/8308"}],"up":[{"embeddable":true,"href":"https:\/\/www.swud.org\/en\/wp-json\/wp\/v2\/pages\/701"}],"wp:attachment":[{"href":"https:\/\/www.swud.org\/en\/wp-json\/wp\/v2\/media?parent=6930"}],"curies":[{"name":"wp","href":"https:\/\/api.w.org\/{rel}","templated":true}]}}