{"id":711,"date":"2024-05-23T15:49:17","date_gmt":"2024-05-23T13:49:17","guid":{"rendered":"https:\/\/wp.swud.org\/?page_id=711"},"modified":"2025-04-02T14:17:09","modified_gmt":"2025-04-02T12:17:09","slug":"iparl","status":"publish","type":"page","link":"https:\/\/www.swud.org\/en\/themen-einrichtungen\/einrichtungen\/iparl\/","title":{"rendered":"IParl"},"content":{"rendered":"<div data-elementor-type=\"wp-page\" data-elementor-id=\"711\" class=\"elementor elementor-711\" data-elementor-post-type=\"page\">\n\t\t\t\t\t\t<section class=\"ob-is-breaking-bad elementor-section elementor-top-section elementor-element elementor-element-90c0ef2 elementor-section-height-min-height elementor-section-boxed elementor-section-height-default elementor-section-items-middle\" data-id=\"90c0ef2\" data-element_type=\"section\" data-e-type=\"section\" data-settings=\"{&quot;background_background&quot;:&quot;classic&quot;,&quot;_ob_bbad_use_it&quot;:&quot;yes&quot;,&quot;_ob_bbad_sssic_use&quot;:&quot;no&quot;}\">\n\t\t\t\t\t\t\t<div class=\"elementor-background-overlay\"><\/div>\n\t\t\t\t\t\t\t<div class=\"elementor-container elementor-column-gap-wider\">\n\t\t\t\t\t<div class=\"elementor-column elementor-col-100 elementor-top-column elementor-element elementor-element-0f03c11\" data-id=\"0f03c11\" data-element_type=\"column\" data-e-type=\"column\" data-settings=\"{&quot;_ob_bbad_is_stalker&quot;:&quot;no&quot;}\">\n\t\t\t<div class=\"elementor-widget-wrap elementor-element-populated\">\n\t\t\t\t\t\t<div class=\"elementor-element elementor-element-2bdac96 elementor-widget__width-auto elementor-widget-mobile__width-inherit elementor-hidden-mobile elementor-invisible elementor-widget elementor-widget-heading\" data-id=\"2bdac96\" data-element_type=\"widget\" data-e-type=\"widget\" data-settings=\"{&quot;_animation&quot;:&quot;fadeIn&quot;,&quot;_animation_delay&quot;:200,&quot;_ob_widget_stalker_use&quot;:&quot;no&quot;}\" data-widget_type=\"heading.default\">\n\t\t\t\t<div class=\"elementor-widget-container\">\n\t\t\t\t\t<h1 class=\"elementor-heading-title elementor-size-default\">INSTITUTE FOR PARLIAMENTARY RESEARCH<\/h1>\t\t\t\t<\/div>\n\t\t\t\t<\/div>\n\t\t\t\t<div class=\"elementor-element elementor-element-4cb0217 elementor-widget__width-auto elementor-widget-mobile__width-inherit elementor-hidden-desktop elementor-hidden-tablet elementor-invisible elementor-widget elementor-widget-heading\" data-id=\"4cb0217\" data-element_type=\"widget\" data-e-type=\"widget\" data-settings=\"{&quot;_animation&quot;:&quot;fadeIn&quot;,&quot;_animation_delay&quot;:200,&quot;_ob_widget_stalker_use&quot;:&quot;no&quot;}\" data-widget_type=\"heading.default\">\n\t\t\t\t<div class=\"elementor-widget-container\">\n\t\t\t\t\t<h1 class=\"elementor-heading-title elementor-size-default\">INSTITUTE FOR PARLIAMENTARISM-<br>RESEARCH<\/h1>\t\t\t\t<\/div>\n\t\t\t\t<\/div>\n\t\t\t\t\t<\/div>\n\t\t<\/div>\n\t\t\t\t\t<\/div>\n\t\t<\/section>\n\t\t\t\t<section class=\"ob-is-breaking-bad elementor-section elementor-top-section elementor-element elementor-element-8219944 elementor-section-boxed elementor-section-height-default elementor-section-height-default\" data-id=\"8219944\" data-element_type=\"section\" data-e-type=\"section\" data-settings=\"{&quot;_ob_bbad_use_it&quot;:&quot;yes&quot;,&quot;_ob_bbad_sssic_use&quot;:&quot;no&quot;}\">\n\t\t\t\t\t\t<div class=\"elementor-container elementor-column-gap-wider\">\n\t\t\t\t\t<div class=\"elementor-column elementor-col-33 elementor-top-column elementor-element elementor-element-a021120\" data-id=\"a021120\" data-element_type=\"column\" data-e-type=\"column\" data-settings=\"{&quot;_ob_bbad_is_stalker&quot;:&quot;no&quot;}\">\n\t\t\t<div class=\"elementor-widget-wrap elementor-element-populated\">\n\t\t\t\t\t\t<div class=\"elementor-element elementor-element-6a8f529 elementor-invisible elementor-widget elementor-widget-heading\" data-id=\"6a8f529\" data-element_type=\"widget\" data-e-type=\"widget\" data-settings=\"{&quot;_animation&quot;:&quot;fadeInDown&quot;,&quot;_animation_delay&quot;:700,&quot;_ob_widget_stalker_use&quot;:&quot;no&quot;}\" data-widget_type=\"heading.default\">\n\t\t\t\t<div class=\"elementor-widget-container\">\n\t\t\t\t\t<div class=\"elementor-heading-title elementor-size-default\">fundamental. realistic. practical.<\/div>\t\t\t\t<\/div>\n\t\t\t\t<\/div>\n\t\t\t\t<div class=\"elementor-element elementor-element-3df90c6 elementor-hidden-tablet elementor-hidden-mobile elementor-invisible elementor-widget elementor-widget-heading\" data-id=\"3df90c6\" data-element_type=\"widget\" data-e-type=\"widget\" data-settings=\"{&quot;_animation&quot;:&quot;fadeInDown&quot;,&quot;_animation_delay&quot;:1200,&quot;_ob_widget_stalker_use&quot;:&quot;no&quot;}\" data-widget_type=\"heading.default\">\n\t\t\t\t<div class=\"elementor-widget-container\">\n\t\t\t\t\t<h2 class=\"elementor-heading-title elementor-size-default\">Institute <\/h2>\t\t\t\t<\/div>\n\t\t\t\t<\/div>\n\t\t\t\t<div class=\"elementor-element elementor-element-98ae67a elementor-hidden-tablet elementor-hidden-mobile elementor-invisible elementor-widget elementor-widget-heading\" data-id=\"98ae67a\" data-element_type=\"widget\" data-e-type=\"widget\" data-settings=\"{&quot;_animation&quot;:&quot;fadeInDown&quot;,&quot;_animation_delay&quot;:1200,&quot;_ob_widget_stalker_use&quot;:&quot;no&quot;}\" data-widget_type=\"heading.default\">\n\t\t\t\t<div class=\"elementor-widget-container\">\n\t\t\t\t\t<h2 class=\"elementor-heading-title elementor-size-default\">for Parliamentary Research (IParl)<\/h2>\t\t\t\t<\/div>\n\t\t\t\t<\/div>\n\t\t\t\t<div class=\"elementor-element elementor-element-0c79f26 elementor-hidden-desktop elementor-invisible elementor-widget elementor-widget-heading\" data-id=\"0c79f26\" data-element_type=\"widget\" data-e-type=\"widget\" data-settings=\"{&quot;_animation&quot;:&quot;fadeInDown&quot;,&quot;_animation_delay&quot;:1200,&quot;_ob_widget_stalker_use&quot;:&quot;no&quot;}\" data-widget_type=\"heading.default\">\n\t\t\t\t<div class=\"elementor-widget-container\">\n\t\t\t\t\t<h2 class=\"elementor-heading-title elementor-size-default\">Institute for Parliamentarism-<br>research (IParl)<\/h2>\t\t\t\t<\/div>\n\t\t\t\t<\/div>\n\t\t\t\t<div class=\"elementor-element elementor-element-0af20d9 elementor-widget elementor-widget-text-editor\" data-id=\"0af20d9\" data-element_type=\"widget\" data-e-type=\"widget\" data-settings=\"{&quot;_animation&quot;:&quot;none&quot;,&quot;_ob_widget_stalker_use&quot;:&quot;no&quot;}\" data-widget_type=\"text-editor.default\">\n\t\t\t\t<div class=\"elementor-widget-container\">\n\t\t\t\t\t\t\t\t\t<p>\"How do parliamentary systems of government actually work? Do we have an acceptable theory of parliamentarism as a yardstick for judging the practice of parliament and government?\" <br \/>These questions shaped the academic work of Professor Dr Eberhard Sch\u00fctt-Wetschky, the founder of the Science and Democracy Foundation. As a direct continuation of this research interest, in spring 2016 the foundation established the<a href=\"https:\/\/www.iparl.de\/de\/\" target=\"_blank\" rel=\"noopener\"> <strong>Institute for Parliamentary Research (IParl)<\/strong><\/a> in Berlin.<\/p><p><span data-olk-copy-source=\"MessageBody\">With the aim of anchoring and further developing the democratic order in society, the IParl is dedicated to researching democratic representation and legitimisation in its foundations and details. Particular emphasis is placed on realistic empirical research that contributes to communicating the complex form of government of parliamentary democracy and has an impact in practice through dialogue with political actors and institutions.<\/span><\/p><p>The IParl started its work with a project to nominate candidates for the German Bundestag. <span data-olk-copy-source=\"MessageBody\">The monograph with the extensive research findings has been published by Nomos<\/span>:<\/p><p><a href=\"https:\/\/www.nomos-shop.de\/de\/p\/die-aufstellung-der-kandidaten-fuer-den-deutschen-bundestag-gr-978-3-7560-1724-9\" target=\"_blank\" rel=\"noopener\"><strong>The line-up of candidates for the German Bundestag<br \/><\/strong>Empirical findings on the quality of personnel in parliamentary democracy<\/a><\/p><p>Find out more about the institute and its work on the <strong><a href=\"http:\/\/www.IParl.de\" target=\"_blank\" rel=\"noopener\">IParl website<\/a>, <\/strong>in the <strong><a href=\"https:\/\/www.swud.org\/wp-content\/uploads\/2024\/12\/IParl_Fl_dt_RZ_web.pdf\" target=\"_blank\" rel=\"noopener\">IParl flyer<\/a> <\/strong>or register directly for the<a href=\"https:\/\/www.iparl.de\/de\/news\/newsletter.html\" target=\"_blank\" rel=\"noopener\"><strong> IParl Newsletter<\/strong><\/a> and stay up to date on all IParl activities.<\/p>\t\t\t\t\t\t\t\t<\/div>\n\t\t\t\t<\/div>\n\t\t\t\t<div class=\"elementor-element elementor-element-09a3f82 elementor-align-start elementor-icon-list--layout-traditional elementor-list-item-link-full_width elementor-widget elementor-widget-icon-list\" data-id=\"09a3f82\" data-element_type=\"widget\" data-e-type=\"widget\" data-settings=\"{&quot;_ob_widget_stalker_use&quot;:&quot;no&quot;}\" data-widget_type=\"icon-list.default\">\n\t\t\t\t<div class=\"elementor-widget-container\">\n\t\t\t\t\t\t\t<ul class=\"elementor-icon-list-items\">\n\t\t\t\t\t\t\t<li class=\"elementor-icon-list-item\">\n\t\t\t\t\t\t\t\t\t\t\t<a href=\"https:\/\/www.iparl.de\/unsere-arbeit\/forschung\/\" target=\"_blank\">\n\n\t\t\t\t\t\t\t\t\t\t\t\t<span class=\"elementor-icon-list-icon\">\n\t\t\t\t\t\t\t<i aria-hidden=\"true\" class=\"far fa-arrow-alt-circle-right\"><\/i>\t\t\t\t\t\t<\/span>\n\t\t\t\t\t\t\t\t\t\t<span class=\"elementor-icon-list-text\">IParl projects and topics<\/span>\n\t\t\t\t\t\t\t\t\t\t\t<\/a>\n\t\t\t\t\t\t\t\t\t<\/li>\n\t\t\t\t\t\t\t\t<li class=\"elementor-icon-list-item\">\n\t\t\t\t\t\t\t\t\t\t\t<a href=\"https:\/\/www.iparl.de\/unsere-arbeit\/blickpunkt\/\" target=\"_blank\">\n\n\t\t\t\t\t\t\t\t\t\t\t\t<span class=\"elementor-icon-list-icon\">\n\t\t\t\t\t\t\t<i aria-hidden=\"true\" class=\"far fa-arrow-alt-circle-right\"><\/i>\t\t\t\t\t\t<\/span>\n\t\t\t\t\t\t\t\t\t\t<span class=\"elementor-icon-list-text\">IParl \"Blickpunkt\"<\/span>\n\t\t\t\t\t\t\t\t\t\t\t<\/a>\n\t\t\t\t\t\t\t\t\t<\/li>\n\t\t\t\t\t\t\t\t<li class=\"elementor-icon-list-item\">\n\t\t\t\t\t\t\t\t\t\t\t<a href=\"https:\/\/www.iparl.de\/unsere-arbeit\/podcast\/\" target=\"_blank\">\n\n\t\t\t\t\t\t\t\t\t\t\t\t<span class=\"elementor-icon-list-icon\">\n\t\t\t\t\t\t\t<i aria-hidden=\"true\" class=\"far fa-arrow-alt-circle-right\"><\/i>\t\t\t\t\t\t<\/span>\n\t\t\t\t\t\t\t\t\t\t<span class=\"elementor-icon-list-text\">IParl podcast \"Zwischenruf\"<\/span>\n\t\t\t\t\t\t\t\t\t\t\t<\/a>\n\t\t\t\t\t\t\t\t\t<\/li>\n\t\t\t\t\t\t\t\t<li class=\"elementor-icon-list-item\">\n\t\t\t\t\t\t\t\t\t\t\t<a href=\"https:\/\/www.iparl.de\/unsere-arbeit\/forschung\/forschungskolloquium\/\" target=\"_blank\">\n\n\t\t\t\t\t\t\t\t\t\t\t\t<span class=\"elementor-icon-list-icon\">\n\t\t\t\t\t\t\t<i aria-hidden=\"true\" class=\"far fa-arrow-alt-circle-right\"><\/i>\t\t\t\t\t\t<\/span>\n\t\t\t\t\t\t\t\t\t\t<span class=\"elementor-icon-list-text\">IParl research colloquium<\/span>\n\t\t\t\t\t\t\t\t\t\t\t<\/a>\n\t\t\t\t\t\t\t\t\t<\/li>\n\t\t\t\t\t\t\t\t<li class=\"elementor-icon-list-item\">\n\t\t\t\t\t\t\t\t\t\t\t<a href=\"https:\/\/www.iparl.de\/aktuelles\/newsletter\/\" target=\"_blank\">\n\n\t\t\t\t\t\t\t\t\t\t\t\t<span class=\"elementor-icon-list-icon\">\n\t\t\t\t\t\t\t<i aria-hidden=\"true\" class=\"far fa-arrow-alt-circle-right\"><\/i>\t\t\t\t\t\t<\/span>\n\t\t\t\t\t\t\t\t\t\t<span class=\"elementor-icon-list-text\">Registration for the IParl newsletter<\/span>\n\t\t\t\t\t\t\t\t\t\t\t<\/a>\n\t\t\t\t\t\t\t\t\t<\/li>\n\t\t\t\t\t\t<\/ul>\n\t\t\t\t\t\t<\/div>\n\t\t\t\t<\/div>\n\t\t\t\t\t<\/div>\n\t\t<\/div>\n\t\t\t\t<div class=\"elementor-column elementor-col-33 elementor-top-column elementor-element elementor-element-a6ca94f elementor-hidden-tablet elementor-hidden-mobile\" data-id=\"a6ca94f\" data-element_type=\"column\" data-e-type=\"column\" data-settings=\"{&quot;_ob_bbad_is_stalker&quot;:&quot;no&quot;}\">\n\t\t\t<div class=\"elementor-widget-wrap\">\n\t\t\t\t\t\t\t<\/div>\n\t\t<\/div>\n\t\t\t\t<div class=\"elementor-column elementor-col-33 elementor-top-column elementor-element elementor-element-fc3c0eb\" data-id=\"fc3c0eb\" data-element_type=\"column\" data-e-type=\"column\" data-settings=\"{&quot;_ob_bbad_is_stalker&quot;:&quot;no&quot;}\">\n\t\t\t<div class=\"elementor-widget-wrap elementor-element-populated\">\n\t\t\t\t\t\t<div class=\"elementor-element elementor-element-99380da elementor-widget elementor-widget-image\" data-id=\"99380da\" data-element_type=\"widget\" data-e-type=\"widget\" data-settings=\"{&quot;_ob_widget_stalker_use&quot;:&quot;no&quot;}\" data-widget_type=\"image.default\">\n\t\t\t\t<div class=\"elementor-widget-container\">\n\t\t\t\t\t\t\t\t\t\t\t\t\t\t\t<img loading=\"lazy\" decoding=\"async\" width=\"340\" height=\"255\" src=\"https:\/\/www.swud.org\/wp-content\/uploads\/2025\/02\/iparl_RZ_ol_rgb_181121.svg\" class=\"attachment-full size-full wp-image-7177\" alt=\"\" \/>\t\t\t\t\t\t\t\t\t\t\t\t\t\t\t<\/div>\n\t\t\t\t<\/div>\n\t\t\t\t<section class=\"ob-is-breaking-bad ob-bb-inner elementor-section elementor-inner-section elementor-element elementor-element-0834199 elementor-section-boxed elementor-section-height-default elementor-section-height-default\" data-id=\"0834199\" data-element_type=\"section\" data-e-type=\"section\" data-settings=\"{&quot;_ob_bbad_use_it&quot;:&quot;yes&quot;,&quot;_ob_bbad_sssic_use&quot;:&quot;no&quot;}\">\n\t\t\t\t\t\t<div class=\"elementor-container elementor-column-gap-no\">\n\t\t\t\t\t<div class=\"elementor-column elementor-col-100 elementor-inner-column elementor-element elementor-element-294319b\" data-id=\"294319b\" data-element_type=\"column\" data-e-type=\"column\" data-settings=\"{&quot;_ob_bbad_is_stalker&quot;:&quot;no&quot;}\">\n\t\t\t<div class=\"elementor-widget-wrap elementor-element-populated\">\n\t\t\t\t\t\t<div class=\"elementor-element elementor-element-c195d4f elementor-widget elementor-widget-text-editor\" data-id=\"c195d4f\" data-element_type=\"widget\" data-e-type=\"widget\" data-settings=\"{&quot;_ob_widget_stalker_use&quot;:&quot;no&quot;}\" data-widget_type=\"text-editor.default\">\n\t\t\t\t<div class=\"elementor-widget-container\">\n\t\t\t\t\t\t\t\t\t<p>Mauerstra\u00dfe 83\/84, 10117 Berlin<\/p><p><span style=\"color: #af153f;\">TEL<\/span> <a href=\"tel:004930403634430\">030 \/ 403 634 430<\/a><br \/><span style=\"color: #af153f;\">FAX<\/span> 030 \/ 403 634 440<\/p><p><span style=\"color: #af153f;\">E-MAIL<\/span> <a href=\"\/en\/&\/#x6d;&#97;&#x69;&#x6c;&#116;&#x6f;&#58;i&#x6e;&#102;o&#x40;&#105;p&#x61;&#114;l&#x2e;&#100;&#x65;\">info@iparl.de<\/a><br \/><span style=\"color: #af153f;\">WEB<\/span> <a href=\"https:\/\/www.iparl.de\/de\/\" target=\"_blank\" rel=\"noopener\">www.iparl.de<\/a><\/p>\t\t\t\t\t\t\t\t<\/div>\n\t\t\t\t<\/div>\n\t\t\t\t\t<\/div>\n\t\t<\/div>\n\t\t\t\t\t<\/div>\n\t\t<\/section>\n\t\t\t\t<div class=\"elementor-element elementor-element-9e729c9 bluesky-icon-svg elementor-view-default elementor-widget elementor-widget-icon\" data-id=\"9e729c9\" data-element_type=\"widget\" data-e-type=\"widget\" data-settings=\"{&quot;_ob_widget_stalker_use&quot;:&quot;no&quot;}\" data-widget_type=\"icon.default\">\n\t\t\t\t<div class=\"elementor-widget-container\">\n\t\t\t\t\t\t\t<div class=\"elementor-icon-wrapper\">\n\t\t\t<a class=\"elementor-icon\" href=\"https:\/\/bsky.app\/profile\/iparl.bsky.social\" target=\"_blank\">\n\t\t\t<svg xmlns=\"http:\/\/www.w3.org\/2000\/svg\" xmlns:xlink=\"http:\/\/www.w3.org\/1999\/xlink\" id=\"Ebene_1\" viewbox=\"0 0 80 80\"><defs><style>      .st0 {        fill: #00386b;      }      .st1 {        fill: #c34e6e;      }    <\/style><\/defs><path class=\"st0\" d=\"M35.9,21c4.3,3.2,8.9,9.8,10.6,13.3,1.7-3.5,6.3-10.1,10.6-13.3,3.1-2.3,8.2-4.1,8.2,1.6s-.7,9.6-1,11c-1.3,4.8-6.2,6-10.6,5.3,7.6,1.3,9.5,5.6,5.4,9.9-7.9,8.1-11.4-2-12.3-4.7-.2-.5-.2-.7-.2-.5,0-.2,0,0-.2.5-.9,2.6-4.4,12.8-12.3,4.7-4.2-4.3-2.2-8.6,5.4-9.9-4.4.7-9.2-.5-10.6-5.3-.4-1.4-1-9.9-1-11,0-5.7,5-3.9,8.2-1.6h0Z\"><\/path><path class=\"st1\" d=\"M26.7,16.6l-.4.4c-10.6,10.8-10.9,27.7-.7,37.8,10.2,10,27,9.3,37.8-1.3l.4-.4,10.2,10c0,0-.2.3-.4.4-16.5,16.8-42.8,17.8-58.7,2.1C-.9,50-.4,23.6,16.1,6.8l.4-.4,10.2,10.2Z\"><\/path><\/svg>\t\t\t<\/a>\n\t\t<\/div>\n\t\t\t\t\t\t<\/div>\n\t\t\t\t<\/div>\n\t\t\t\t<div class=\"elementor-element elementor-element-ee6717a elementor-align-end elementor-widget__width-initial elementor-icon-list--layout-traditional elementor-list-item-link-full_width elementor-widget elementor-widget-icon-list\" data-id=\"ee6717a\" data-element_type=\"widget\" data-e-type=\"widget\" data-settings=\"{&quot;_ob_widget_stalker_use&quot;:&quot;no&quot;}\" data-widget_type=\"icon-list.default\">\n\t\t\t\t<div class=\"elementor-widget-container\">\n\t\t\t\t\t\t\t<ul class=\"elementor-icon-list-items\">\n\t\t\t\t\t\t\t<li class=\"elementor-icon-list-item\">\n\t\t\t\t\t\t\t\t\t\t\t<a href=\"https:\/\/www.swud.org\/wp-content\/uploads\/2024\/12\/IParl_Fl_dt_RZ_web.pdf\" target=\"_blank\">\n\n\t\t\t\t\t\t\t\t\t\t\t\t<span class=\"elementor-icon-list-icon\">\n\t\t\t\t\t\t\t<i aria-hidden=\"true\" class=\"far fa-file-pdf\"><\/i>\t\t\t\t\t\t<\/span>\n\t\t\t\t\t\t\t\t\t\t<span class=\"elementor-icon-list-text\">Flyer IParl (DE)<\/span>\n\t\t\t\t\t\t\t\t\t\t\t<\/a>\n\t\t\t\t\t\t\t\t\t<\/li>\n\t\t\t\t\t\t\t\t<li class=\"elementor-icon-list-item\">\n\t\t\t\t\t\t\t\t\t\t\t<a href=\"https:\/\/www.swud.org\/wp-content\/uploads\/2024\/12\/IParl_Fl_en_RZ_web.pdf\" target=\"_blank\">\n\n\t\t\t\t\t\t\t\t\t\t\t\t<span class=\"elementor-icon-list-icon\">\n\t\t\t\t\t\t\t<i aria-hidden=\"true\" class=\"far fa-file-pdf\"><\/i>\t\t\t\t\t\t<\/span>\n\t\t\t\t\t\t\t\t\t\t<span class=\"elementor-icon-list-text\">Flyer IParl (EN)<\/span>\n\t\t\t\t\t\t\t\t\t\t\t<\/a>\n\t\t\t\t\t\t\t\t\t<\/li>\n\t\t\t\t\t\t<\/ul>\n\t\t\t\t\t\t<\/div>\n\t\t\t\t<\/div>\n\t\t\t\t\t<\/div>\n\t\t<\/div>\n\t\t\t\t\t<\/div>\n\t\t<\/section>\n\t\t\t\t<\/div>","protected":false},"excerpt":{"rendered":"<p>INSTITUTE FOR PARLIAMENTARISM RESEARCH INSTITUTE FOR PARLIAMENTARISM RESEARCH fundamental. realistic. practical. Institute for Parliamentarism Research (IParl) Institute for Parliamentarism Research (IParl) \"How do parliamentary systems of government actually work? Do we have an acceptable theory of parliamentarism as a yardstick for assessing the practice of parliament and government?\" These questions have shaped the academic work of Professor Dr Eberhard Sch\u00fctt-Wetschky, the founder of the Stiftung Wissenschaft [...]<\/p>","protected":false},"author":1,"featured_media":0,"parent":2472,"menu_order":0,"comment_status":"closed","ping_status":"closed","template":"","meta":{"_acf_changed":false,"footnotes":""},"class_list":["post-711","page","type-page","status-publish","hentry"],"acf":[],"featured_image_src":null,"yoast_head":"<!-- This site is optimized with the Yoast SEO plugin v26.9 - https:\/\/yoast.com\/product\/yoast-seo-wordpress\/ -->\n<title>IParl - Stiftung Wissenschaft und Demokratie<\/title>\n<meta name=\"robots\" content=\"index, follow, max-snippet:-1, max-image-preview:large, max-video-preview:-1\" \/>\n<link rel=\"canonical\" href=\"https:\/\/www.swud.org\/en\/themen-einrichtungen\/einrichtungen\/iparl\/\" \/>\n<meta property=\"og:locale\" content=\"en_GB\" \/>\n<meta property=\"og:type\" content=\"article\" \/>\n<meta property=\"og:title\" content=\"IParl - Stiftung Wissenschaft und Demokratie\" \/>\n<meta property=\"og:description\" content=\"INSTITUT F\u00dcR PARLAMENTARISMUSFORSCHUNG INSTITUT F\u00dcR PARLAMENTARISMUS-FORSCHUNG grundlegend. realit\u00e4tsgerecht. praxisnah. Institut f\u00fcr Parlamentarismusforschung (IParl) Institut f\u00fcr Parlamentarismus-forschung (IParl) \u201eWie funktionieren parlamentarische Regierungssysteme tats\u00e4chlich? Haben wir eine akzeptable Parlamentarismustheorie als Ma\u00dfstab zur Beurteilung der Praxis im Bereich von Parlament und Regierung?\u201c Diese Fragen pr\u00e4gten die wissenschaftliche Arbeit von Professor Dr. Eberhard Sch\u00fctt-Wetschky, dem Stifter der Stiftung Wissenschaft [&hellip;]\" \/>\n<meta property=\"og:url\" content=\"https:\/\/www.swud.org\/en\/themen-einrichtungen\/einrichtungen\/iparl\/\" \/>\n<meta property=\"og:site_name\" content=\"Stiftung Wissenschaft und Demokratie\" \/>\n<meta property=\"article:modified_time\" content=\"2025-04-02T12:17:09+00:00\" \/>\n<meta name=\"twitter:card\" content=\"summary_large_image\" \/>\n<meta name=\"twitter:label1\" content=\"Est. reading time\" \/>\n\t<meta name=\"twitter:data1\" content=\"2 minutes\" \/>\n<script type=\"application\/ld+json\" class=\"yoast-schema-graph\">{\"@context\":\"https:\/\/schema.org\",\"@graph\":[{\"@type\":\"WebPage\",\"@id\":\"https:\/\/www.swud.org\/themen-einrichtungen\/einrichtungen\/iparl\/\",\"url\":\"https:\/\/www.swud.org\/themen-einrichtungen\/einrichtungen\/iparl\/\",\"name\":\"IParl - Stiftung Wissenschaft und Demokratie\",\"isPartOf\":{\"@id\":\"https:\/\/www.swud.org\/#website\"},\"primaryImageOfPage\":{\"@id\":\"https:\/\/www.swud.org\/themen-einrichtungen\/einrichtungen\/iparl\/#primaryimage\"},\"image\":{\"@id\":\"https:\/\/www.swud.org\/themen-einrichtungen\/einrichtungen\/iparl\/#primaryimage\"},\"thumbnailUrl\":\"https:\/\/www.swud.org\/wp-content\/uploads\/2025\/02\/iparl_RZ_ol_rgb_181121.svg\",\"datePublished\":\"2024-05-23T13:49:17+00:00\",\"dateModified\":\"2025-04-02T12:17:09+00:00\",\"breadcrumb\":{\"@id\":\"https:\/\/www.swud.org\/themen-einrichtungen\/einrichtungen\/iparl\/#breadcrumb\"},\"inLanguage\":\"en-GB\",\"potentialAction\":[{\"@type\":\"ReadAction\",\"target\":[\"https:\/\/www.swud.org\/themen-einrichtungen\/einrichtungen\/iparl\/\"]}]},{\"@type\":\"ImageObject\",\"inLanguage\":\"en-GB\",\"@id\":\"https:\/\/www.swud.org\/themen-einrichtungen\/einrichtungen\/iparl\/#primaryimage\",\"url\":\"https:\/\/www.swud.org\/wp-content\/uploads\/2025\/02\/iparl_RZ_ol_rgb_181121.svg\",\"contentUrl\":\"https:\/\/www.swud.org\/wp-content\/uploads\/2025\/02\/iparl_RZ_ol_rgb_181121.svg\"},{\"@type\":\"BreadcrumbList\",\"@id\":\"https:\/\/www.swud.org\/themen-einrichtungen\/einrichtungen\/iparl\/#breadcrumb\",\"itemListElement\":[{\"@type\":\"ListItem\",\"position\":1,\"name\":\"Startseite\",\"item\":\"https:\/\/www.swud.org\/\"},{\"@type\":\"ListItem\",\"position\":2,\"name\":\"THEMEN &amp; EINRICHTUNGEN\",\"item\":\"https:\/\/www.swud.org\/themen-einrichtungen\/\"},{\"@type\":\"ListItem\",\"position\":3,\"name\":\"Einrichtungen\",\"item\":\"https:\/\/www.swud.org\/?page_id=2472\"},{\"@type\":\"ListItem\",\"position\":4,\"name\":\"IParl\"}]},{\"@type\":\"WebSite\",\"@id\":\"https:\/\/www.swud.org\/#website\",\"url\":\"https:\/\/www.swud.org\/\",\"name\":\"Stiftung Wissenschaft und Demokratie\",\"description\":\"\",\"potentialAction\":[{\"@type\":\"SearchAction\",\"target\":{\"@type\":\"EntryPoint\",\"urlTemplate\":\"https:\/\/www.swud.org\/?s={search_term_string}\"},\"query-input\":{\"@type\":\"PropertyValueSpecification\",\"valueRequired\":true,\"valueName\":\"search_term_string\"}}],\"inLanguage\":\"en-GB\"}]}<\/script>\n<!-- \/ Yoast SEO plugin. -->","yoast_head_json":{"title":"IParl - Foundation for Science and Democracy","robots":{"index":"index","follow":"follow","max-snippet":"max-snippet:-1","max-image-preview":"max-image-preview:large","max-video-preview":"max-video-preview:-1"},"canonical":"https:\/\/www.swud.org\/en\/themen-einrichtungen\/einrichtungen\/iparl\/","og_locale":"en_GB","og_type":"article","og_title":"IParl - Stiftung Wissenschaft und Demokratie","og_description":"INSTITUT F\u00dcR PARLAMENTARISMUSFORSCHUNG INSTITUT F\u00dcR PARLAMENTARISMUS-FORSCHUNG grundlegend. realit\u00e4tsgerecht. praxisnah. Institut f\u00fcr Parlamentarismusforschung (IParl) Institut f\u00fcr Parlamentarismus-forschung (IParl) \u201eWie funktionieren parlamentarische Regierungssysteme tats\u00e4chlich? Haben wir eine akzeptable Parlamentarismustheorie als Ma\u00dfstab zur Beurteilung der Praxis im Bereich von Parlament und Regierung?\u201c Diese Fragen pr\u00e4gten die wissenschaftliche Arbeit von Professor Dr. Eberhard Sch\u00fctt-Wetschky, dem Stifter der Stiftung Wissenschaft [&hellip;]","og_url":"https:\/\/www.swud.org\/en\/themen-einrichtungen\/einrichtungen\/iparl\/","og_site_name":"Stiftung Wissenschaft und Demokratie","article_modified_time":"2025-04-02T12:17:09+00:00","twitter_card":"summary_large_image","twitter_misc":{"Est. reading time":"2 minutes"},"schema":{"@context":"https:\/\/schema.org","@graph":[{"@type":"WebPage","@id":"https:\/\/www.swud.org\/themen-einrichtungen\/einrichtungen\/iparl\/","url":"https:\/\/www.swud.org\/themen-einrichtungen\/einrichtungen\/iparl\/","name":"IParl - Foundation for Science and Democracy","isPartOf":{"@id":"https:\/\/www.swud.org\/#website"},"primaryImageOfPage":{"@id":"https:\/\/www.swud.org\/themen-einrichtungen\/einrichtungen\/iparl\/#primaryimage"},"image":{"@id":"https:\/\/www.swud.org\/themen-einrichtungen\/einrichtungen\/iparl\/#primaryimage"},"thumbnailUrl":"https:\/\/www.swud.org\/wp-content\/uploads\/2025\/02\/iparl_RZ_ol_rgb_181121.svg","datePublished":"2024-05-23T13:49:17+00:00","dateModified":"2025-04-02T12:17:09+00:00","breadcrumb":{"@id":"https:\/\/www.swud.org\/themen-einrichtungen\/einrichtungen\/iparl\/#breadcrumb"},"inLanguage":"en-GB","potentialAction":[{"@type":"ReadAction","target":["https:\/\/www.swud.org\/themen-einrichtungen\/einrichtungen\/iparl\/"]}]},{"@type":"ImageObject","inLanguage":"en-GB","@id":"https:\/\/www.swud.org\/themen-einrichtungen\/einrichtungen\/iparl\/#primaryimage","url":"https:\/\/www.swud.org\/wp-content\/uploads\/2025\/02\/iparl_RZ_ol_rgb_181121.svg","contentUrl":"https:\/\/www.swud.org\/wp-content\/uploads\/2025\/02\/iparl_RZ_ol_rgb_181121.svg"},{"@type":"BreadcrumbList","@id":"https:\/\/www.swud.org\/themen-einrichtungen\/einrichtungen\/iparl\/#breadcrumb","itemListElement":[{"@type":"ListItem","position":1,"name":"Startseite","item":"https:\/\/www.swud.org\/"},{"@type":"ListItem","position":2,"name":"THEMEN &amp; EINRICHTUNGEN","item":"https:\/\/www.swud.org\/themen-einrichtungen\/"},{"@type":"ListItem","position":3,"name":"Einrichtungen","item":"https:\/\/www.swud.org\/?page_id=2472"},{"@type":"ListItem","position":4,"name":"IParl"}]},{"@type":"WebSite","@id":"https:\/\/www.swud.org\/#website","url":"https:\/\/www.swud.org\/","name":"Foundation Science and Democracy","description":"","potentialAction":[{"@type":"SearchAction","target":{"@type":"EntryPoint","urlTemplate":"https:\/\/www.swud.org\/?s={search_term_string}"},"query-input":{"@type":"PropertyValueSpecification","valueRequired":true,"valueName":"search_term_string"}}],"inLanguage":"en-GB"}]}},"_links":{"self":[{"href":"https:\/\/www.swud.org\/en\/wp-json\/wp\/v2\/pages\/711","targetHints":{"allow":["GET"]}}],"collection":[{"href":"https:\/\/www.swud.org\/en\/wp-json\/wp\/v2\/pages"}],"about":[{"href":"https:\/\/www.swud.org\/en\/wp-json\/wp\/v2\/types\/page"}],"author":[{"embeddable":true,"href":"https:\/\/www.swud.org\/en\/wp-json\/wp\/v2\/users\/1"}],"replies":[{"embeddable":true,"href":"https:\/\/www.swud.org\/en\/wp-json\/wp\/v2\/comments?post=711"}],"version-history":[{"count":3,"href":"https:\/\/www.swud.org\/en\/wp-json\/wp\/v2\/pages\/711\/revisions"}],"predecessor-version":[{"id":8975,"href":"https:\/\/www.swud.org\/en\/wp-json\/wp\/v2\/pages\/711\/revisions\/8975"}],"up":[{"embeddable":true,"href":"https:\/\/www.swud.org\/en\/wp-json\/wp\/v2\/pages\/2472"}],"wp:attachment":[{"href":"https:\/\/www.swud.org\/en\/wp-json\/wp\/v2\/media?parent=711"}],"curies":[{"name":"wp","href":"https:\/\/api.w.org\/{rel}","templated":true}]}}