{"id":7115,"date":"2025-02-03T12:04:28","date_gmt":"2025-02-03T11:04:28","guid":{"rendered":"https:\/\/wp2.swud.org\/?page_id=7115"},"modified":"2025-04-03T11:41:39","modified_gmt":"2025-04-03T09:41:39","slug":"profil-von-tanja-thomsen","status":"publish","type":"page","link":"https:\/\/www.swud.org\/en\/swud\/wer-bewegt-die-swud\/mitarbeitende\/profil-von-tanja-thomsen\/","title":{"rendered":"Profile of Tanja Thomsen"},"content":{"rendered":"<div data-elementor-type=\"wp-page\" data-elementor-id=\"7115\" class=\"elementor elementor-7115\" data-elementor-post-type=\"page\">\n\t\t\t\t\t\t<section class=\"ob-is-breaking-bad elementor-section elementor-top-section elementor-element elementor-element-8ef5c11 elementor-section-boxed elementor-section-height-default elementor-section-height-default\" data-id=\"8ef5c11\" data-element_type=\"section\" data-e-type=\"section\" data-settings=\"{&quot;background_background&quot;:&quot;classic&quot;,&quot;_ob_bbad_use_it&quot;:&quot;yes&quot;,&quot;_ob_bbad_sssic_use&quot;:&quot;no&quot;}\">\n\t\t\t\t\t\t<div class=\"elementor-container elementor-column-gap-wider\">\n\t\t\t\t\t<div class=\"elementor-column elementor-col-50 elementor-top-column elementor-element elementor-element-b9509d3\" data-id=\"b9509d3\" data-element_type=\"column\" data-e-type=\"column\" data-settings=\"{&quot;_ob_bbad_is_stalker&quot;:&quot;no&quot;}\">\n\t\t\t<div class=\"elementor-widget-wrap elementor-element-populated\">\n\t\t\t\t\t\t<div class=\"elementor-element elementor-element-07a3666 elementor-invisible elementor-widget elementor-widget-heading\" data-id=\"07a3666\" data-element_type=\"widget\" data-e-type=\"widget\" data-settings=\"{&quot;_animation&quot;:&quot;fadeInDown&quot;,&quot;_ob_widget_stalker_use&quot;:&quot;no&quot;}\" data-widget_type=\"heading.default\">\n\t\t\t\t<div class=\"elementor-widget-container\">\n\t\t\t\t\t<div class=\"elementor-heading-title elementor-size-default\">Portal for Political Science<\/div>\t\t\t\t<\/div>\n\t\t\t\t<\/div>\n\t\t\t\t<div class=\"elementor-element elementor-element-c20d82f elementor-invisible elementor-widget elementor-widget-heading\" data-id=\"c20d82f\" data-element_type=\"widget\" data-e-type=\"widget\" data-settings=\"{&quot;_animation&quot;:&quot;fadeInDown&quot;,&quot;_ob_widget_stalker_use&quot;:&quot;no&quot;}\" data-widget_type=\"heading.default\">\n\t\t\t\t<div class=\"elementor-widget-container\">\n\t\t\t\t\t<h2 class=\"elementor-heading-title elementor-size-default\">Tanja Thomsen<\/h2>\t\t\t\t<\/div>\n\t\t\t\t<\/div>\n\t\t\t\t<div class=\"elementor-element elementor-element-a6642ec elementor-widget elementor-widget-text-editor\" data-id=\"a6642ec\" data-element_type=\"widget\" data-e-type=\"widget\" data-settings=\"{&quot;_ob_widget_stalker_use&quot;:&quot;no&quot;}\" data-widget_type=\"text-editor.default\">\n\t\t\t\t<div class=\"elementor-widget-container\">\n\t\t\t\t\t\t\t\t\t<p><span>Tanja Thomsen has been an editor at the <a href=\"https:\/\/www.swud.org\/en\/themen-einrichtungen\/einrichtungen\/pw-portal\/\"><strong>Portal for Political Science<\/strong><\/a>. <\/span><\/p><p><span>After your <\/span><span>After completing her 1st state examination in law, she studied political science and German literature and language in Kiel. At the same time, she worked for several years as an assistant to the management in a management consultancy on projects for personnel consulting and development and was part of the organisation team for the 23rd German Language and Literature Conference at the Christian-Albrechts-Universit\u00e4t zu Kiel in 2013. Since 2016, she has been responsible for setting up and managing the specialised library of the Foundation for Science and Democracy in Kiel and its facilities and funding projects. After completing her Master's degree, she worked as a case manager in the social administration in Kiel since 2019, where she was also involved in the development of the state capital's municipal social space orientation as a member of the social space team. Her main areas of expertise are social science narrative research, securitisation and populism. She is also interested in disruption research, digitalisation and political storytelling in the post-Soviet space.\u00a0<\/span><\/p>\t\t\t\t\t\t\t\t<\/div>\n\t\t\t\t<\/div>\n\t\t\t\t<div class=\"elementor-element elementor-element-ce6b5d5 elementor-widget-divider--view-line elementor-widget elementor-widget-divider\" data-id=\"ce6b5d5\" data-element_type=\"widget\" data-e-type=\"widget\" data-settings=\"{&quot;_ob_widget_stalker_use&quot;:&quot;no&quot;}\" data-widget_type=\"divider.default\">\n\t\t\t\t<div class=\"elementor-widget-container\">\n\t\t\t\t\t\t\t<div class=\"elementor-divider\">\n\t\t\t<span class=\"elementor-divider-separator\">\n\t\t\t\t\t\t<\/span>\n\t\t<\/div>\n\t\t\t\t\t\t<\/div>\n\t\t\t\t<\/div>\n\t\t\t\t<div class=\"elementor-element elementor-element-7cee6e2 elementor-align-start elementor-hidden-desktop elementor-hidden-tablet elementor-hidden-mobile elementor-icon-list--layout-traditional elementor-list-item-link-full_width elementor-widget elementor-widget-icon-list\" data-id=\"7cee6e2\" data-element_type=\"widget\" data-e-type=\"widget\" data-settings=\"{&quot;_ob_widget_stalker_use&quot;:&quot;no&quot;}\" data-widget_type=\"icon-list.default\">\n\t\t\t\t<div class=\"elementor-widget-container\">\n\t\t\t\t\t\t\t<ul class=\"elementor-icon-list-items\">\n\t\t\t\t\t\t\t<li class=\"elementor-icon-list-item\">\n\t\t\t\t\t\t\t\t\t\t\t<a href=\"https:\/\/www.swud.org\/en\/swud\/wer-bewegt-die-swd\/beirat\/profil-von-prof-dr-gabriele-abels\/veroeffentlichungen-von-prof-dr-gabriele-abels\/\">\n\n\t\t\t\t\t\t\t\t\t\t\t\t<span class=\"elementor-icon-list-icon\">\n\t\t\t\t\t\t\t<i aria-hidden=\"true\" class=\"far fa-arrow-alt-circle-right\"><\/i>\t\t\t\t\t\t<\/span>\n\t\t\t\t\t\t\t\t\t\t<span class=\"elementor-icon-list-text\">Publications<\/span>\n\t\t\t\t\t\t\t\t\t\t\t<\/a>\n\t\t\t\t\t\t\t\t\t<\/li>\n\t\t\t\t\t\t<\/ul>\n\t\t\t\t\t\t<\/div>\n\t\t\t\t<\/div>\n\t\t\t\t<div class=\"elementor-element elementor-element-35be850 elementor-align-start elementor-hidden-desktop elementor-hidden-tablet elementor-hidden-mobile elementor-icon-list--layout-traditional elementor-list-item-link-full_width elementor-widget elementor-widget-icon-list\" data-id=\"35be850\" data-element_type=\"widget\" data-e-type=\"widget\" data-settings=\"{&quot;_ob_widget_stalker_use&quot;:&quot;no&quot;}\" data-widget_type=\"icon-list.default\">\n\t\t\t\t<div class=\"elementor-widget-container\">\n\t\t\t\t\t\t\t<ul class=\"elementor-icon-list-items\">\n\t\t\t\t\t\t\t<li class=\"elementor-icon-list-item\">\n\t\t\t\t\t\t\t\t\t\t\t<a href=\"https:\/\/uni-tuebingen.de\/fakultaeten\/wirtschafts-und-sozialwissenschaftliche-fakultaet\/faecher\/fachbereich-sozialwissenschaften\/politikwissenschaft\/institut\/lehrende\/comparative-politics-and-european-integration-professor-abels\/team\/prof-dr-gabriele-abels\/\" target=\"_blank\">\n\n\t\t\t\t\t\t\t\t\t\t\t\t<span class=\"elementor-icon-list-icon\">\n\t\t\t\t\t\t\t<i aria-hidden=\"true\" class=\"far fa-arrow-alt-circle-right\"><\/i>\t\t\t\t\t\t<\/span>\n\t\t\t\t\t\t\t\t\t\t<span class=\"elementor-icon-list-text\">Further information<\/span>\n\t\t\t\t\t\t\t\t\t\t\t<\/a>\n\t\t\t\t\t\t\t\t\t<\/li>\n\t\t\t\t\t\t<\/ul>\n\t\t\t\t\t\t<\/div>\n\t\t\t\t<\/div>\n\t\t\t\t\t<\/div>\n\t\t<\/div>\n\t\t\t\t<div class=\"elementor-column elementor-col-50 elementor-top-column elementor-element elementor-element-df7e792\" data-id=\"df7e792\" data-element_type=\"column\" data-e-type=\"column\" data-settings=\"{&quot;_ob_bbad_is_stalker&quot;:&quot;no&quot;}\">\n\t\t\t<div class=\"elementor-widget-wrap elementor-element-populated\">\n\t\t\t\t\t\t<div class=\"elementor-element elementor-element-b48042b elementor-widget elementor-widget-image\" data-id=\"b48042b\" data-element_type=\"widget\" data-e-type=\"widget\" data-settings=\"{&quot;_ob_widget_stalker_use&quot;:&quot;no&quot;}\" data-widget_type=\"image.default\">\n\t\t\t\t<div class=\"elementor-widget-container\">\n\t\t\t\t\t\t\t\t\t\t\t\t\t\t\t<img loading=\"lazy\" decoding=\"async\" width=\"450\" height=\"450\" src=\"https:\/\/www.swud.org\/wp-content\/uploads\/2025\/01\/TThomsen.jpg\" class=\"attachment-medium_large size-medium_large wp-image-5810\" alt=\"\" srcset=\"https:\/\/www.swud.org\/wp-content\/uploads\/2025\/01\/TThomsen.jpg 450w, https:\/\/www.swud.org\/wp-content\/uploads\/2025\/01\/TThomsen-150x150.jpg 150w, https:\/\/www.swud.org\/wp-content\/uploads\/2025\/01\/TThomsen-300x300.jpg 300w, https:\/\/www.swud.org\/wp-content\/uploads\/2025\/01\/TThomsen-12x12.jpg 12w\" sizes=\"auto, (max-width: 450px) 100vw, 450px\" \/>\t\t\t\t\t\t\t\t\t\t\t\t\t\t\t<\/div>\n\t\t\t\t<\/div>\n\t\t\t\t\t<\/div>\n\t\t<\/div>\n\t\t\t\t\t<\/div>\n\t\t<\/section>\n\t\t\t\t<\/div>","protected":false},"excerpt":{"rendered":"<p>Portal f\u00fcr Politikwissenschaft Tanja Thomsen Tanja Thomsen has been an editor at the Portal f\u00fcr Politikwissenschaft since 2022. After her 1st state examination in law, she studied political science and German literature and language in Kiel. At the same time, she worked for several years as an assistant to the management in a management consultancy on projects for personnel consulting and development and [...]<\/p>","protected":false},"author":3,"featured_media":0,"parent":703,"menu_order":0,"comment_status":"closed","ping_status":"closed","template":"","meta":{"_acf_changed":false,"footnotes":""},"class_list":["post-7115","page","type-page","status-publish","hentry"],"acf":[],"featured_image_src":null,"yoast_head":"<!-- This site is optimized with the Yoast SEO plugin v26.9 - https:\/\/yoast.com\/product\/yoast-seo-wordpress\/ -->\n<title>Profil von Tanja Thomsen - Stiftung Wissenschaft und Demokratie<\/title>\n<meta name=\"robots\" content=\"index, follow, max-snippet:-1, max-image-preview:large, max-video-preview:-1\" \/>\n<link rel=\"canonical\" href=\"https:\/\/www.swud.org\/en\/swud\/wer-bewegt-die-swud\/mitarbeitende\/profil-von-tanja-thomsen\/\" \/>\n<meta property=\"og:locale\" content=\"en_GB\" \/>\n<meta property=\"og:type\" content=\"article\" \/>\n<meta property=\"og:title\" content=\"Profil von Tanja Thomsen - Stiftung Wissenschaft und Demokratie\" \/>\n<meta property=\"og:description\" content=\"Portal f\u00fcr Politikwissenschaft Tanja Thomsen Tanja Thomsen ist seit 2022 Redakteurin beim Portal f\u00fcr Politikwissenschaft. Nach ihrem 1. juristischen Staatsexamen studierte sie im Zweitstudium Politikwissenschaft sowie Deutsche Literatur und Sprache in Kiel. Begleitend hierzu arbeitete sie unter anderem als Assistenz der Gesch\u00e4ftsf\u00fchrung mehrere Jahre in einer Unternehmensberatung an Projekten f\u00fcr Personalberatung und -entwicklung mit und [&hellip;]\" \/>\n<meta property=\"og:url\" content=\"https:\/\/www.swud.org\/en\/swud\/wer-bewegt-die-swud\/mitarbeitende\/profil-von-tanja-thomsen\/\" \/>\n<meta property=\"og:site_name\" content=\"Stiftung Wissenschaft und Demokratie\" \/>\n<meta property=\"article:modified_time\" content=\"2025-04-03T09:41:39+00:00\" \/>\n<meta property=\"og:image\" content=\"https:\/\/www.swud.org\/wp-content\/uploads\/2025\/01\/TThomsen.jpg\" \/>\n\t<meta property=\"og:image:width\" content=\"450\" \/>\n\t<meta property=\"og:image:height\" content=\"450\" \/>\n\t<meta property=\"og:image:type\" content=\"image\/jpeg\" \/>\n<meta name=\"twitter:card\" content=\"summary_large_image\" \/>\n<meta name=\"twitter:label1\" content=\"Est. reading time\" \/>\n\t<meta name=\"twitter:data1\" content=\"2 minutes\" \/>\n<script type=\"application\/ld+json\" class=\"yoast-schema-graph\">{\"@context\":\"https:\/\/schema.org\",\"@graph\":[{\"@type\":\"WebPage\",\"@id\":\"https:\/\/www.swud.org\/swud\/wer-bewegt-die-swud\/mitarbeitende\/profil-von-tanja-thomsen\/\",\"url\":\"https:\/\/www.swud.org\/swud\/wer-bewegt-die-swud\/mitarbeitende\/profil-von-tanja-thomsen\/\",\"name\":\"Profil von Tanja Thomsen - Stiftung Wissenschaft und Demokratie\",\"isPartOf\":{\"@id\":\"https:\/\/www.swud.org\/#website\"},\"primaryImageOfPage\":{\"@id\":\"https:\/\/www.swud.org\/swud\/wer-bewegt-die-swud\/mitarbeitende\/profil-von-tanja-thomsen\/#primaryimage\"},\"image\":{\"@id\":\"https:\/\/www.swud.org\/swud\/wer-bewegt-die-swud\/mitarbeitende\/profil-von-tanja-thomsen\/#primaryimage\"},\"thumbnailUrl\":\"https:\/\/www.swud.org\/wp-content\/uploads\/2025\/01\/TThomsen.jpg\",\"datePublished\":\"2025-02-03T11:04:28+00:00\",\"dateModified\":\"2025-04-03T09:41:39+00:00\",\"breadcrumb\":{\"@id\":\"https:\/\/www.swud.org\/swud\/wer-bewegt-die-swud\/mitarbeitende\/profil-von-tanja-thomsen\/#breadcrumb\"},\"inLanguage\":\"en-GB\",\"potentialAction\":[{\"@type\":\"ReadAction\",\"target\":[\"https:\/\/www.swud.org\/swud\/wer-bewegt-die-swud\/mitarbeitende\/profil-von-tanja-thomsen\/\"]}]},{\"@type\":\"ImageObject\",\"inLanguage\":\"en-GB\",\"@id\":\"https:\/\/www.swud.org\/swud\/wer-bewegt-die-swud\/mitarbeitende\/profil-von-tanja-thomsen\/#primaryimage\",\"url\":\"https:\/\/www.swud.org\/wp-content\/uploads\/2025\/01\/TThomsen.jpg\",\"contentUrl\":\"https:\/\/www.swud.org\/wp-content\/uploads\/2025\/01\/TThomsen.jpg\"},{\"@type\":\"BreadcrumbList\",\"@id\":\"https:\/\/www.swud.org\/swud\/wer-bewegt-die-swud\/mitarbeitende\/profil-von-tanja-thomsen\/#breadcrumb\",\"itemListElement\":[{\"@type\":\"ListItem\",\"position\":1,\"name\":\"Startseite\",\"item\":\"https:\/\/www.swud.org\/\"},{\"@type\":\"ListItem\",\"position\":2,\"name\":\"SW&amp;D\",\"item\":\"https:\/\/www.swud.org\/swud\/\"},{\"@type\":\"ListItem\",\"position\":3,\"name\":\"Wer bewegt die SW&amp;D\",\"item\":\"https:\/\/www.swud.org\/swud\/wer-bewegt-die-swud\/\"},{\"@type\":\"ListItem\",\"position\":4,\"name\":\"Mitarbeitende\",\"item\":\"https:\/\/www.swud.org\/swud\/wer-bewegt-die-swud\/mitarbeitende\/\"},{\"@type\":\"ListItem\",\"position\":5,\"name\":\"Profil von Tanja Thomsen\"}]},{\"@type\":\"WebSite\",\"@id\":\"https:\/\/www.swud.org\/#website\",\"url\":\"https:\/\/www.swud.org\/\",\"name\":\"Stiftung Wissenschaft und Demokratie\",\"description\":\"\",\"potentialAction\":[{\"@type\":\"SearchAction\",\"target\":{\"@type\":\"EntryPoint\",\"urlTemplate\":\"https:\/\/www.swud.org\/?s={search_term_string}\"},\"query-input\":{\"@type\":\"PropertyValueSpecification\",\"valueRequired\":true,\"valueName\":\"search_term_string\"}}],\"inLanguage\":\"en-GB\"}]}<\/script>\n<!-- \/ Yoast SEO plugin. -->","yoast_head_json":{"title":"Profile of Tanja Thomsen - Foundation for Science and Democracy","robots":{"index":"index","follow":"follow","max-snippet":"max-snippet:-1","max-image-preview":"max-image-preview:large","max-video-preview":"max-video-preview:-1"},"canonical":"https:\/\/www.swud.org\/en\/swud\/wer-bewegt-die-swud\/mitarbeitende\/profil-von-tanja-thomsen\/","og_locale":"en_GB","og_type":"article","og_title":"Profil von Tanja Thomsen - Stiftung Wissenschaft und Demokratie","og_description":"Portal f\u00fcr Politikwissenschaft Tanja Thomsen Tanja Thomsen ist seit 2022 Redakteurin beim Portal f\u00fcr Politikwissenschaft. Nach ihrem 1. juristischen Staatsexamen studierte sie im Zweitstudium Politikwissenschaft sowie Deutsche Literatur und Sprache in Kiel. Begleitend hierzu arbeitete sie unter anderem als Assistenz der Gesch\u00e4ftsf\u00fchrung mehrere Jahre in einer Unternehmensberatung an Projekten f\u00fcr Personalberatung und -entwicklung mit und [&hellip;]","og_url":"https:\/\/www.swud.org\/en\/swud\/wer-bewegt-die-swud\/mitarbeitende\/profil-von-tanja-thomsen\/","og_site_name":"Stiftung Wissenschaft und Demokratie","article_modified_time":"2025-04-03T09:41:39+00:00","og_image":[{"width":450,"height":450,"url":"https:\/\/www.swud.org\/wp-content\/uploads\/2025\/01\/TThomsen.jpg","type":"image\/jpeg"}],"twitter_card":"summary_large_image","twitter_misc":{"Est. reading time":"2 minutes"},"schema":{"@context":"https:\/\/schema.org","@graph":[{"@type":"WebPage","@id":"https:\/\/www.swud.org\/swud\/wer-bewegt-die-swud\/mitarbeitende\/profil-von-tanja-thomsen\/","url":"https:\/\/www.swud.org\/swud\/wer-bewegt-die-swud\/mitarbeitende\/profil-von-tanja-thomsen\/","name":"Profile of Tanja Thomsen - Foundation for Science and Democracy","isPartOf":{"@id":"https:\/\/www.swud.org\/#website"},"primaryImageOfPage":{"@id":"https:\/\/www.swud.org\/swud\/wer-bewegt-die-swud\/mitarbeitende\/profil-von-tanja-thomsen\/#primaryimage"},"image":{"@id":"https:\/\/www.swud.org\/swud\/wer-bewegt-die-swud\/mitarbeitende\/profil-von-tanja-thomsen\/#primaryimage"},"thumbnailUrl":"https:\/\/www.swud.org\/wp-content\/uploads\/2025\/01\/TThomsen.jpg","datePublished":"2025-02-03T11:04:28+00:00","dateModified":"2025-04-03T09:41:39+00:00","breadcrumb":{"@id":"https:\/\/www.swud.org\/swud\/wer-bewegt-die-swud\/mitarbeitende\/profil-von-tanja-thomsen\/#breadcrumb"},"inLanguage":"en-GB","potentialAction":[{"@type":"ReadAction","target":["https:\/\/www.swud.org\/swud\/wer-bewegt-die-swud\/mitarbeitende\/profil-von-tanja-thomsen\/"]}]},{"@type":"ImageObject","inLanguage":"en-GB","@id":"https:\/\/www.swud.org\/swud\/wer-bewegt-die-swud\/mitarbeitende\/profil-von-tanja-thomsen\/#primaryimage","url":"https:\/\/www.swud.org\/wp-content\/uploads\/2025\/01\/TThomsen.jpg","contentUrl":"https:\/\/www.swud.org\/wp-content\/uploads\/2025\/01\/TThomsen.jpg"},{"@type":"BreadcrumbList","@id":"https:\/\/www.swud.org\/swud\/wer-bewegt-die-swud\/mitarbeitende\/profil-von-tanja-thomsen\/#breadcrumb","itemListElement":[{"@type":"ListItem","position":1,"name":"Startseite","item":"https:\/\/www.swud.org\/"},{"@type":"ListItem","position":2,"name":"SW&amp;D","item":"https:\/\/www.swud.org\/swud\/"},{"@type":"ListItem","position":3,"name":"Wer bewegt die SW&amp;D","item":"https:\/\/www.swud.org\/swud\/wer-bewegt-die-swud\/"},{"@type":"ListItem","position":4,"name":"Mitarbeitende","item":"https:\/\/www.swud.org\/swud\/wer-bewegt-die-swud\/mitarbeitende\/"},{"@type":"ListItem","position":5,"name":"Profil von Tanja Thomsen"}]},{"@type":"WebSite","@id":"https:\/\/www.swud.org\/#website","url":"https:\/\/www.swud.org\/","name":"Foundation Science and Democracy","description":"","potentialAction":[{"@type":"SearchAction","target":{"@type":"EntryPoint","urlTemplate":"https:\/\/www.swud.org\/?s={search_term_string}"},"query-input":{"@type":"PropertyValueSpecification","valueRequired":true,"valueName":"search_term_string"}}],"inLanguage":"en-GB"}]}},"_links":{"self":[{"href":"https:\/\/www.swud.org\/en\/wp-json\/wp\/v2\/pages\/7115","targetHints":{"allow":["GET"]}}],"collection":[{"href":"https:\/\/www.swud.org\/en\/wp-json\/wp\/v2\/pages"}],"about":[{"href":"https:\/\/www.swud.org\/en\/wp-json\/wp\/v2\/types\/page"}],"author":[{"embeddable":true,"href":"https:\/\/www.swud.org\/en\/wp-json\/wp\/v2\/users\/3"}],"replies":[{"embeddable":true,"href":"https:\/\/www.swud.org\/en\/wp-json\/wp\/v2\/comments?post=7115"}],"version-history":[{"count":12,"href":"https:\/\/www.swud.org\/en\/wp-json\/wp\/v2\/pages\/7115\/revisions"}],"predecessor-version":[{"id":9013,"href":"https:\/\/www.swud.org\/en\/wp-json\/wp\/v2\/pages\/7115\/revisions\/9013"}],"up":[{"embeddable":true,"href":"https:\/\/www.swud.org\/en\/wp-json\/wp\/v2\/pages\/703"}],"wp:attachment":[{"href":"https:\/\/www.swud.org\/en\/wp-json\/wp\/v2\/media?parent=7115"}],"curies":[{"name":"wp","href":"https:\/\/api.w.org\/{rel}","templated":true}]}}