{"id":719,"date":"2024-05-23T15:50:58","date_gmt":"2024-05-23T13:50:58","guid":{"rendered":"https:\/\/wp.swud.org\/?page_id=719"},"modified":"2026-01-12T11:06:38","modified_gmt":"2026-01-12T10:06:38","slug":"ispk","status":"publish","type":"page","link":"https:\/\/www.swud.org\/en\/zusammenarbeit-mit-der-swd\/ispk\/","title":{"rendered":"ISPK"},"content":{"rendered":"<div data-elementor-type=\"wp-page\" data-elementor-id=\"719\" class=\"elementor elementor-719\" data-elementor-post-type=\"page\">\n\t\t\t\t\t\t<section class=\"ob-is-breaking-bad elementor-section elementor-top-section elementor-element elementor-element-4e2c4407 elementor-section-height-min-height elementor-section-boxed elementor-section-height-default elementor-section-items-middle\" data-id=\"4e2c4407\" data-element_type=\"section\" data-e-type=\"section\" data-settings=\"{&quot;background_background&quot;:&quot;classic&quot;,&quot;_ob_bbad_use_it&quot;:&quot;yes&quot;,&quot;_ob_bbad_sssic_use&quot;:&quot;no&quot;}\">\n\t\t\t\t\t\t\t<div class=\"elementor-background-overlay\"><\/div>\n\t\t\t\t\t\t\t<div class=\"elementor-container elementor-column-gap-wider\">\n\t\t\t\t\t<div class=\"elementor-column elementor-col-100 elementor-top-column elementor-element elementor-element-484ebe63\" data-id=\"484ebe63\" data-element_type=\"column\" data-e-type=\"column\" data-settings=\"{&quot;_ob_bbad_is_stalker&quot;:&quot;no&quot;}\">\n\t\t\t<div class=\"elementor-widget-wrap elementor-element-populated\">\n\t\t\t\t\t\t<div class=\"elementor-element elementor-element-2475a97 elementor-widget__width-auto elementor-widget-mobile__width-inherit elementor-invisible elementor-widget elementor-widget-heading\" data-id=\"2475a97\" data-element_type=\"widget\" data-e-type=\"widget\" data-settings=\"{&quot;_animation&quot;:&quot;fadeIn&quot;,&quot;_animation_delay&quot;:200,&quot;_ob_widget_stalker_use&quot;:&quot;no&quot;}\" data-widget_type=\"heading.default\">\n\t\t\t\t<div class=\"elementor-widget-container\">\n\t\t\t\t\t<h1 class=\"elementor-heading-title elementor-size-default\">INSTITUTE FOR SECURITY POLICY<\/h1>\t\t\t\t<\/div>\n\t\t\t\t<\/div>\n\t\t\t\t<div class=\"elementor-element elementor-element-e204785 elementor-widget__width-auto elementor-widget-mobile__width-inherit elementor-invisible elementor-widget elementor-widget-heading\" data-id=\"e204785\" data-element_type=\"widget\" data-e-type=\"widget\" data-settings=\"{&quot;_animation&quot;:&quot;fadeIn&quot;,&quot;_animation_delay&quot;:200,&quot;_ob_widget_stalker_use&quot;:&quot;no&quot;}\" data-widget_type=\"heading.default\">\n\t\t\t\t<div class=\"elementor-widget-container\">\n\t\t\t\t\t<h1 class=\"elementor-heading-title elementor-size-default\">AT THE UNIVERSITY OF KIEL<\/h1>\t\t\t\t<\/div>\n\t\t\t\t<\/div>\n\t\t\t\t\t<\/div>\n\t\t<\/div>\n\t\t\t\t\t<\/div>\n\t\t<\/section>\n\t\t\t\t<section class=\"ob-is-breaking-bad elementor-section elementor-top-section elementor-element elementor-element-45883bcd elementor-section-boxed elementor-section-height-default elementor-section-height-default\" data-id=\"45883bcd\" data-element_type=\"section\" data-e-type=\"section\" data-settings=\"{&quot;_ob_bbad_use_it&quot;:&quot;yes&quot;,&quot;_ob_bbad_sssic_use&quot;:&quot;no&quot;}\">\n\t\t\t\t\t\t<div class=\"elementor-container elementor-column-gap-wider\">\n\t\t\t\t\t<div class=\"elementor-column elementor-col-33 elementor-top-column elementor-element elementor-element-7e8bded9\" data-id=\"7e8bded9\" data-element_type=\"column\" data-e-type=\"column\" data-settings=\"{&quot;_ob_bbad_is_stalker&quot;:&quot;no&quot;}\">\n\t\t\t<div class=\"elementor-widget-wrap elementor-element-populated\">\n\t\t\t\t\t\t<div class=\"elementor-element elementor-element-10344267 elementor-invisible elementor-widget elementor-widget-heading\" data-id=\"10344267\" data-element_type=\"widget\" data-e-type=\"widget\" data-settings=\"{&quot;_animation&quot;:&quot;fadeInDown&quot;,&quot;_animation_delay&quot;:700,&quot;_ob_widget_stalker_use&quot;:&quot;no&quot;}\" data-widget_type=\"heading.default\">\n\t\t\t\t<div class=\"elementor-widget-container\">\n\t\t\t\t\t<div class=\"elementor-heading-title elementor-size-default\">Knowledge creates security<\/div>\t\t\t\t<\/div>\n\t\t\t\t<\/div>\n\t\t\t\t<div class=\"elementor-element elementor-element-da233e2 elementor-invisible elementor-widget elementor-widget-heading\" data-id=\"da233e2\" data-element_type=\"widget\" data-e-type=\"widget\" data-settings=\"{&quot;_animation&quot;:&quot;fadeInDown&quot;,&quot;_animation_delay&quot;:1200,&quot;_ob_widget_stalker_use&quot;:&quot;no&quot;}\" data-widget_type=\"heading.default\">\n\t\t\t\t<div class=\"elementor-widget-container\">\n\t\t\t\t\t<h2 class=\"elementor-heading-title elementor-size-default\">Institute for Security Policy <\/h2>\t\t\t\t<\/div>\n\t\t\t\t<\/div>\n\t\t\t\t<div class=\"elementor-element elementor-element-a2f7efc elementor-invisible elementor-widget elementor-widget-heading\" data-id=\"a2f7efc\" data-element_type=\"widget\" data-e-type=\"widget\" data-settings=\"{&quot;_animation&quot;:&quot;fadeInDown&quot;,&quot;_animation_delay&quot;:1200,&quot;_ob_widget_stalker_use&quot;:&quot;no&quot;}\" data-widget_type=\"heading.default\">\n\t\t\t\t<div class=\"elementor-widget-container\">\n\t\t\t\t\t<h2 class=\"elementor-heading-title elementor-size-default\">at the University of Kiel (ISPK)<\/h2>\t\t\t\t<\/div>\n\t\t\t\t<\/div>\n\t\t\t\t<div class=\"elementor-element elementor-element-3dbac000 elementor-widget elementor-widget-text-editor\" data-id=\"3dbac000\" data-element_type=\"widget\" data-e-type=\"widget\" data-settings=\"{&quot;_ob_widget_stalker_use&quot;:&quot;no&quot;}\" data-widget_type=\"text-editor.default\">\n\t\t\t\t<div class=\"elementor-widget-container\">\n\t\t\t\t\t\t\t\t\t<p>Like the founder during his lifetime, SW&amp;D considers the clarification of political science issues in the field of foreign and security policy to be indispensable for the strengthening and preservation of democratic systems. Due to the outstanding importance of this field of research, SW&amp;D has been supporting the <a href=\"https:\/\/www.ispk.uni-kiel.de\/de\/willkommen\" target=\"_blank\" rel=\"noopener\"><strong>Institute for Security Policy at Kiel University (ISPK)<\/strong><\/a> As the main funding partner, SW&amp;D is deliberately institutionalised - rather than project-based, as is often the case in science. Even though the Institute itself is not an institution of the Foundation, there is close, collegial cooperation between SW&amp;D and the ISPK at all levels. With the ISPK moving into its offices at the Foundation's headquarters in Kiel, the Foundation and the Institute are also very close in terms of space.<\/p><p>The origins of the ISPK date back to 1983, when the institute was affiliated to Kiel University (CAU) by decision of the Schleswig-Holstein Minister of Education and Cultural Affairs.  In 2015, the ISPK was transformed into a non-profit limited company and is now firmly anchored in the research landscape as an affiliated institute of the CAU. The ISPK's excellent networking with partners from science and practice ensures that its research results are always up-to-date and practical.<\/p><p>The ISPK's research work is divided into four areas: Maritime Strategy and Security, Terrorism and Radicalisation Research, Conflict Research and Strategic Development in the Asia-Pacific Region. Thanks to institutional funding from SW&amp;D, the ISPK is able to work on these topics independently of short-term project requirements and continuously develop its work. This independence strengthens the ISPK's ability to make a significant contribution to the security policy discourse in Germany through policy-oriented research.<\/p><p>Further information on the projects and results of the ISPK can be found on the <strong><a href=\"https:\/\/www.ispk.uni-kiel.de\/de\/willkommen\" target=\"_blank\" rel=\"noopener\">Website of the institute<\/a><\/strong>.<\/p>\t\t\t\t\t\t\t\t<\/div>\n\t\t\t\t<\/div>\n\t\t\t\t<div class=\"elementor-element elementor-element-cb2ded9 elementor-align-start elementor-icon-list--layout-traditional elementor-list-item-link-full_width elementor-widget elementor-widget-icon-list\" data-id=\"cb2ded9\" data-element_type=\"widget\" data-e-type=\"widget\" data-settings=\"{&quot;_ob_widget_stalker_use&quot;:&quot;no&quot;}\" data-widget_type=\"icon-list.default\">\n\t\t\t\t<div class=\"elementor-widget-container\">\n\t\t\t\t\t\t\t<ul class=\"elementor-icon-list-items\">\n\t\t\t\t\t\t\t<li class=\"elementor-icon-list-item\">\n\t\t\t\t\t\t\t\t\t\t\t<a href=\"https:\/\/www.ispk.uni-kiel.de\/de\/abteilungen\/abteilung-maritime-strategie-und-sicherheit\" target=\"_blank\">\n\n\t\t\t\t\t\t\t\t\t\t\t\t<span class=\"elementor-icon-list-icon\">\n\t\t\t\t\t\t\t<i aria-hidden=\"true\" class=\"far fa-arrow-alt-circle-right\"><\/i>\t\t\t\t\t\t<\/span>\n\t\t\t\t\t\t\t\t\t\t<span class=\"elementor-icon-list-text\">Maritime Strategy and Security Division<\/span>\n\t\t\t\t\t\t\t\t\t\t\t<\/a>\n\t\t\t\t\t\t\t\t\t<\/li>\n\t\t\t\t\t\t\t\t<li class=\"elementor-icon-list-item\">\n\t\t\t\t\t\t\t\t\t\t\t<a href=\"https:\/\/www.ispk.uni-kiel.de\/de\/abteilungen\/abteilung-terrorismus-und-radikalisierungsforschung\" target=\"_blank\">\n\n\t\t\t\t\t\t\t\t\t\t\t\t<span class=\"elementor-icon-list-icon\">\n\t\t\t\t\t\t\t<i aria-hidden=\"true\" class=\"far fa-arrow-alt-circle-right\"><\/i>\t\t\t\t\t\t<\/span>\n\t\t\t\t\t\t\t\t\t\t<span class=\"elementor-icon-list-text\">Department of Terrorism and Radicalisation Research<\/span>\n\t\t\t\t\t\t\t\t\t\t\t<\/a>\n\t\t\t\t\t\t\t\t\t<\/li>\n\t\t\t\t\t\t\t\t<li class=\"elementor-icon-list-item\">\n\t\t\t\t\t\t\t\t\t\t\t<a href=\"https:\/\/www.ispk.uni-kiel.de\/de\/abteilungen\/abteilung-strategische-entwicklung-in-asien-pazifik\" target=\"_blank\">\n\n\t\t\t\t\t\t\t\t\t\t\t\t<span class=\"elementor-icon-list-icon\">\n\t\t\t\t\t\t\t<i aria-hidden=\"true\" class=\"far fa-arrow-alt-circle-right\"><\/i>\t\t\t\t\t\t<\/span>\n\t\t\t\t\t\t\t\t\t\t<span class=\"elementor-icon-list-text\">Strategic Development Department in Asia-Pacific<\/span>\n\t\t\t\t\t\t\t\t\t\t\t<\/a>\n\t\t\t\t\t\t\t\t\t<\/li>\n\t\t\t\t\t\t\t\t<li class=\"elementor-icon-list-item\">\n\t\t\t\t\t\t\t\t\t\t\t<a href=\"https:\/\/www.ispk.uni-kiel.de\/de\/abteilungen\/konfliktforschung\" target=\"_blank\">\n\n\t\t\t\t\t\t\t\t\t\t\t\t<span class=\"elementor-icon-list-icon\">\n\t\t\t\t\t\t\t<i aria-hidden=\"true\" class=\"far fa-arrow-alt-circle-right\"><\/i>\t\t\t\t\t\t<\/span>\n\t\t\t\t\t\t\t\t\t\t<span class=\"elementor-icon-list-text\">Conflict Research Department<\/span>\n\t\t\t\t\t\t\t\t\t\t\t<\/a>\n\t\t\t\t\t\t\t\t\t<\/li>\n\t\t\t\t\t\t<\/ul>\n\t\t\t\t\t\t<\/div>\n\t\t\t\t<\/div>\n\t\t\t\t\t<\/div>\n\t\t<\/div>\n\t\t\t\t<div class=\"elementor-column elementor-col-33 elementor-top-column elementor-element elementor-element-40e5a49 elementor-hidden-tablet elementor-hidden-mobile\" data-id=\"40e5a49\" data-element_type=\"column\" data-e-type=\"column\" data-settings=\"{&quot;_ob_bbad_is_stalker&quot;:&quot;no&quot;}\">\n\t\t\t<div class=\"elementor-widget-wrap\">\n\t\t\t\t\t\t\t<\/div>\n\t\t<\/div>\n\t\t\t\t<div class=\"elementor-column elementor-col-33 elementor-top-column elementor-element elementor-element-17853945\" data-id=\"17853945\" data-element_type=\"column\" data-e-type=\"column\" data-settings=\"{&quot;_ob_bbad_is_stalker&quot;:&quot;no&quot;}\">\n\t\t\t<div class=\"elementor-widget-wrap elementor-element-populated\">\n\t\t\t\t\t\t<section class=\"ob-is-breaking-bad ob-bb-inner elementor-section elementor-inner-section elementor-element elementor-element-24733f2c elementor-section-boxed elementor-section-height-default elementor-section-height-default\" data-id=\"24733f2c\" data-element_type=\"section\" data-e-type=\"section\" data-settings=\"{&quot;_ob_bbad_use_it&quot;:&quot;yes&quot;,&quot;_ob_bbad_sssic_use&quot;:&quot;no&quot;}\">\n\t\t\t\t\t\t<div class=\"elementor-container elementor-column-gap-no\">\n\t\t\t\t\t<div class=\"elementor-column elementor-col-100 elementor-inner-column elementor-element elementor-element-71d5fbbe\" data-id=\"71d5fbbe\" data-element_type=\"column\" data-e-type=\"column\" data-settings=\"{&quot;_ob_bbad_is_stalker&quot;:&quot;no&quot;}\">\n\t\t\t<div class=\"elementor-widget-wrap elementor-element-populated\">\n\t\t\t\t\t\t<div class=\"elementor-element elementor-element-4efb7fa6 elementor-widget elementor-widget-image\" data-id=\"4efb7fa6\" data-element_type=\"widget\" data-e-type=\"widget\" data-settings=\"{&quot;_ob_widget_stalker_use&quot;:&quot;no&quot;}\" data-widget_type=\"image.default\">\n\t\t\t\t<div class=\"elementor-widget-container\">\n\t\t\t\t\t\t\t\t\t\t\t\t\t\t\t<img loading=\"lazy\" decoding=\"async\" width=\"768\" height=\"159\" src=\"https:\/\/www.swud.org\/wp-content\/uploads\/2024\/12\/ISPK_Logo_Neu_nebeneinander_gross-768x159.png\" class=\"attachment-medium_large size-medium_large wp-image-3283\" alt=\"\" srcset=\"https:\/\/www.swud.org\/wp-content\/uploads\/2024\/12\/ISPK_Logo_Neu_nebeneinander_gross-768x159.png 768w, https:\/\/www.swud.org\/wp-content\/uploads\/2024\/12\/ISPK_Logo_Neu_nebeneinander_gross-300x62.png 300w, https:\/\/www.swud.org\/wp-content\/uploads\/2024\/12\/ISPK_Logo_Neu_nebeneinander_gross-18x4.png 18w, https:\/\/www.swud.org\/wp-content\/uploads\/2024\/12\/ISPK_Logo_Neu_nebeneinander_gross.png 1000w\" sizes=\"auto, (max-width: 768px) 100vw, 768px\" \/>\t\t\t\t\t\t\t\t\t\t\t\t\t\t\t<\/div>\n\t\t\t\t<\/div>\n\t\t\t\t<div class=\"elementor-element elementor-element-c46c1b7 elementor-widget elementor-widget-text-editor\" data-id=\"c46c1b7\" data-element_type=\"widget\" data-e-type=\"widget\" data-settings=\"{&quot;_ob_widget_stalker_use&quot;:&quot;no&quot;}\" data-widget_type=\"text-editor.default\">\n\t\t\t\t<div class=\"elementor-widget-container\">\n\t\t\t\t\t\t\t\t\t<p>Wall 40, 24103 Kiel<\/p><p><span style=\"color: #af153f;\">TEL<\/span> <a href=\"tel:004943197999850\">0431 \/ 979 998 50<\/a><\/p><p><span style=\"color: #af153f;\">E-MAIL<\/span> <a class=\"mail-link\" href=\"\/en\/&\/#x6d;&#x61;&#x69;&#108;&#116;o:&#x73;&#x68;&#x61;&#110;&#115;en&#x40;&#x69;&#x73;&#112;&#107;&#46;u&#x6e;&#x69;&#x2d;&#107;&#105;el&#x2e;&#x64;&#x65;\">shansen@ispk.uni-kiel.de<\/a><br \/><span style=\"color: #af153f;\">WEB<\/span> <a href=\"https:\/\/www.ispk.uni-kiel.de\/de\" target=\"_blank\" rel=\"noopener\">www.ispk.uni-kiel.de<\/a><\/p>\t\t\t\t\t\t\t\t<\/div>\n\t\t\t\t<\/div>\n\t\t\t\t<div class=\"elementor-element elementor-element-7285784d elementor-view-default elementor-widget elementor-widget-icon\" data-id=\"7285784d\" data-element_type=\"widget\" data-e-type=\"widget\" data-settings=\"{&quot;_ob_widget_stalker_use&quot;:&quot;no&quot;}\" data-widget_type=\"icon.default\">\n\t\t\t\t<div class=\"elementor-widget-container\">\n\t\t\t\t\t\t\t<div class=\"elementor-icon-wrapper\">\n\t\t\t<a class=\"elementor-icon\" href=\"https:\/\/x.com\/ispk_org\" target=\"_blank\">\n\t\t\t<svg xmlns=\"http:\/\/www.w3.org\/2000\/svg\" xmlns:xlink=\"http:\/\/www.w3.org\/1999\/xlink\" id=\"Ebene_1\" x=\"0px\" y=\"0px\" viewbox=\"0 0 80 80\" style=\"enable-background:new 0 0 80 80;\" xml:space=\"preserve\"><style type=\"text\/css\">\t.st0{fill:#C34E6E;}\t.st1{fill:#003865;}<\/style><path class=\"st0\" d=\"M24.7,17.9l-0.3,0.3c-9.4,9.5-9.8,24.5-0.8,33.4s23.8,8.3,33.4-1l0.3-0.3l9,8.9L66,59.5 c-14.7,14.8-37.9,15.6-51.9,1.7S0.7,24,15.3,9.2l0.3-0.3L24.7,17.9z\"><\/path><path class=\"st1\" d=\"M43.1,33l-1.1-1.6L33,18.7h3.8L44.1,29l1.1,1.6l9.3,13.4h-3.8L43.1,33z M46.5,29.1L57,16.8h-2.5l-9.1,10.6 l-7.3-10.6h-8.4l11,16.1l-11,12.8h2.5l9.7-11.2l7.7,11.2h8.4L46.5,29.1z\"><\/path><\/svg>\t\t\t<\/a>\n\t\t<\/div>\n\t\t\t\t\t\t<\/div>\n\t\t\t\t<\/div>\n\t\t\t\t\t<\/div>\n\t\t<\/div>\n\t\t\t\t\t<\/div>\n\t\t<\/section>\n\t\t\t\t\t<\/div>\n\t\t<\/div>\n\t\t\t\t\t<\/div>\n\t\t<\/section>\n\t\t\t\t<\/div>","protected":false},"excerpt":{"rendered":"<p>INSTITUTE FOR SECURITY POLICY AT THE UNIVERSITY OF KIEL Knowledge creates security Institute for Security Policy at Kiel University (ISPK) Like its founder during his lifetime, SW&amp;D considers the clarification of political science issues in the field of foreign and security policy to be indispensable for the strengthening and preservation of democratic systems. Due to the outstanding importance of this field of research, [...]<\/p>","protected":false},"author":1,"featured_media":0,"parent":717,"menu_order":2,"comment_status":"closed","ping_status":"closed","template":"","meta":{"_acf_changed":false,"footnotes":""},"class_list":["post-719","page","type-page","status-publish","hentry"],"acf":[],"featured_image_src":null,"yoast_head":"<!-- This site is optimized with the Yoast SEO plugin v26.9 - https:\/\/yoast.com\/product\/yoast-seo-wordpress\/ -->\n<title>ISPK - Stiftung Wissenschaft und Demokratie<\/title>\n<meta name=\"robots\" content=\"index, follow, max-snippet:-1, max-image-preview:large, max-video-preview:-1\" \/>\n<link rel=\"canonical\" href=\"https:\/\/www.swud.org\/en\/zusammenarbeit-mit-der-swd\/ispk\/\" \/>\n<meta property=\"og:locale\" content=\"en_GB\" \/>\n<meta property=\"og:type\" content=\"article\" \/>\n<meta property=\"og:title\" content=\"ISPK - Stiftung Wissenschaft und Demokratie\" \/>\n<meta property=\"og:description\" content=\"INSTITUT F\u00dcR SICHERHEITSPOLITIK AN DER UNIVERSIT\u00c4T KIEL Wissen schafft Sicherheit Institut f\u00fcr Sicherheitspolitik an der Universit\u00e4t Kiel (ISPK) Wie der Stifter zu seinen Lebzeiten, betrachtet auch die SW&amp;D die Kl\u00e4rung politikwissenschaftlicher Sachfragen im Bereich der Au\u00dfen- und Sicherheitspolitik als unverzichtbar f\u00fcr die St\u00e4rkung und den Erhalt demokratischer Systeme. Aufgrund der herausragenden Bedeutung dieses Forschungsfeldes, f\u00f6rdert [&hellip;]\" \/>\n<meta property=\"og:url\" content=\"https:\/\/www.swud.org\/en\/zusammenarbeit-mit-der-swd\/ispk\/\" \/>\n<meta property=\"og:site_name\" content=\"Stiftung Wissenschaft und Demokratie\" \/>\n<meta property=\"article:modified_time\" content=\"2026-01-12T10:06:38+00:00\" \/>\n<meta property=\"og:image\" content=\"https:\/\/www.swud.org\/wp-content\/uploads\/2024\/12\/ISPK_Logo_Neu_nebeneinander_gross.png\" \/>\n\t<meta property=\"og:image:width\" content=\"1000\" \/>\n\t<meta property=\"og:image:height\" content=\"207\" \/>\n\t<meta property=\"og:image:type\" content=\"image\/png\" \/>\n<meta name=\"twitter:card\" content=\"summary_large_image\" \/>\n<meta name=\"twitter:label1\" content=\"Est. reading time\" \/>\n\t<meta name=\"twitter:data1\" content=\"2 minutes\" \/>\n<script type=\"application\/ld+json\" class=\"yoast-schema-graph\">{\"@context\":\"https:\/\/schema.org\",\"@graph\":[{\"@type\":\"WebPage\",\"@id\":\"https:\/\/www.swud.org\/zusammenarbeit-mit-der-swd\/ispk\/\",\"url\":\"https:\/\/www.swud.org\/zusammenarbeit-mit-der-swd\/ispk\/\",\"name\":\"ISPK - Stiftung Wissenschaft und Demokratie\",\"isPartOf\":{\"@id\":\"https:\/\/www.swud.org\/#website\"},\"primaryImageOfPage\":{\"@id\":\"https:\/\/www.swud.org\/zusammenarbeit-mit-der-swd\/ispk\/#primaryimage\"},\"image\":{\"@id\":\"https:\/\/www.swud.org\/zusammenarbeit-mit-der-swd\/ispk\/#primaryimage\"},\"thumbnailUrl\":\"https:\/\/www.swud.org\/wp-content\/uploads\/2024\/12\/ISPK_Logo_Neu_nebeneinander_gross-768x159.png\",\"datePublished\":\"2024-05-23T13:50:58+00:00\",\"dateModified\":\"2026-01-12T10:06:38+00:00\",\"breadcrumb\":{\"@id\":\"https:\/\/www.swud.org\/zusammenarbeit-mit-der-swd\/ispk\/#breadcrumb\"},\"inLanguage\":\"en-GB\",\"potentialAction\":[{\"@type\":\"ReadAction\",\"target\":[\"https:\/\/www.swud.org\/zusammenarbeit-mit-der-swd\/ispk\/\"]}]},{\"@type\":\"ImageObject\",\"inLanguage\":\"en-GB\",\"@id\":\"https:\/\/www.swud.org\/zusammenarbeit-mit-der-swd\/ispk\/#primaryimage\",\"url\":\"https:\/\/www.swud.org\/wp-content\/uploads\/2024\/12\/ISPK_Logo_Neu_nebeneinander_gross-768x159.png\",\"contentUrl\":\"https:\/\/www.swud.org\/wp-content\/uploads\/2024\/12\/ISPK_Logo_Neu_nebeneinander_gross-768x159.png\"},{\"@type\":\"BreadcrumbList\",\"@id\":\"https:\/\/www.swud.org\/zusammenarbeit-mit-der-swd\/ispk\/#breadcrumb\",\"itemListElement\":[{\"@type\":\"ListItem\",\"position\":1,\"name\":\"Startseite\",\"item\":\"https:\/\/www.swud.org\/\"},{\"@type\":\"ListItem\",\"position\":2,\"name\":\"ZUSAMMENARBEIT MIT DER SW&amp;D\",\"item\":\"https:\/\/www.swud.org\/zusammenarbeit-mit-der-swd\/\"},{\"@type\":\"ListItem\",\"position\":3,\"name\":\"ISPK\"}]},{\"@type\":\"WebSite\",\"@id\":\"https:\/\/www.swud.org\/#website\",\"url\":\"https:\/\/www.swud.org\/\",\"name\":\"Stiftung Wissenschaft und Demokratie\",\"description\":\"\",\"potentialAction\":[{\"@type\":\"SearchAction\",\"target\":{\"@type\":\"EntryPoint\",\"urlTemplate\":\"https:\/\/www.swud.org\/?s={search_term_string}\"},\"query-input\":{\"@type\":\"PropertyValueSpecification\",\"valueRequired\":true,\"valueName\":\"search_term_string\"}}],\"inLanguage\":\"en-GB\"}]}<\/script>\n<!-- \/ Yoast SEO plugin. -->","yoast_head_json":{"title":"ISPK - Foundation for Science and Democracy","robots":{"index":"index","follow":"follow","max-snippet":"max-snippet:-1","max-image-preview":"max-image-preview:large","max-video-preview":"max-video-preview:-1"},"canonical":"https:\/\/www.swud.org\/en\/zusammenarbeit-mit-der-swd\/ispk\/","og_locale":"en_GB","og_type":"article","og_title":"ISPK - Stiftung Wissenschaft und Demokratie","og_description":"INSTITUT F\u00dcR SICHERHEITSPOLITIK AN DER UNIVERSIT\u00c4T KIEL Wissen schafft Sicherheit Institut f\u00fcr Sicherheitspolitik an der Universit\u00e4t Kiel (ISPK) Wie der Stifter zu seinen Lebzeiten, betrachtet auch die SW&amp;D die Kl\u00e4rung politikwissenschaftlicher Sachfragen im Bereich der Au\u00dfen- und Sicherheitspolitik als unverzichtbar f\u00fcr die St\u00e4rkung und den Erhalt demokratischer Systeme. Aufgrund der herausragenden Bedeutung dieses Forschungsfeldes, f\u00f6rdert [&hellip;]","og_url":"https:\/\/www.swud.org\/en\/zusammenarbeit-mit-der-swd\/ispk\/","og_site_name":"Stiftung Wissenschaft und Demokratie","article_modified_time":"2026-01-12T10:06:38+00:00","og_image":[{"width":1000,"height":207,"url":"https:\/\/www.swud.org\/wp-content\/uploads\/2024\/12\/ISPK_Logo_Neu_nebeneinander_gross.png","type":"image\/png"}],"twitter_card":"summary_large_image","twitter_misc":{"Est. reading time":"2 minutes"},"schema":{"@context":"https:\/\/schema.org","@graph":[{"@type":"WebPage","@id":"https:\/\/www.swud.org\/zusammenarbeit-mit-der-swd\/ispk\/","url":"https:\/\/www.swud.org\/zusammenarbeit-mit-der-swd\/ispk\/","name":"ISPK - Foundation for Science and Democracy","isPartOf":{"@id":"https:\/\/www.swud.org\/#website"},"primaryImageOfPage":{"@id":"https:\/\/www.swud.org\/zusammenarbeit-mit-der-swd\/ispk\/#primaryimage"},"image":{"@id":"https:\/\/www.swud.org\/zusammenarbeit-mit-der-swd\/ispk\/#primaryimage"},"thumbnailUrl":"https:\/\/www.swud.org\/wp-content\/uploads\/2024\/12\/ISPK_Logo_Neu_nebeneinander_gross-768x159.png","datePublished":"2024-05-23T13:50:58+00:00","dateModified":"2026-01-12T10:06:38+00:00","breadcrumb":{"@id":"https:\/\/www.swud.org\/zusammenarbeit-mit-der-swd\/ispk\/#breadcrumb"},"inLanguage":"en-GB","potentialAction":[{"@type":"ReadAction","target":["https:\/\/www.swud.org\/zusammenarbeit-mit-der-swd\/ispk\/"]}]},{"@type":"ImageObject","inLanguage":"en-GB","@id":"https:\/\/www.swud.org\/zusammenarbeit-mit-der-swd\/ispk\/#primaryimage","url":"https:\/\/www.swud.org\/wp-content\/uploads\/2024\/12\/ISPK_Logo_Neu_nebeneinander_gross-768x159.png","contentUrl":"https:\/\/www.swud.org\/wp-content\/uploads\/2024\/12\/ISPK_Logo_Neu_nebeneinander_gross-768x159.png"},{"@type":"BreadcrumbList","@id":"https:\/\/www.swud.org\/zusammenarbeit-mit-der-swd\/ispk\/#breadcrumb","itemListElement":[{"@type":"ListItem","position":1,"name":"Startseite","item":"https:\/\/www.swud.org\/"},{"@type":"ListItem","position":2,"name":"ZUSAMMENARBEIT MIT DER SW&amp;D","item":"https:\/\/www.swud.org\/zusammenarbeit-mit-der-swd\/"},{"@type":"ListItem","position":3,"name":"ISPK"}]},{"@type":"WebSite","@id":"https:\/\/www.swud.org\/#website","url":"https:\/\/www.swud.org\/","name":"Foundation Science and Democracy","description":"","potentialAction":[{"@type":"SearchAction","target":{"@type":"EntryPoint","urlTemplate":"https:\/\/www.swud.org\/?s={search_term_string}"},"query-input":{"@type":"PropertyValueSpecification","valueRequired":true,"valueName":"search_term_string"}}],"inLanguage":"en-GB"}]}},"_links":{"self":[{"href":"https:\/\/www.swud.org\/en\/wp-json\/wp\/v2\/pages\/719","targetHints":{"allow":["GET"]}}],"collection":[{"href":"https:\/\/www.swud.org\/en\/wp-json\/wp\/v2\/pages"}],"about":[{"href":"https:\/\/www.swud.org\/en\/wp-json\/wp\/v2\/types\/page"}],"author":[{"embeddable":true,"href":"https:\/\/www.swud.org\/en\/wp-json\/wp\/v2\/users\/1"}],"replies":[{"embeddable":true,"href":"https:\/\/www.swud.org\/en\/wp-json\/wp\/v2\/comments?post=719"}],"version-history":[{"count":4,"href":"https:\/\/www.swud.org\/en\/wp-json\/wp\/v2\/pages\/719\/revisions"}],"predecessor-version":[{"id":10008,"href":"https:\/\/www.swud.org\/en\/wp-json\/wp\/v2\/pages\/719\/revisions\/10008"}],"up":[{"embeddable":true,"href":"https:\/\/www.swud.org\/en\/wp-json\/wp\/v2\/pages\/717"}],"wp:attachment":[{"href":"https:\/\/www.swud.org\/en\/wp-json\/wp\/v2\/media?parent=719"}],"curies":[{"name":"wp","href":"https:\/\/api.w.org\/{rel}","templated":true}]}}