{"id":9473,"date":"2025-08-22T10:27:49","date_gmt":"2025-08-22T08:27:49","guid":{"rendered":"https:\/\/www.swud.org\/?page_id=9473"},"modified":"2025-10-21T10:36:34","modified_gmt":"2025-10-21T08:36:34","slug":"profil-von-prof-dr-andrea-gawrich","status":"publish","type":"page","link":"https:\/\/www.swud.org\/en\/swud\/wer-bewegt-die-swud\/beirat\/profil-von-prof-dr-andrea-gawrich\/","title":{"rendered":"Profile of Prof Dr Andrea Gawrich"},"content":{"rendered":"<div data-elementor-type=\"wp-page\" data-elementor-id=\"9473\" class=\"elementor elementor-9473\" data-elementor-post-type=\"page\">\n\t\t\t\t\t\t<section class=\"ob-is-breaking-bad elementor-section elementor-top-section elementor-element elementor-element-8ef5c11 elementor-section-boxed elementor-section-height-default elementor-section-height-default\" data-id=\"8ef5c11\" data-element_type=\"section\" data-e-type=\"section\" data-settings=\"{&quot;background_background&quot;:&quot;classic&quot;,&quot;_ob_bbad_use_it&quot;:&quot;yes&quot;,&quot;_ob_bbad_sssic_use&quot;:&quot;no&quot;}\">\n\t\t\t\t\t\t<div class=\"elementor-container elementor-column-gap-wider\">\n\t\t\t\t\t<div class=\"elementor-column elementor-col-50 elementor-top-column elementor-element elementor-element-b9509d3\" data-id=\"b9509d3\" data-element_type=\"column\" data-e-type=\"column\" data-settings=\"{&quot;_ob_bbad_is_stalker&quot;:&quot;no&quot;}\">\n\t\t\t<div class=\"elementor-widget-wrap elementor-element-populated\">\n\t\t\t\t\t\t<div class=\"elementor-element elementor-element-07a3666 elementor-invisible elementor-widget elementor-widget-heading\" data-id=\"07a3666\" data-element_type=\"widget\" data-e-type=\"widget\" data-settings=\"{&quot;_animation&quot;:&quot;fadeInDown&quot;,&quot;_ob_widget_stalker_use&quot;:&quot;no&quot;}\" data-widget_type=\"heading.default\">\n\t\t\t\t<div class=\"elementor-widget-container\">\n\t\t\t\t\t<div class=\"elementor-heading-title elementor-size-default\">Foundation Science and Democracy<\/div>\t\t\t\t<\/div>\n\t\t\t\t<\/div>\n\t\t\t\t<div class=\"elementor-element elementor-element-c20d82f elementor-invisible elementor-widget elementor-widget-heading\" data-id=\"c20d82f\" data-element_type=\"widget\" data-e-type=\"widget\" data-settings=\"{&quot;_animation&quot;:&quot;fadeInDown&quot;,&quot;_ob_widget_stalker_use&quot;:&quot;no&quot;}\" data-widget_type=\"heading.default\">\n\t\t\t\t<div class=\"elementor-widget-container\">\n\t\t\t\t\t<h2 class=\"elementor-heading-title elementor-size-default\">Prof Dr Andrea Gawrich<\/h2>\t\t\t\t<\/div>\n\t\t\t\t<\/div>\n\t\t\t\t<div class=\"elementor-element elementor-element-a6642ec elementor-widget elementor-widget-text-editor\" data-id=\"a6642ec\" data-element_type=\"widget\" data-e-type=\"widget\" data-settings=\"{&quot;_ob_widget_stalker_use&quot;:&quot;no&quot;}\" data-widget_type=\"text-editor.default\">\n\t\t\t\t<div class=\"elementor-widget-container\">\n\t\t\t\t\t\t\t\t\t<p>Prof. Dr Andrea Gawrich is Professor for <i>International integration<\/i> with special reference to Eastern Europe at the <i>Justus Liebig University Giessen<\/i>.<\/p><p>Her research focusses on the following areas <i>Promotion of democracy<\/i>, <i>Security policy<\/i>, <i>Conflict research<\/i> and to <i>EU<\/i>, <i>OSCE<\/i>, <i>Council of Europe<\/i> and <i>NATO<\/i>. She currently heads the <i>EU project SHAPEDEM-EU<\/i> to promote democracy in the EU neighbourhood. At the heart of this is the idea of understanding democracy as a social practice and collective learning process and developing innovative instruments for cooperation between the EU and its neighbouring countries.<\/p><p>She began her academic career by studying history, political science and social economics at the <i>University of Bochum<\/i>where she completed her doctorate in 2003 with a thesis on ethnic minorities in Poland's transformation process. After working at various universities (including the <i>Christian-Albrechts-Universit\u00e4t zu Kiel<\/i>), a deputy professorship and her habilitation in 2011, in 2012 she was appointed to the <i>Justus Liebig University Giessen<\/i>.<\/p><p>Prof. Gawrich is deputy managing director of the Giessen centre <i>Eastern Europe (GiZo)<\/i>\u00a0and heads Section IV there <i>\"Security Cultures in Eastern Europe\"<\/i>. Her work pursues a comprehensive concept of security that goes far beyond military policy issues and focuses in particular on developments in the Eastern Partnership countries and their relations with Russia.<\/p><p>From 2021 to 2023, she was Chairwoman of the <i>German Society for Political Science (DGfP)<\/i>She is also a member of the <i>German Political Science Association (DVPW)<\/i>the <i>German Society for East European Studies (DGO)<\/i> and the <i>German University Association (DHV)<\/i>.<\/p><div><\/div>\t\t\t\t\t\t\t\t<\/div>\n\t\t\t\t<\/div>\n\t\t\t\t<div class=\"elementor-element elementor-element-ce6b5d5 elementor-widget-divider--view-line elementor-widget elementor-widget-divider\" data-id=\"ce6b5d5\" data-element_type=\"widget\" data-e-type=\"widget\" data-settings=\"{&quot;_ob_widget_stalker_use&quot;:&quot;no&quot;}\" data-widget_type=\"divider.default\">\n\t\t\t\t<div class=\"elementor-widget-container\">\n\t\t\t\t\t\t\t<div class=\"elementor-divider\">\n\t\t\t<span class=\"elementor-divider-separator\">\n\t\t\t\t\t\t<\/span>\n\t\t<\/div>\n\t\t\t\t\t\t<\/div>\n\t\t\t\t<\/div>\n\t\t\t\t<div class=\"elementor-element elementor-element-7cee6e2 elementor-align-start elementor-hidden-desktop elementor-hidden-tablet elementor-hidden-mobile elementor-icon-list--layout-traditional elementor-list-item-link-full_width elementor-widget elementor-widget-icon-list\" data-id=\"7cee6e2\" data-element_type=\"widget\" data-e-type=\"widget\" data-settings=\"{&quot;_ob_widget_stalker_use&quot;:&quot;no&quot;}\" data-widget_type=\"icon-list.default\">\n\t\t\t\t<div class=\"elementor-widget-container\">\n\t\t\t\t\t\t\t<ul class=\"elementor-icon-list-items\">\n\t\t\t\t\t\t\t<li class=\"elementor-icon-list-item\">\n\t\t\t\t\t\t\t\t\t\t\t<a href=\"https:\/\/www.swud.org\/en\/swud\/wer-bewegt-die-swd\/beirat\/profil-von-prof-dr-gabriele-abels\/veroeffentlichungen-von-prof-dr-gabriele-abels\/\">\n\n\t\t\t\t\t\t\t\t\t\t\t\t<span class=\"elementor-icon-list-icon\">\n\t\t\t\t\t\t\t<i aria-hidden=\"true\" class=\"far fa-arrow-alt-circle-right\"><\/i>\t\t\t\t\t\t<\/span>\n\t\t\t\t\t\t\t\t\t\t<span class=\"elementor-icon-list-text\">Publications<\/span>\n\t\t\t\t\t\t\t\t\t\t\t<\/a>\n\t\t\t\t\t\t\t\t\t<\/li>\n\t\t\t\t\t\t<\/ul>\n\t\t\t\t\t\t<\/div>\n\t\t\t\t<\/div>\n\t\t\t\t<div class=\"elementor-element elementor-element-35be850 elementor-align-start elementor-hidden-desktop elementor-hidden-tablet elementor-hidden-mobile elementor-icon-list--layout-traditional elementor-list-item-link-full_width elementor-widget elementor-widget-icon-list\" data-id=\"35be850\" data-element_type=\"widget\" data-e-type=\"widget\" data-settings=\"{&quot;_ob_widget_stalker_use&quot;:&quot;no&quot;}\" data-widget_type=\"icon-list.default\">\n\t\t\t\t<div class=\"elementor-widget-container\">\n\t\t\t\t\t\t\t<ul class=\"elementor-icon-list-items\">\n\t\t\t\t\t\t\t<li class=\"elementor-icon-list-item\">\n\t\t\t\t\t\t\t\t\t\t\t<a href=\"https:\/\/matthiaslemke.com\/\" target=\"_blank\">\n\n\t\t\t\t\t\t\t\t\t\t\t\t<span class=\"elementor-icon-list-icon\">\n\t\t\t\t\t\t\t<i aria-hidden=\"true\" class=\"far fa-arrow-alt-circle-right\"><\/i>\t\t\t\t\t\t<\/span>\n\t\t\t\t\t\t\t\t\t\t<span class=\"elementor-icon-list-text\">Further information<\/span>\n\t\t\t\t\t\t\t\t\t\t\t<\/a>\n\t\t\t\t\t\t\t\t\t<\/li>\n\t\t\t\t\t\t<\/ul>\n\t\t\t\t\t\t<\/div>\n\t\t\t\t<\/div>\n\t\t\t\t\t<\/div>\n\t\t<\/div>\n\t\t\t\t<div class=\"elementor-column elementor-col-50 elementor-top-column elementor-element elementor-element-df7e792\" data-id=\"df7e792\" data-element_type=\"column\" data-e-type=\"column\" data-settings=\"{&quot;_ob_bbad_is_stalker&quot;:&quot;no&quot;}\">\n\t\t\t<div class=\"elementor-widget-wrap elementor-element-populated\">\n\t\t\t\t\t\t<div class=\"elementor-element elementor-element-b48042b elementor-widget elementor-widget-image\" data-id=\"b48042b\" data-element_type=\"widget\" data-e-type=\"widget\" data-settings=\"{&quot;_ob_widget_stalker_use&quot;:&quot;no&quot;}\" data-widget_type=\"image.default\">\n\t\t\t\t<div class=\"elementor-widget-container\">\n\t\t\t\t\t\t\t\t\t\t\t\t\t\t\t<img loading=\"lazy\" decoding=\"async\" width=\"409\" height=\"426\" src=\"https:\/\/www.swud.org\/wp-content\/uploads\/2025\/10\/Foto_Andrea_Gawrich.jpg\" class=\"attachment-medium_large size-medium_large wp-image-9632\" alt=\"\" srcset=\"https:\/\/www.swud.org\/wp-content\/uploads\/2025\/10\/Foto_Andrea_Gawrich.jpg 409w, https:\/\/www.swud.org\/wp-content\/uploads\/2025\/10\/Foto_Andrea_Gawrich-12x12.jpg 12w\" sizes=\"auto, (max-width: 409px) 100vw, 409px\" \/>\t\t\t\t\t\t\t\t\t\t\t\t\t\t\t<\/div>\n\t\t\t\t<\/div>\n\t\t\t\t<div class=\"elementor-element elementor-element-65c33d5 elementor-widget elementor-widget-text-editor\" data-id=\"65c33d5\" data-element_type=\"widget\" data-e-type=\"widget\" data-settings=\"{&quot;_ob_widget_stalker_use&quot;:&quot;no&quot;}\" data-widget_type=\"text-editor.default\">\n\t\t\t\t<div class=\"elementor-widget-container\">\n\t\t\t\t\t\t\t\t\t<p>Photo: Andrea Gawrich<\/p>\t\t\t\t\t\t\t\t<\/div>\n\t\t\t\t<\/div>\n\t\t\t\t\t<\/div>\n\t\t<\/div>\n\t\t\t\t\t<\/div>\n\t\t<\/section>\n\t\t\t\t<\/div>","protected":false},"excerpt":{"rendered":"<p>Stiftung Wissenschaft und Demokratie Prof. Dr Andrea Gawrich Prof. Dr Andrea Gawrich is Professor of International Integration with a special focus on Eastern Europe at Justus Liebig University Giessen. Her research focusses on democracy promotion, security policy, conflict research and the EU, OSCE, Council of Europe and NATO. She is currently leading the EU project SHAPEDEM-EU on democracy promotion in the EU neighbourhood. In the [...]<\/p>","protected":false},"author":3,"featured_media":0,"parent":701,"menu_order":0,"comment_status":"closed","ping_status":"closed","template":"","meta":{"_acf_changed":false,"footnotes":""},"class_list":["post-9473","page","type-page","status-publish","hentry"],"acf":[],"featured_image_src":null,"yoast_head":"<!-- This site is optimized with the Yoast SEO plugin v26.9 - https:\/\/yoast.com\/product\/yoast-seo-wordpress\/ -->\n<title>Profil von Prof. Dr. Andrea Gawrich - Stiftung Wissenschaft und Demokratie<\/title>\n<meta name=\"robots\" content=\"index, follow, max-snippet:-1, max-image-preview:large, max-video-preview:-1\" \/>\n<link rel=\"canonical\" href=\"https:\/\/www.swud.org\/en\/swud\/wer-bewegt-die-swud\/beirat\/profil-von-prof-dr-andrea-gawrich\/\" \/>\n<meta property=\"og:locale\" content=\"en_GB\" \/>\n<meta property=\"og:type\" content=\"article\" \/>\n<meta property=\"og:title\" content=\"Profil von Prof. Dr. Andrea Gawrich - Stiftung Wissenschaft und Demokratie\" \/>\n<meta property=\"og:description\" content=\"Stiftung Wissenschaft und Demokratie Prof. Dr. Andrea Gawrich Prof. Dr. Andrea Gawrich ist Professorin f\u00fcr Internationale Integration mit besonderem Bezug auf das \u00f6stliche Europa an der Justus-Liebig-Universit\u00e4t Gie\u00dfen. Sie forscht zu den Schwerpunkten Demokratief\u00f6rderung, Sicherheitspolitik, Konfliktforschung sowie zu EU, OSZE, Europarat und NATO. Aktuell leitet sie das EU-Projekt SHAPEDEM-EU zur Demokratief\u00f6rderung in der EU-Nachbarschaft. Im [&hellip;]\" \/>\n<meta property=\"og:url\" content=\"https:\/\/www.swud.org\/en\/swud\/wer-bewegt-die-swud\/beirat\/profil-von-prof-dr-andrea-gawrich\/\" \/>\n<meta property=\"og:site_name\" content=\"Stiftung Wissenschaft und Demokratie\" \/>\n<meta property=\"article:modified_time\" content=\"2025-10-21T08:36:34+00:00\" \/>\n<meta property=\"og:image\" content=\"https:\/\/www.swud.org\/wp-content\/uploads\/2025\/10\/Foto_Andrea_Gawrich.jpg\" \/>\n\t<meta property=\"og:image:width\" content=\"409\" \/>\n\t<meta property=\"og:image:height\" content=\"426\" \/>\n\t<meta property=\"og:image:type\" content=\"image\/jpeg\" \/>\n<meta name=\"twitter:card\" content=\"summary_large_image\" \/>\n<meta name=\"twitter:label1\" content=\"Est. reading time\" \/>\n\t<meta name=\"twitter:data1\" content=\"2 minutes\" \/>\n<script type=\"application\/ld+json\" class=\"yoast-schema-graph\">{\"@context\":\"https:\/\/schema.org\",\"@graph\":[{\"@type\":\"WebPage\",\"@id\":\"https:\/\/www.swud.org\/swud\/wer-bewegt-die-swud\/beirat\/profil-von-prof-dr-andrea-gawrich\/\",\"url\":\"https:\/\/www.swud.org\/swud\/wer-bewegt-die-swud\/beirat\/profil-von-prof-dr-andrea-gawrich\/\",\"name\":\"Profil von Prof. Dr. Andrea Gawrich - Stiftung Wissenschaft und Demokratie\",\"isPartOf\":{\"@id\":\"https:\/\/www.swud.org\/#website\"},\"primaryImageOfPage\":{\"@id\":\"https:\/\/www.swud.org\/swud\/wer-bewegt-die-swud\/beirat\/profil-von-prof-dr-andrea-gawrich\/#primaryimage\"},\"image\":{\"@id\":\"https:\/\/www.swud.org\/swud\/wer-bewegt-die-swud\/beirat\/profil-von-prof-dr-andrea-gawrich\/#primaryimage\"},\"thumbnailUrl\":\"https:\/\/www.swud.org\/wp-content\/uploads\/2025\/10\/Foto_Andrea_Gawrich.jpg\",\"datePublished\":\"2025-08-22T08:27:49+00:00\",\"dateModified\":\"2025-10-21T08:36:34+00:00\",\"breadcrumb\":{\"@id\":\"https:\/\/www.swud.org\/swud\/wer-bewegt-die-swud\/beirat\/profil-von-prof-dr-andrea-gawrich\/#breadcrumb\"},\"inLanguage\":\"en-GB\",\"potentialAction\":[{\"@type\":\"ReadAction\",\"target\":[\"https:\/\/www.swud.org\/swud\/wer-bewegt-die-swud\/beirat\/profil-von-prof-dr-andrea-gawrich\/\"]}]},{\"@type\":\"ImageObject\",\"inLanguage\":\"en-GB\",\"@id\":\"https:\/\/www.swud.org\/swud\/wer-bewegt-die-swud\/beirat\/profil-von-prof-dr-andrea-gawrich\/#primaryimage\",\"url\":\"https:\/\/www.swud.org\/wp-content\/uploads\/2025\/10\/Foto_Andrea_Gawrich.jpg\",\"contentUrl\":\"https:\/\/www.swud.org\/wp-content\/uploads\/2025\/10\/Foto_Andrea_Gawrich.jpg\"},{\"@type\":\"BreadcrumbList\",\"@id\":\"https:\/\/www.swud.org\/swud\/wer-bewegt-die-swud\/beirat\/profil-von-prof-dr-andrea-gawrich\/#breadcrumb\",\"itemListElement\":[{\"@type\":\"ListItem\",\"position\":1,\"name\":\"Startseite\",\"item\":\"https:\/\/www.swud.org\/\"},{\"@type\":\"ListItem\",\"position\":2,\"name\":\"SW&amp;D\",\"item\":\"https:\/\/www.swud.org\/swud\/\"},{\"@type\":\"ListItem\",\"position\":3,\"name\":\"Wer bewegt die SW&amp;D\",\"item\":\"https:\/\/www.swud.org\/swud\/wer-bewegt-die-swud\/\"},{\"@type\":\"ListItem\",\"position\":4,\"name\":\"Beirat\",\"item\":\"https:\/\/www.swud.org\/swud\/wer-bewegt-die-swud\/beirat\/\"},{\"@type\":\"ListItem\",\"position\":5,\"name\":\"Profil von Prof. Dr. Andrea Gawrich\"}]},{\"@type\":\"WebSite\",\"@id\":\"https:\/\/www.swud.org\/#website\",\"url\":\"https:\/\/www.swud.org\/\",\"name\":\"Stiftung Wissenschaft und Demokratie\",\"description\":\"\",\"potentialAction\":[{\"@type\":\"SearchAction\",\"target\":{\"@type\":\"EntryPoint\",\"urlTemplate\":\"https:\/\/www.swud.org\/?s={search_term_string}\"},\"query-input\":{\"@type\":\"PropertyValueSpecification\",\"valueRequired\":true,\"valueName\":\"search_term_string\"}}],\"inLanguage\":\"en-GB\"}]}<\/script>\n<!-- \/ Yoast SEO plugin. -->","yoast_head_json":{"title":"Profile of Prof Dr Andrea Gawrich - Foundation for Science and Democracy","robots":{"index":"index","follow":"follow","max-snippet":"max-snippet:-1","max-image-preview":"max-image-preview:large","max-video-preview":"max-video-preview:-1"},"canonical":"https:\/\/www.swud.org\/en\/swud\/wer-bewegt-die-swud\/beirat\/profil-von-prof-dr-andrea-gawrich\/","og_locale":"en_GB","og_type":"article","og_title":"Profil von Prof. Dr. Andrea Gawrich - Stiftung Wissenschaft und Demokratie","og_description":"Stiftung Wissenschaft und Demokratie Prof. Dr. Andrea Gawrich Prof. Dr. Andrea Gawrich ist Professorin f\u00fcr Internationale Integration mit besonderem Bezug auf das \u00f6stliche Europa an der Justus-Liebig-Universit\u00e4t Gie\u00dfen. Sie forscht zu den Schwerpunkten Demokratief\u00f6rderung, Sicherheitspolitik, Konfliktforschung sowie zu EU, OSZE, Europarat und NATO. Aktuell leitet sie das EU-Projekt SHAPEDEM-EU zur Demokratief\u00f6rderung in der EU-Nachbarschaft. Im [&hellip;]","og_url":"https:\/\/www.swud.org\/en\/swud\/wer-bewegt-die-swud\/beirat\/profil-von-prof-dr-andrea-gawrich\/","og_site_name":"Stiftung Wissenschaft und Demokratie","article_modified_time":"2025-10-21T08:36:34+00:00","og_image":[{"width":409,"height":426,"url":"https:\/\/www.swud.org\/wp-content\/uploads\/2025\/10\/Foto_Andrea_Gawrich.jpg","type":"image\/jpeg"}],"twitter_card":"summary_large_image","twitter_misc":{"Est. reading time":"2 minutes"},"schema":{"@context":"https:\/\/schema.org","@graph":[{"@type":"WebPage","@id":"https:\/\/www.swud.org\/swud\/wer-bewegt-die-swud\/beirat\/profil-von-prof-dr-andrea-gawrich\/","url":"https:\/\/www.swud.org\/swud\/wer-bewegt-die-swud\/beirat\/profil-von-prof-dr-andrea-gawrich\/","name":"Profile of Prof Dr Andrea Gawrich - Foundation for Science and Democracy","isPartOf":{"@id":"https:\/\/www.swud.org\/#website"},"primaryImageOfPage":{"@id":"https:\/\/www.swud.org\/swud\/wer-bewegt-die-swud\/beirat\/profil-von-prof-dr-andrea-gawrich\/#primaryimage"},"image":{"@id":"https:\/\/www.swud.org\/swud\/wer-bewegt-die-swud\/beirat\/profil-von-prof-dr-andrea-gawrich\/#primaryimage"},"thumbnailUrl":"https:\/\/www.swud.org\/wp-content\/uploads\/2025\/10\/Foto_Andrea_Gawrich.jpg","datePublished":"2025-08-22T08:27:49+00:00","dateModified":"2025-10-21T08:36:34+00:00","breadcrumb":{"@id":"https:\/\/www.swud.org\/swud\/wer-bewegt-die-swud\/beirat\/profil-von-prof-dr-andrea-gawrich\/#breadcrumb"},"inLanguage":"en-GB","potentialAction":[{"@type":"ReadAction","target":["https:\/\/www.swud.org\/swud\/wer-bewegt-die-swud\/beirat\/profil-von-prof-dr-andrea-gawrich\/"]}]},{"@type":"ImageObject","inLanguage":"en-GB","@id":"https:\/\/www.swud.org\/swud\/wer-bewegt-die-swud\/beirat\/profil-von-prof-dr-andrea-gawrich\/#primaryimage","url":"https:\/\/www.swud.org\/wp-content\/uploads\/2025\/10\/Foto_Andrea_Gawrich.jpg","contentUrl":"https:\/\/www.swud.org\/wp-content\/uploads\/2025\/10\/Foto_Andrea_Gawrich.jpg"},{"@type":"BreadcrumbList","@id":"https:\/\/www.swud.org\/swud\/wer-bewegt-die-swud\/beirat\/profil-von-prof-dr-andrea-gawrich\/#breadcrumb","itemListElement":[{"@type":"ListItem","position":1,"name":"Startseite","item":"https:\/\/www.swud.org\/"},{"@type":"ListItem","position":2,"name":"SW&amp;D","item":"https:\/\/www.swud.org\/swud\/"},{"@type":"ListItem","position":3,"name":"Wer bewegt die SW&amp;D","item":"https:\/\/www.swud.org\/swud\/wer-bewegt-die-swud\/"},{"@type":"ListItem","position":4,"name":"Beirat","item":"https:\/\/www.swud.org\/swud\/wer-bewegt-die-swud\/beirat\/"},{"@type":"ListItem","position":5,"name":"Profil von Prof. Dr. Andrea Gawrich"}]},{"@type":"WebSite","@id":"https:\/\/www.swud.org\/#website","url":"https:\/\/www.swud.org\/","name":"Foundation Science and Democracy","description":"","potentialAction":[{"@type":"SearchAction","target":{"@type":"EntryPoint","urlTemplate":"https:\/\/www.swud.org\/?s={search_term_string}"},"query-input":{"@type":"PropertyValueSpecification","valueRequired":true,"valueName":"search_term_string"}}],"inLanguage":"en-GB"}]}},"_links":{"self":[{"href":"https:\/\/www.swud.org\/en\/wp-json\/wp\/v2\/pages\/9473","targetHints":{"allow":["GET"]}}],"collection":[{"href":"https:\/\/www.swud.org\/en\/wp-json\/wp\/v2\/pages"}],"about":[{"href":"https:\/\/www.swud.org\/en\/wp-json\/wp\/v2\/types\/page"}],"author":[{"embeddable":true,"href":"https:\/\/www.swud.org\/en\/wp-json\/wp\/v2\/users\/3"}],"replies":[{"embeddable":true,"href":"https:\/\/www.swud.org\/en\/wp-json\/wp\/v2\/comments?post=9473"}],"version-history":[{"count":13,"href":"https:\/\/www.swud.org\/en\/wp-json\/wp\/v2\/pages\/9473\/revisions"}],"predecessor-version":[{"id":9638,"href":"https:\/\/www.swud.org\/en\/wp-json\/wp\/v2\/pages\/9473\/revisions\/9638"}],"up":[{"embeddable":true,"href":"https:\/\/www.swud.org\/en\/wp-json\/wp\/v2\/pages\/701"}],"wp:attachment":[{"href":"https:\/\/www.swud.org\/en\/wp-json\/wp\/v2\/media?parent=9473"}],"curies":[{"name":"wp","href":"https:\/\/api.w.org\/{rel}","templated":true}]}}